{"id":1128,"date":"2022-02-03T09:53:34","date_gmt":"2022-02-03T09:53:34","guid":{"rendered":"http:\/\/localhost\/wp\/inoof\/events\/"},"modified":"2025-11-03T04:58:11","modified_gmt":"2025-11-03T04:58:11","slug":"events","status":"publish","type":"page","link":"https:\/\/inoof.edu.dz\/?page_id=1128","title":{"rendered":"Nos Campus"},"content":{"rendered":"\t\t<div data-elementor-type=\"wp-page\" data-elementor-id=\"1128\" class=\"elementor elementor-1128\">\n\t\t\t\t<div class=\"elementor-element elementor-element-992288e e-flex e-con-boxed e-con e-parent\" data-id=\"992288e\" data-element_type=\"container\" data-e-type=\"container\">\n\t\t\t\t\t<div class=\"e-con-inner\">\n\t\t\t\t<div class=\"elementor-element elementor-element-60e9a9d eael-dual-header-content-align-center elementor-widget elementor-widget-eael-dual-color-header\" data-id=\"60e9a9d\" data-element_type=\"widget\" data-e-type=\"widget\" data-widget_type=\"eael-dual-color-header.default\">\n\t\t\t\t<div class=\"elementor-widget-container\">\n\t\t\t\t\t\t\t\t<div class=\"eael-dual-header\">\n\t\t\t\t<h2 class=\"title eael-dch-title\"><span class=\"eael-dch-title-text eael-dch-title-lead lead solid-color\">Notre<\/span> <span class=\"eael-dch-title-text\">Campus<\/span><\/h2><div class=\"eael-dch-separator-wrap\"><span class=\"separator-one\"><\/span>\n\t\t\t<span class=\"separator-two\"><\/span><\/div>\t\t\t\t\t<span class=\"subtext\"><p>Situ\u00e9 \u00e0 Ouled Fayet, au c\u0153ur de la capitale, le campus de l\u2019Institut d\u2019Optom\u00e9trie d\u2019Ouled Fayet (INOOF) offre un cadre d\u2019apprentissage moderne, fonctionnel et convivial.<\/p><\/span>\n\t\t\t\t\t\t\t\t\t<span class=\"eael-dch-svg-icon\"><svg aria-hidden=\"true\" class=\"e-font-icon-svg e-fas-caret-down\" viewBox=\"0 0 320 512\" xmlns=\"http:\/\/www.w3.org\/2000\/svg\"><path d=\"M31.3 192h257.3c17.8 0 26.7 21.5 14.1 34.1L174.1 354.8c-7.8 7.8-20.5 7.8-28.3 0L17.2 226.1C4.6 213.5 13.5 192 31.3 192z\"><\/path><\/svg><\/span>\t\t\t\t\t\t\t<\/div>\n\n\t\t\t\t\t\t<\/div>\n\t\t\t\t<\/div>\n\t\t\t\t\t<\/div>\n\t\t\t\t<\/div>\n\t\t<div class=\"elementor-element elementor-element-3a371a7 e-flex e-con-boxed e-con e-parent\" data-id=\"3a371a7\" data-element_type=\"container\" data-e-type=\"container\">\n\t\t\t\t\t<div class=\"e-con-inner\">\n\t\t\t\t<div class=\"elementor-element elementor-element-c5cfa6d elementor-widget elementor-widget-text-editor\" data-id=\"c5cfa6d\" data-element_type=\"widget\" data-e-type=\"widget\" data-widget_type=\"text-editor.default\">\n\t\t\t\t<div class=\"elementor-widget-container\">\n\t\t\t\t\t\t\t\t\t<p data-start=\"228\" data-end=\"438\">Situ\u00e9 \u00e0 Ouled Fayet, le campus de l\u2019Institut d\u2019Optom\u00e9trie d\u2019Ouled Fayet (INOOF) offre un cadre d\u2019apprentissage moderne, accueillant et parfaitement adapt\u00e9 \u00e0 la formation des futurs opticiens et optom\u00e9tristes.<\/p><p data-start=\"440\" data-end=\"768\">L\u2019institut dispose d\u2019infrastructures p\u00e9dagogiques compl\u00e8tes : une dizaine de salles de cours, deux amphith\u00e9\u00e2tres enti\u00e8rement \u00e9quip\u00e9s, ainsi que quatre laboratoires sp\u00e9cialis\u00e9s en <strong data-start=\"621\" data-end=\"635\">optom\u00e9trie<\/strong>, <strong data-start=\"637\" data-end=\"651\">lunetterie<\/strong>, <strong data-start=\"653\" data-end=\"663\">chimie<\/strong> et <strong data-start=\"667\" data-end=\"678\">optique,<\/strong>\u00a0 permettant aux \u00e9tudiants d\u2019allier th\u00e9orie et pratique dans les meilleures conditions.<\/p><p data-start=\"770\" data-end=\"963\">Un <strong data-start=\"773\" data-end=\"797\">grand foyer \u00e9tudiant<\/strong>, des <strong data-start=\"803\" data-end=\"825\">espaces de d\u00e9tente<\/strong> et une <strong data-start=\"833\" data-end=\"856\">r\u00e9sidence s\u00e9curis\u00e9e<\/strong> viennent compl\u00e9ter ce cadre, favorisant la convivialit\u00e9, la concentration et l\u2019\u00e9panouissement de chacun.<\/p><p data-start=\"965\" data-end=\"1153\">L\u2019INOOF met un point d\u2019honneur \u00e0 offrir \u00e0 ses \u00e9tudiants un environnement o\u00f9 l\u2019excellence acad\u00e9mique rencontre la pratique professionnelle, pour former les acteurs de la vision de demain.<\/p>\t\t\t\t\t\t\t\t<\/div>\n\t\t\t\t<\/div>\n\t\t\t\t\t<\/div>\n\t\t\t\t<\/div>\n\t\t<div class=\"elementor-element elementor-element-c96553a e-flex e-con-boxed e-con e-parent\" data-id=\"c96553a\" data-element_type=\"container\" data-e-type=\"container\">\n\t\t\t\t\t<div class=\"e-con-inner\">\n\t\t\t\t<div class=\"elementor-element elementor-element-69fa3a9 elementor-arrows-position-inside elementor-pagination-position-outside elementor-widget elementor-widget-image-carousel\" data-id=\"69fa3a9\" data-element_type=\"widget\" data-e-type=\"widget\" data-settings=\"{&quot;navigation&quot;:&quot;both&quot;,&quot;autoplay&quot;:&quot;yes&quot;,&quot;pause_on_hover&quot;:&quot;yes&quot;,&quot;pause_on_interaction&quot;:&quot;yes&quot;,&quot;autoplay_speed&quot;:5000,&quot;infinite&quot;:&quot;yes&quot;,&quot;speed&quot;:500}\" data-widget_type=\"image-carousel.default\">\n\t\t\t\t<div class=\"elementor-widget-container\">\n\t\t\t\t\t\t\t<div class=\"elementor-image-carousel-wrapper swiper\" role=\"region\" aria-roledescription=\"carousel\" aria-label=\"Image Carousel\" dir=\"ltr\">\n\t\t\t<div class=\"elementor-image-carousel swiper-wrapper\" aria-live=\"off\">\n\t\t\t\t\t\t\t\t<div class=\"swiper-slide\" role=\"group\" aria-roledescription=\"slide\" aria-label=\"1 of 3\"><a data-elementor-open-lightbox=\"yes\" data-elementor-lightbox-slideshow=\"69fa3a9\" data-e-action-hash=\"#elementor-action%3Aaction%3Dlightbox%26settings%3DeyJpZCI6NDQyNywidXJsIjoiaHR0cHM6XC9cL2lub29mLmVkdS5kelwvd3AtY29udGVudFwvdXBsb2Fkc1wvMjAyNVwvMTFcLzQ4NDM0NDk3OV82Nzg3NjkyNjQ0OTE4OTRfMzIyOTU0OTI3ODcwNTgwNDE3OV9uLmpwZyIsInNsaWRlc2hvdyI6IjY5ZmEzYTkifQ%3D%3D\" href=\"https:\/\/inoof.edu.dz\/wp-content\/uploads\/2025\/11\/484344979_678769264491894_3229549278705804179_n.jpg\"><figure class=\"swiper-slide-inner\"><img decoding=\"async\" class=\"swiper-slide-image\" src=\"https:\/\/inoof.edu.dz\/wp-content\/uploads\/2025\/11\/484344979_678769264491894_3229549278705804179_n-1170x650.jpg\" alt=\"484344979_678769264491894_3229549278705804179_n\" \/><\/figure><\/a><\/div><div class=\"swiper-slide\" role=\"group\" aria-roledescription=\"slide\" aria-label=\"2 of 3\"><a data-elementor-open-lightbox=\"yes\" data-elementor-lightbox-slideshow=\"69fa3a9\" data-e-action-hash=\"#elementor-action%3Aaction%3Dlightbox%26settings%3DeyJpZCI6NDQyOSwidXJsIjoiaHR0cHM6XC9cL2lub29mLmVkdS5kelwvd3AtY29udGVudFwvdXBsb2Fkc1wvMjAyNVwvMTFcLzQ5NDcwNzM2NF83MTQ2Mzg1MDc1NzE2MzZfNTgwOTQ0OTAyNjQ2MjI4NDcyNF9uLmpwZyIsInNsaWRlc2hvdyI6IjY5ZmEzYTkifQ%3D%3D\" href=\"https:\/\/inoof.edu.dz\/wp-content\/uploads\/2025\/11\/494707364_714638507571636_5809449026462284724_n.jpg\"><figure class=\"swiper-slide-inner\"><img decoding=\"async\" class=\"swiper-slide-image\" src=\"https:\/\/inoof.edu.dz\/wp-content\/uploads\/2025\/11\/494707364_714638507571636_5809449026462284724_n-1170x650.jpg\" alt=\"494707364_714638507571636_5809449026462284724_n\" \/><\/figure><\/a><\/div><div class=\"swiper-slide\" role=\"group\" aria-roledescription=\"slide\" aria-label=\"3 of 3\"><a data-elementor-open-lightbox=\"yes\" data-elementor-lightbox-slideshow=\"69fa3a9\" data-e-action-hash=\"#elementor-action%3Aaction%3Dlightbox%26settings%3DeyJpZCI6NDQyOCwidXJsIjoiaHR0cHM6XC9cL2lub29mLmVkdS5kelwvd3AtY29udGVudFwvdXBsb2Fkc1wvMjAyNVwvMTFcLzQ5NDIxNDI5N183MTQ2Mzg0ODA5MDQ5NzJfOTIwMzQ5MzU5Mzg5MjE2NzI5X24uanBnIiwic2xpZGVzaG93IjoiNjlmYTNhOSJ9\" href=\"https:\/\/inoof.edu.dz\/wp-content\/uploads\/2025\/11\/494214297_714638480904972_920349359389216729_n.jpg\"><figure class=\"swiper-slide-inner\"><img decoding=\"async\" class=\"swiper-slide-image\" src=\"https:\/\/inoof.edu.dz\/wp-content\/uploads\/2025\/11\/494214297_714638480904972_920349359389216729_n-1152x650.jpg\" alt=\"494214297_714638480904972_920349359389216729_n\" \/><\/figure><\/a><\/div>\t\t\t<\/div>\n\t\t\t\t\t\t\t\t\t\t\t\t<div class=\"elementor-swiper-button elementor-swiper-button-prev\" role=\"button\" tabindex=\"0\">\n\t\t\t\t\t\t<svg aria-hidden=\"true\" class=\"e-font-icon-svg e-eicon-chevron-left\" viewBox=\"0 0 1000 1000\" xmlns=\"http:\/\/www.w3.org\/2000\/svg\"><path d=\"M646 125C629 125 613 133 604 142L308 442C296 454 292 471 292 487 292 504 296 521 308 533L604 854C617 867 629 875 646 875 663 875 679 871 692 858 704 846 713 829 713 812 713 796 708 779 692 767L438 487 692 225C700 217 708 204 708 187 708 171 704 154 692 142 675 129 663 125 646 125Z\"><\/path><\/svg>\t\t\t\t\t<\/div>\n\t\t\t\t\t<div class=\"elementor-swiper-button elementor-swiper-button-next\" role=\"button\" tabindex=\"0\">\n\t\t\t\t\t\t<svg aria-hidden=\"true\" class=\"e-font-icon-svg e-eicon-chevron-right\" viewBox=\"0 0 1000 1000\" xmlns=\"http:\/\/www.w3.org\/2000\/svg\"><path d=\"M696 533C708 521 713 504 713 487 713 471 708 454 696 446L400 146C388 133 375 125 354 125 338 125 325 129 313 142 300 154 292 171 292 187 292 204 296 221 308 233L563 492 304 771C292 783 288 800 288 817 288 833 296 850 308 863 321 871 338 875 354 875 371 875 388 867 400 854L696 533Z\"><\/path><\/svg>\t\t\t\t\t<\/div>\n\t\t\t\t\n\t\t\t\t\t\t\t\t\t<div class=\"swiper-pagination\"><\/div>\n\t\t\t\t\t\t\t\t\t<\/div>\n\t\t\t\t\t\t<\/div>\n\t\t\t\t<\/div>\n\t\t\t\t\t<\/div>\n\t\t\t\t<\/div>\n\t\t\t\t<\/div>\n\t\t","protected":false},"excerpt":{"rendered":"<p>Notre Campus Situ\u00e9 \u00e0 Ouled Fayet, au c\u0153ur de la capitale, le campus de l\u2019Institut d\u2019Optom\u00e9trie d\u2019Ouled Fayet (INOOF) offre un cadre d\u2019apprentissage moderne, fonctionnel et convivial. Situ\u00e9 \u00e0 Ouled [&hellip;]<\/p>\n","protected":false},"author":1,"featured_media":0,"parent":0,"menu_order":0,"comment_status":"closed","ping_status":"closed","template":"","meta":{"_eb_attr":"","breadcrumbs_single_post":"","page_title_panel":"","breadcrumbs_single_page":"","single_page_alignment":"","single_page_margin":"","page_structure_type":"","content_style_source":"","content_style":"","blog_post_streched_ed":"","blog_page_streched_ed":"","has_transparent_header":"","disable_transparent_header":"","vertical_spacing_source":"","content_area_spacing":"","single_post_content_background":"","single_page_content_background":"","single_post_boxed_content_spacing":"","single_page_boxed_content_spacing":"","single_post_content_boxed_radius":"","single_page_content_boxed_radius":"","disable_featured_image":"","disable_post_tags":"","disable_author_box":"","disable_posts_navigation":"","disable_comments":"","disable_related_posts":"","disable_header":"","disable_footer":"","footnotes":""},"class_list":["post-1128","page","type-page","status-publish","hentry","rishi-post","no-post-thumbnail"],"yoast_head":"<!-- This site is optimized with the Yoast SEO plugin v27.6 - https:\/\/yoast.com\/product\/yoast-seo-wordpress\/ -->\n<title>Nos Campus - INOOF<\/title>\n<meta name=\"robots\" content=\"index, follow, max-snippet:-1, max-image-preview:large, max-video-preview:-1\" \/>\n<link rel=\"canonical\" href=\"https:\/\/inoof.edu.dz\/?page_id=1128\" \/>\n<meta property=\"og:locale\" content=\"en_US\" \/>\n<meta property=\"og:type\" content=\"article\" \/>\n<meta property=\"og:title\" content=\"Nos Campus - INOOF\" \/>\n<meta property=\"og:description\" content=\"Notre Campus Situ\u00e9 \u00e0 Ouled Fayet, au c\u0153ur de la capitale, le campus de l\u2019Institut d\u2019Optom\u00e9trie d\u2019Ouled Fayet (INOOF) offre un cadre d\u2019apprentissage moderne, fonctionnel et convivial. Situ\u00e9 \u00e0 Ouled [&hellip;]\" \/>\n<meta property=\"og:url\" content=\"https:\/\/inoof.edu.dz\/?page_id=1128\" \/>\n<meta property=\"og:site_name\" content=\"INOOF\" \/>\n<meta property=\"article:publisher\" content=\"https:\/\/www.facebook.com\/profile.php?id=100070764799497\" \/>\n<meta property=\"article:modified_time\" content=\"2025-11-03T04:58:11+00:00\" \/>\n<meta property=\"og:image\" content=\"https:\/\/inoof.edu.dz\/wp-content\/uploads\/2025\/11\/484344979_678769264491894_3229549278705804179_n-1170x650.jpg\" \/>\n<meta name=\"twitter:card\" content=\"summary_large_image\" \/>\n<meta name=\"twitter:label1\" content=\"Est. reading time\" \/>\n\t<meta name=\"twitter:data1\" content=\"3 minutes\" \/>\n<script type=\"application\/ld+json\" class=\"yoast-schema-graph\">{\"@context\":\"https:\\\/\\\/schema.org\",\"@graph\":[{\"@type\":\"WebPage\",\"@id\":\"https:\\\/\\\/inoof.edu.dz\\\/?page_id=1128\",\"url\":\"https:\\\/\\\/inoof.edu.dz\\\/?page_id=1128\",\"name\":\"Nos Campus - INOOF\",\"isPartOf\":{\"@id\":\"https:\\\/\\\/inoof.edu.dz\\\/#website\"},\"primaryImageOfPage\":{\"@id\":\"https:\\\/\\\/inoof.edu.dz\\\/?page_id=1128#primaryimage\"},\"image\":{\"@id\":\"https:\\\/\\\/inoof.edu.dz\\\/?page_id=1128#primaryimage\"},\"thumbnailUrl\":\"https:\\\/\\\/inoof.edu.dz\\\/wp-content\\\/uploads\\\/2025\\\/11\\\/484344979_678769264491894_3229549278705804179_n-1170x650.jpg\",\"datePublished\":\"2022-02-03T09:53:34+00:00\",\"dateModified\":\"2025-11-03T04:58:11+00:00\",\"breadcrumb\":{\"@id\":\"https:\\\/\\\/inoof.edu.dz\\\/?page_id=1128#breadcrumb\"},\"inLanguage\":\"en-US\",\"potentialAction\":[{\"@type\":\"ReadAction\",\"target\":[\"https:\\\/\\\/inoof.edu.dz\\\/?page_id=1128\"]}]},{\"@type\":\"ImageObject\",\"inLanguage\":\"en-US\",\"@id\":\"https:\\\/\\\/inoof.edu.dz\\\/?page_id=1128#primaryimage\",\"url\":\"https:\\\/\\\/inoof.edu.dz\\\/wp-content\\\/uploads\\\/2025\\\/11\\\/484344979_678769264491894_3229549278705804179_n.jpg\",\"contentUrl\":\"https:\\\/\\\/inoof.edu.dz\\\/wp-content\\\/uploads\\\/2025\\\/11\\\/484344979_678769264491894_3229549278705804179_n.jpg\",\"width\":2048,\"height\":1367},{\"@type\":\"BreadcrumbList\",\"@id\":\"https:\\\/\\\/inoof.edu.dz\\\/?page_id=1128#breadcrumb\",\"itemListElement\":[{\"@type\":\"ListItem\",\"position\":1,\"name\":\"Home\",\"item\":\"https:\\\/\\\/inoof.edu.dz\\\/\"},{\"@type\":\"ListItem\",\"position\":2,\"name\":\"Nos Campus\"}]},{\"@type\":\"WebSite\",\"@id\":\"https:\\\/\\\/inoof.edu.dz\\\/#website\",\"url\":\"https:\\\/\\\/inoof.edu.dz\\\/\",\"name\":\"INOOF\",\"description\":\"\",\"publisher\":{\"@id\":\"https:\\\/\\\/inoof.edu.dz\\\/#organization\"},\"potentialAction\":[{\"@type\":\"SearchAction\",\"target\":{\"@type\":\"EntryPoint\",\"urlTemplate\":\"https:\\\/\\\/inoof.edu.dz\\\/?s={search_term_string}\"},\"query-input\":{\"@type\":\"PropertyValueSpecification\",\"valueRequired\":true,\"valueName\":\"search_term_string\"}}],\"inLanguage\":\"en-US\"},{\"@type\":\"Organization\",\"@id\":\"https:\\\/\\\/inoof.edu.dz\\\/#organization\",\"name\":\"INOOF\",\"url\":\"https:\\\/\\\/inoof.edu.dz\\\/\",\"logo\":{\"@type\":\"ImageObject\",\"inLanguage\":\"en-US\",\"@id\":\"https:\\\/\\\/inoof.edu.dz\\\/#\\\/schema\\\/logo\\\/image\\\/\",\"url\":\"https:\\\/\\\/inoof.edu.dz\\\/new-website\\\/wp-content\\\/uploads\\\/2025\\\/02\\\/inoof-trans-logo.png\",\"contentUrl\":\"https:\\\/\\\/inoof.edu.dz\\\/new-website\\\/wp-content\\\/uploads\\\/2025\\\/02\\\/inoof-trans-logo.png\",\"width\":500,\"height\":199,\"caption\":\"INOOF\"},\"image\":{\"@id\":\"https:\\\/\\\/inoof.edu.dz\\\/#\\\/schema\\\/logo\\\/image\\\/\"},\"sameAs\":[\"https:\\\/\\\/www.facebook.com\\\/profile.php?id=100070764799497\",\"https:\\\/\\\/www.instagram.com\\\/institutinoof\\\/\"]}]}<\/script>\n<!-- \/ Yoast SEO plugin. -->","yoast_head_json":{"title":"Nos Campus - INOOF","robots":{"index":"index","follow":"follow","max-snippet":"max-snippet:-1","max-image-preview":"max-image-preview:large","max-video-preview":"max-video-preview:-1"},"canonical":"https:\/\/inoof.edu.dz\/?page_id=1128","og_locale":"en_US","og_type":"article","og_title":"Nos Campus - INOOF","og_description":"Notre Campus Situ\u00e9 \u00e0 Ouled Fayet, au c\u0153ur de la capitale, le campus de l\u2019Institut d\u2019Optom\u00e9trie d\u2019Ouled Fayet (INOOF) offre un cadre d\u2019apprentissage moderne, fonctionnel et convivial. Situ\u00e9 \u00e0 Ouled [&hellip;]","og_url":"https:\/\/inoof.edu.dz\/?page_id=1128","og_site_name":"INOOF","article_publisher":"https:\/\/www.facebook.com\/profile.php?id=100070764799497","article_modified_time":"2025-11-03T04:58:11+00:00","og_image":[{"url":"https:\/\/inoof.edu.dz\/wp-content\/uploads\/2025\/11\/484344979_678769264491894_3229549278705804179_n-1170x650.jpg","type":"","width":"","height":""}],"twitter_card":"summary_large_image","twitter_misc":{"Est. reading time":"3 minutes"},"schema":{"@context":"https:\/\/schema.org","@graph":[{"@type":"WebPage","@id":"https:\/\/inoof.edu.dz\/?page_id=1128","url":"https:\/\/inoof.edu.dz\/?page_id=1128","name":"Nos Campus - INOOF","isPartOf":{"@id":"https:\/\/inoof.edu.dz\/#website"},"primaryImageOfPage":{"@id":"https:\/\/inoof.edu.dz\/?page_id=1128#primaryimage"},"image":{"@id":"https:\/\/inoof.edu.dz\/?page_id=1128#primaryimage"},"thumbnailUrl":"https:\/\/inoof.edu.dz\/wp-content\/uploads\/2025\/11\/484344979_678769264491894_3229549278705804179_n-1170x650.jpg","datePublished":"2022-02-03T09:53:34+00:00","dateModified":"2025-11-03T04:58:11+00:00","breadcrumb":{"@id":"https:\/\/inoof.edu.dz\/?page_id=1128#breadcrumb"},"inLanguage":"en-US","potentialAction":[{"@type":"ReadAction","target":["https:\/\/inoof.edu.dz\/?page_id=1128"]}]},{"@type":"ImageObject","inLanguage":"en-US","@id":"https:\/\/inoof.edu.dz\/?page_id=1128#primaryimage","url":"https:\/\/inoof.edu.dz\/wp-content\/uploads\/2025\/11\/484344979_678769264491894_3229549278705804179_n.jpg","contentUrl":"https:\/\/inoof.edu.dz\/wp-content\/uploads\/2025\/11\/484344979_678769264491894_3229549278705804179_n.jpg","width":2048,"height":1367},{"@type":"BreadcrumbList","@id":"https:\/\/inoof.edu.dz\/?page_id=1128#breadcrumb","itemListElement":[{"@type":"ListItem","position":1,"name":"Home","item":"https:\/\/inoof.edu.dz\/"},{"@type":"ListItem","position":2,"name":"Nos Campus"}]},{"@type":"WebSite","@id":"https:\/\/inoof.edu.dz\/#website","url":"https:\/\/inoof.edu.dz\/","name":"INOOF","description":"","publisher":{"@id":"https:\/\/inoof.edu.dz\/#organization"},"potentialAction":[{"@type":"SearchAction","target":{"@type":"EntryPoint","urlTemplate":"https:\/\/inoof.edu.dz\/?s={search_term_string}"},"query-input":{"@type":"PropertyValueSpecification","valueRequired":true,"valueName":"search_term_string"}}],"inLanguage":"en-US"},{"@type":"Organization","@id":"https:\/\/inoof.edu.dz\/#organization","name":"INOOF","url":"https:\/\/inoof.edu.dz\/","logo":{"@type":"ImageObject","inLanguage":"en-US","@id":"https:\/\/inoof.edu.dz\/#\/schema\/logo\/image\/","url":"https:\/\/inoof.edu.dz\/new-website\/wp-content\/uploads\/2025\/02\/inoof-trans-logo.png","contentUrl":"https:\/\/inoof.edu.dz\/new-website\/wp-content\/uploads\/2025\/02\/inoof-trans-logo.png","width":500,"height":199,"caption":"INOOF"},"image":{"@id":"https:\/\/inoof.edu.dz\/#\/schema\/logo\/image\/"},"sameAs":["https:\/\/www.facebook.com\/profile.php?id=100070764799497","https:\/\/www.instagram.com\/institutinoof\/"]}]}},"_links":{"self":[{"href":"https:\/\/inoof.edu.dz\/index.php?rest_route=\/wp\/v2\/pages\/1128","targetHints":{"allow":["GET"]}}],"collection":[{"href":"https:\/\/inoof.edu.dz\/index.php?rest_route=\/wp\/v2\/pages"}],"about":[{"href":"https:\/\/inoof.edu.dz\/index.php?rest_route=\/wp\/v2\/types\/page"}],"author":[{"embeddable":true,"href":"https:\/\/inoof.edu.dz\/index.php?rest_route=\/wp\/v2\/users\/1"}],"replies":[{"embeddable":true,"href":"https:\/\/inoof.edu.dz\/index.php?rest_route=%2Fwp%2Fv2%2Fcomments&post=1128"}],"version-history":[{"count":18,"href":"https:\/\/inoof.edu.dz\/index.php?rest_route=\/wp\/v2\/pages\/1128\/revisions"}],"predecessor-version":[{"id":4432,"href":"https:\/\/inoof.edu.dz\/index.php?rest_route=\/wp\/v2\/pages\/1128\/revisions\/4432"}],"wp:attachment":[{"href":"https:\/\/inoof.edu.dz\/index.php?rest_route=%2Fwp%2Fv2%2Fmedia&parent=1128"}],"curies":[{"name":"wp","href":"https:\/\/api.w.org\/{rel}","templated":true}]}}