{"id":2,"date":"2025-02-13T13:47:58","date_gmt":"2025-02-13T13:47:58","guid":{"rendered":"http:\/\/localhost\/wp\/inoof\/?page_id=2"},"modified":"2025-11-03T04:11:45","modified_gmt":"2025-11-03T04:11:45","slug":"sample-page","status":"publish","type":"page","link":"https:\/\/inoof.edu.dz\/?page_id=2","title":{"rendered":"Mot du fondateur"},"content":{"rendered":"\t\t<div data-elementor-type=\"wp-page\" data-elementor-id=\"2\" class=\"elementor elementor-2\">\n\t\t\t\t<div class=\"elementor-element elementor-element-81cdd10 e-flex e-con-boxed e-con e-parent\" data-id=\"81cdd10\" data-element_type=\"container\" data-e-type=\"container\">\n\t\t\t\t\t<div class=\"e-con-inner\">\n\t\t\t\t<div class=\"elementor-element elementor-element-a76afd0 eael-dual-header-content-align-center elementor-widget elementor-widget-eael-dual-color-header\" data-id=\"a76afd0\" data-element_type=\"widget\" data-e-type=\"widget\" data-widget_type=\"eael-dual-color-header.default\">\n\t\t\t\t<div class=\"elementor-widget-container\">\n\t\t\t\t\t\t\t\t<div class=\"eael-dual-header\">\n\t\t\t\t<h2 class=\"title eael-dch-title\"><span class=\"eael-dch-title-text eael-dch-title-lead lead solid-color\">Mot du<\/span> <span class=\"eael-dch-title-text\">fondateur<\/span><\/h2><div class=\"eael-dch-separator-wrap\"><span class=\"separator-one\"><\/span>\n\t\t\t<span class=\"separator-two\"><\/span><\/div>\t\t\t\t\t<span class=\"subtext\"><p>D\u00e9couvrez la vision et les valeurs qui ont guid\u00e9 la cr\u00e9ation de l\u2019Institut d\u2019Optom\u00e9trie d\u2019Ouled Fayet (INOOF) \u00e0 travers le mot de son fondateur, <strong>le Dr Thabti Zakaria<\/strong>, ophtalmologue et initiateur du projet.<\/p><\/span>\n\t\t\t\t\t\t\t\t\t<span class=\"eael-dch-svg-icon\"><svg aria-hidden=\"true\" class=\"e-font-icon-svg e-fas-caret-down\" viewBox=\"0 0 320 512\" xmlns=\"http:\/\/www.w3.org\/2000\/svg\"><path d=\"M31.3 192h257.3c17.8 0 26.7 21.5 14.1 34.1L174.1 354.8c-7.8 7.8-20.5 7.8-28.3 0L17.2 226.1C4.6 213.5 13.5 192 31.3 192z\"><\/path><\/svg><\/span>\t\t\t\t\t\t\t<\/div>\n\n\t\t\t\t\t\t<\/div>\n\t\t\t\t<\/div>\n\t\t\t\t\t<\/div>\n\t\t\t\t<\/div>\n\t\t<div class=\"elementor-element elementor-element-c707a1c e-flex e-con-boxed e-con e-parent\" data-id=\"c707a1c\" data-element_type=\"container\" data-e-type=\"container\">\n\t\t\t\t\t<div class=\"e-con-inner\">\n\t\t<div class=\"elementor-element elementor-element-187b0ba e-con-full e-flex e-con e-child\" data-id=\"187b0ba\" data-element_type=\"container\" data-e-type=\"container\">\n\t\t\t\t<div class=\"elementor-element elementor-element-a9e3e05 elementor-widget elementor-widget-image\" data-id=\"a9e3e05\" data-element_type=\"widget\" data-e-type=\"widget\" data-widget_type=\"image.default\">\n\t\t\t\t<div class=\"elementor-widget-container\">\n\t\t\t\t\t\t\t\t\t\t\t\t\t\t\t<img fetchpriority=\"high\" decoding=\"async\" width=\"750\" height=\"999\" src=\"https:\/\/inoof.edu.dz\/wp-content\/uploads\/2025\/11\/559226614_840309055004580_3729035442633918230_n-769x1024.jpg\" class=\"attachment-large size-large wp-image-4406\" alt=\"\" srcset=\"https:\/\/inoof.edu.dz\/wp-content\/uploads\/2025\/11\/559226614_840309055004580_3729035442633918230_n-769x1024.jpg 769w, https:\/\/inoof.edu.dz\/wp-content\/uploads\/2025\/11\/559226614_840309055004580_3729035442633918230_n-225x300.jpg 225w, https:\/\/inoof.edu.dz\/wp-content\/uploads\/2025\/11\/559226614_840309055004580_3729035442633918230_n-768x1023.jpg 768w, https:\/\/inoof.edu.dz\/wp-content\/uploads\/2025\/11\/559226614_840309055004580_3729035442633918230_n-1154x1536.jpg 1154w, https:\/\/inoof.edu.dz\/wp-content\/uploads\/2025\/11\/559226614_840309055004580_3729035442633918230_n.jpg 1538w\" sizes=\"(max-width: 750px) 100vw, 750px\" \/>\t\t\t\t\t\t\t\t\t\t\t\t\t\t\t<\/div>\n\t\t\t\t<\/div>\n\t\t\t\t<\/div>\n\t\t<div class=\"elementor-element elementor-element-fea4d25 e-con-full e-flex e-con e-child\" data-id=\"fea4d25\" data-element_type=\"container\" data-e-type=\"container\">\n\t\t\t\t<div class=\"elementor-element elementor-element-9f806aa elementor-widget elementor-widget-text-editor\" data-id=\"9f806aa\" data-element_type=\"widget\" data-e-type=\"widget\" data-widget_type=\"text-editor.default\">\n\t\t\t\t<div class=\"elementor-widget-container\">\n\t\t\t\t\t\t\t\t\t<p data-start=\"340\" data-end=\"647\">Lorsque j\u2019ai fond\u00e9 l\u2019Institut d\u2019Optom\u00e9trie d\u2019Ouled Fayet (INOOF) en 2021, mon ambition \u00e9tait claire : cr\u00e9er un espace d\u2019excellence d\u00e9di\u00e9 \u00e0 la formation des futurs professionnels de la vision, capable de r\u00e9pondre aux besoins r\u00e9els du terrain tout en respectant les plus hauts standards de qualit\u00e9 acad\u00e9mique.<\/p><p data-start=\"649\" data-end=\"1064\">\u00c0 travers nos programmes en <strong data-start=\"677\" data-end=\"691\">optom\u00e9trie<\/strong> et en <strong data-start=\"698\" data-end=\"720\">optique lunetterie<\/strong>, nous formons des praticiens comp\u00e9tents, pr\u00e9cis et consciencieux, alliant savoir scientifique et habilet\u00e9 technique. Ces formations, con\u00e7ues avec exigence, permettent \u00e0 chaque \u00e9tudiant d\u2019acqu\u00e9rir une ma\u00eetrise compl\u00e8te du domaine visuel, de la conception des \u00e9quipements optiques \u00e0 la compr\u00e9hension approfondie du fonctionnement visuel humain.<\/p><p data-start=\"1066\" data-end=\"1300\">Depuis notre cr\u00e9ation, nous avons eu le privil\u00e8ge de voir nos dipl\u00f4m\u00e9s s\u2019\u00e9panouir, ouvrir leurs propres laboratoires d\u2019optique, int\u00e9grer le monde professionnel et contribuer activement \u00e0 l\u2019am\u00e9lioration de la sant\u00e9 visuelle en Alg\u00e9rie.<\/p><p data-start=\"1302\" data-end=\"1499\">L\u2019INOOF est bien plus qu\u2019un \u00e9tablissement d\u2019enseignement sup\u00e9rieur : c\u2019est une communaut\u00e9 d\u2019apprentissage, d\u2019\u00e9thique et de passion, o\u00f9 le savoir se met au service de la pr\u00e9cision et de la vision.<\/p><p data-start=\"1501\" data-end=\"1690\">Notre engagement reste le m\u00eame depuis le premier jour : former des opticiens et des optom\u00e9tristes hautement qualifi\u00e9s, port\u00e9s par la rigueur, la curiosit\u00e9 scientifique et le sens du devoir.<\/p><p data-start=\"1692\" data-end=\"1787\"><strong>Dr Thabti Zakaria<\/strong><br data-start=\"1709\" data-end=\"1712\" \/><em>Fondateur de l\u2019Institut d\u2019Optom\u00e9trie d\u2019Ouled Fayet (INOOF)<\/em><\/p>\t\t\t\t\t\t\t\t<\/div>\n\t\t\t\t<\/div>\n\t\t\t\t<\/div>\n\t\t\t\t\t<\/div>\n\t\t\t\t<\/div>\n\t\t\t\t<\/div>\n\t\t","protected":false},"excerpt":{"rendered":"<p>Mot du fondateur D\u00e9couvrez la vision et les valeurs qui ont guid\u00e9 la cr\u00e9ation de l\u2019Institut d\u2019Optom\u00e9trie d\u2019Ouled Fayet (INOOF) \u00e0 travers le mot de son fondateur, le Dr Thabti [&hellip;]<\/p>\n","protected":false},"author":1,"featured_media":0,"parent":0,"menu_order":0,"comment_status":"closed","ping_status":"open","template":"","meta":{"_eb_attr":"","breadcrumbs_single_post":"","page_title_panel":"","breadcrumbs_single_page":"","single_page_alignment":"","single_page_margin":"","page_structure_type":"","content_style_source":"","content_style":"","blog_post_streched_ed":"","blog_page_streched_ed":"","has_transparent_header":"","disable_transparent_header":"","vertical_spacing_source":"","content_area_spacing":"","single_post_content_background":"","single_page_content_background":"","single_post_boxed_content_spacing":"","single_page_boxed_content_spacing":"","single_post_content_boxed_radius":"","single_page_content_boxed_radius":"","disable_featured_image":"","disable_post_tags":"","disable_author_box":"","disable_posts_navigation":"","disable_comments":"","disable_related_posts":"","disable_header":"","disable_footer":"","footnotes":""},"class_list":["post-2","page","type-page","status-publish","hentry","rishi-post","no-post-thumbnail"],"yoast_head":"<!-- This site is optimized with the Yoast SEO plugin v27.6 - https:\/\/yoast.com\/product\/yoast-seo-wordpress\/ -->\n<title>Mot du fondateur - INOOF<\/title>\n<meta name=\"robots\" content=\"index, follow, max-snippet:-1, max-image-preview:large, max-video-preview:-1\" \/>\n<link rel=\"canonical\" href=\"https:\/\/inoof.edu.dz\/?page_id=2\" \/>\n<meta property=\"og:locale\" content=\"en_US\" \/>\n<meta property=\"og:type\" content=\"article\" \/>\n<meta property=\"og:title\" content=\"Mot du fondateur - INOOF\" \/>\n<meta property=\"og:description\" content=\"Mot du fondateur D\u00e9couvrez la vision et les valeurs qui ont guid\u00e9 la cr\u00e9ation de l\u2019Institut d\u2019Optom\u00e9trie d\u2019Ouled Fayet (INOOF) \u00e0 travers le mot de son fondateur, le Dr Thabti [&hellip;]\" \/>\n<meta property=\"og:url\" content=\"https:\/\/inoof.edu.dz\/?page_id=2\" \/>\n<meta property=\"og:site_name\" content=\"INOOF\" \/>\n<meta property=\"article:publisher\" content=\"https:\/\/www.facebook.com\/profile.php?id=100070764799497\" \/>\n<meta property=\"article:modified_time\" content=\"2025-11-03T04:11:45+00:00\" \/>\n<meta property=\"og:image\" content=\"https:\/\/inoof.edu.dz\/wp-content\/uploads\/2025\/11\/559226614_840309055004580_3729035442633918230_n-769x1024.jpg\" \/>\n<meta name=\"twitter:card\" content=\"summary_large_image\" \/>\n<meta name=\"twitter:label1\" content=\"Est. reading time\" \/>\n\t<meta name=\"twitter:data1\" content=\"2 minutes\" \/>\n<script type=\"application\/ld+json\" class=\"yoast-schema-graph\">{\"@context\":\"https:\\\/\\\/schema.org\",\"@graph\":[{\"@type\":\"WebPage\",\"@id\":\"https:\\\/\\\/inoof.edu.dz\\\/?page_id=2\",\"url\":\"https:\\\/\\\/inoof.edu.dz\\\/?page_id=2\",\"name\":\"Mot du fondateur - INOOF\",\"isPartOf\":{\"@id\":\"https:\\\/\\\/inoof.edu.dz\\\/#website\"},\"primaryImageOfPage\":{\"@id\":\"https:\\\/\\\/inoof.edu.dz\\\/?page_id=2#primaryimage\"},\"image\":{\"@id\":\"https:\\\/\\\/inoof.edu.dz\\\/?page_id=2#primaryimage\"},\"thumbnailUrl\":\"https:\\\/\\\/inoof.edu.dz\\\/wp-content\\\/uploads\\\/2025\\\/11\\\/559226614_840309055004580_3729035442633918230_n-769x1024.jpg\",\"datePublished\":\"2025-02-13T13:47:58+00:00\",\"dateModified\":\"2025-11-03T04:11:45+00:00\",\"breadcrumb\":{\"@id\":\"https:\\\/\\\/inoof.edu.dz\\\/?page_id=2#breadcrumb\"},\"inLanguage\":\"en-US\",\"potentialAction\":[{\"@type\":\"ReadAction\",\"target\":[\"https:\\\/\\\/inoof.edu.dz\\\/?page_id=2\"]}]},{\"@type\":\"ImageObject\",\"inLanguage\":\"en-US\",\"@id\":\"https:\\\/\\\/inoof.edu.dz\\\/?page_id=2#primaryimage\",\"url\":\"https:\\\/\\\/inoof.edu.dz\\\/wp-content\\\/uploads\\\/2025\\\/11\\\/559226614_840309055004580_3729035442633918230_n.jpg\",\"contentUrl\":\"https:\\\/\\\/inoof.edu.dz\\\/wp-content\\\/uploads\\\/2025\\\/11\\\/559226614_840309055004580_3729035442633918230_n.jpg\",\"width\":1538,\"height\":2048},{\"@type\":\"BreadcrumbList\",\"@id\":\"https:\\\/\\\/inoof.edu.dz\\\/?page_id=2#breadcrumb\",\"itemListElement\":[{\"@type\":\"ListItem\",\"position\":1,\"name\":\"Home\",\"item\":\"https:\\\/\\\/inoof.edu.dz\\\/\"},{\"@type\":\"ListItem\",\"position\":2,\"name\":\"Mot du fondateur\"}]},{\"@type\":\"WebSite\",\"@id\":\"https:\\\/\\\/inoof.edu.dz\\\/#website\",\"url\":\"https:\\\/\\\/inoof.edu.dz\\\/\",\"name\":\"INOOF\",\"description\":\"\",\"publisher\":{\"@id\":\"https:\\\/\\\/inoof.edu.dz\\\/#organization\"},\"potentialAction\":[{\"@type\":\"SearchAction\",\"target\":{\"@type\":\"EntryPoint\",\"urlTemplate\":\"https:\\\/\\\/inoof.edu.dz\\\/?s={search_term_string}\"},\"query-input\":{\"@type\":\"PropertyValueSpecification\",\"valueRequired\":true,\"valueName\":\"search_term_string\"}}],\"inLanguage\":\"en-US\"},{\"@type\":\"Organization\",\"@id\":\"https:\\\/\\\/inoof.edu.dz\\\/#organization\",\"name\":\"INOOF\",\"url\":\"https:\\\/\\\/inoof.edu.dz\\\/\",\"logo\":{\"@type\":\"ImageObject\",\"inLanguage\":\"en-US\",\"@id\":\"https:\\\/\\\/inoof.edu.dz\\\/#\\\/schema\\\/logo\\\/image\\\/\",\"url\":\"https:\\\/\\\/inoof.edu.dz\\\/new-website\\\/wp-content\\\/uploads\\\/2025\\\/02\\\/inoof-trans-logo.png\",\"contentUrl\":\"https:\\\/\\\/inoof.edu.dz\\\/new-website\\\/wp-content\\\/uploads\\\/2025\\\/02\\\/inoof-trans-logo.png\",\"width\":500,\"height\":199,\"caption\":\"INOOF\"},\"image\":{\"@id\":\"https:\\\/\\\/inoof.edu.dz\\\/#\\\/schema\\\/logo\\\/image\\\/\"},\"sameAs\":[\"https:\\\/\\\/www.facebook.com\\\/profile.php?id=100070764799497\",\"https:\\\/\\\/www.instagram.com\\\/institutinoof\\\/\"]}]}<\/script>\n<!-- \/ Yoast SEO plugin. -->","yoast_head_json":{"title":"Mot du fondateur - INOOF","robots":{"index":"index","follow":"follow","max-snippet":"max-snippet:-1","max-image-preview":"max-image-preview:large","max-video-preview":"max-video-preview:-1"},"canonical":"https:\/\/inoof.edu.dz\/?page_id=2","og_locale":"en_US","og_type":"article","og_title":"Mot du fondateur - INOOF","og_description":"Mot du fondateur D\u00e9couvrez la vision et les valeurs qui ont guid\u00e9 la cr\u00e9ation de l\u2019Institut d\u2019Optom\u00e9trie d\u2019Ouled Fayet (INOOF) \u00e0 travers le mot de son fondateur, le Dr Thabti [&hellip;]","og_url":"https:\/\/inoof.edu.dz\/?page_id=2","og_site_name":"INOOF","article_publisher":"https:\/\/www.facebook.com\/profile.php?id=100070764799497","article_modified_time":"2025-11-03T04:11:45+00:00","og_image":[{"url":"https:\/\/inoof.edu.dz\/wp-content\/uploads\/2025\/11\/559226614_840309055004580_3729035442633918230_n-769x1024.jpg","type":"","width":"","height":""}],"twitter_card":"summary_large_image","twitter_misc":{"Est. reading time":"2 minutes"},"schema":{"@context":"https:\/\/schema.org","@graph":[{"@type":"WebPage","@id":"https:\/\/inoof.edu.dz\/?page_id=2","url":"https:\/\/inoof.edu.dz\/?page_id=2","name":"Mot du fondateur - INOOF","isPartOf":{"@id":"https:\/\/inoof.edu.dz\/#website"},"primaryImageOfPage":{"@id":"https:\/\/inoof.edu.dz\/?page_id=2#primaryimage"},"image":{"@id":"https:\/\/inoof.edu.dz\/?page_id=2#primaryimage"},"thumbnailUrl":"https:\/\/inoof.edu.dz\/wp-content\/uploads\/2025\/11\/559226614_840309055004580_3729035442633918230_n-769x1024.jpg","datePublished":"2025-02-13T13:47:58+00:00","dateModified":"2025-11-03T04:11:45+00:00","breadcrumb":{"@id":"https:\/\/inoof.edu.dz\/?page_id=2#breadcrumb"},"inLanguage":"en-US","potentialAction":[{"@type":"ReadAction","target":["https:\/\/inoof.edu.dz\/?page_id=2"]}]},{"@type":"ImageObject","inLanguage":"en-US","@id":"https:\/\/inoof.edu.dz\/?page_id=2#primaryimage","url":"https:\/\/inoof.edu.dz\/wp-content\/uploads\/2025\/11\/559226614_840309055004580_3729035442633918230_n.jpg","contentUrl":"https:\/\/inoof.edu.dz\/wp-content\/uploads\/2025\/11\/559226614_840309055004580_3729035442633918230_n.jpg","width":1538,"height":2048},{"@type":"BreadcrumbList","@id":"https:\/\/inoof.edu.dz\/?page_id=2#breadcrumb","itemListElement":[{"@type":"ListItem","position":1,"name":"Home","item":"https:\/\/inoof.edu.dz\/"},{"@type":"ListItem","position":2,"name":"Mot du fondateur"}]},{"@type":"WebSite","@id":"https:\/\/inoof.edu.dz\/#website","url":"https:\/\/inoof.edu.dz\/","name":"INOOF","description":"","publisher":{"@id":"https:\/\/inoof.edu.dz\/#organization"},"potentialAction":[{"@type":"SearchAction","target":{"@type":"EntryPoint","urlTemplate":"https:\/\/inoof.edu.dz\/?s={search_term_string}"},"query-input":{"@type":"PropertyValueSpecification","valueRequired":true,"valueName":"search_term_string"}}],"inLanguage":"en-US"},{"@type":"Organization","@id":"https:\/\/inoof.edu.dz\/#organization","name":"INOOF","url":"https:\/\/inoof.edu.dz\/","logo":{"@type":"ImageObject","inLanguage":"en-US","@id":"https:\/\/inoof.edu.dz\/#\/schema\/logo\/image\/","url":"https:\/\/inoof.edu.dz\/new-website\/wp-content\/uploads\/2025\/02\/inoof-trans-logo.png","contentUrl":"https:\/\/inoof.edu.dz\/new-website\/wp-content\/uploads\/2025\/02\/inoof-trans-logo.png","width":500,"height":199,"caption":"INOOF"},"image":{"@id":"https:\/\/inoof.edu.dz\/#\/schema\/logo\/image\/"},"sameAs":["https:\/\/www.facebook.com\/profile.php?id=100070764799497","https:\/\/www.instagram.com\/institutinoof\/"]}]}},"_links":{"self":[{"href":"https:\/\/inoof.edu.dz\/index.php?rest_route=\/wp\/v2\/pages\/2","targetHints":{"allow":["GET"]}}],"collection":[{"href":"https:\/\/inoof.edu.dz\/index.php?rest_route=\/wp\/v2\/pages"}],"about":[{"href":"https:\/\/inoof.edu.dz\/index.php?rest_route=\/wp\/v2\/types\/page"}],"author":[{"embeddable":true,"href":"https:\/\/inoof.edu.dz\/index.php?rest_route=\/wp\/v2\/users\/1"}],"replies":[{"embeddable":true,"href":"https:\/\/inoof.edu.dz\/index.php?rest_route=%2Fwp%2Fv2%2Fcomments&post=2"}],"version-history":[{"count":8,"href":"https:\/\/inoof.edu.dz\/index.php?rest_route=\/wp\/v2\/pages\/2\/revisions"}],"predecessor-version":[{"id":4409,"href":"https:\/\/inoof.edu.dz\/index.php?rest_route=\/wp\/v2\/pages\/2\/revisions\/4409"}],"wp:attachment":[{"href":"https:\/\/inoof.edu.dz\/index.php?rest_route=%2Fwp%2Fv2%2Fmedia&parent=2"}],"curies":[{"name":"wp","href":"https:\/\/api.w.org\/{rel}","templated":true}]}}