{"id":2308,"date":"2025-02-22T16:47:19","date_gmt":"2025-02-22T16:47:19","guid":{"rendered":"http:\/\/localhost\/wp\/inoof\/?page_id=2308"},"modified":"2025-05-07T09:12:17","modified_gmt":"2025-05-07T09:12:17","slug":"limportance-de-loptometrie","status":"publish","type":"page","link":"https:\/\/inoof.edu.dz\/?page_id=2308","title":{"rendered":"QU\u2019EST-CE QUE L\u2019OPTOM\u00c9TRIE ?"},"content":{"rendered":"\t\t<div data-elementor-type=\"wp-page\" data-elementor-id=\"2308\" class=\"elementor elementor-2308\">\n\t\t\t\t<div class=\"elementor-element elementor-element-2dbe21b e-flex e-con-boxed e-con e-parent\" data-id=\"2dbe21b\" data-element_type=\"container\" data-e-type=\"container\">\n\t\t\t\t\t<div class=\"e-con-inner\">\n\t\t\t\t<div class=\"elementor-element elementor-element-4bbe97c eael-dual-header-content-align-center elementor-widget elementor-widget-eael-dual-color-header\" data-id=\"4bbe97c\" data-element_type=\"widget\" data-e-type=\"widget\" data-widget_type=\"eael-dual-color-header.default\">\n\t\t\t\t<div class=\"elementor-widget-container\">\n\t\t\t\t\t\t\t\t<div class=\"eael-dual-header\">\n\t\t\t\t<h2 class=\"title eael-dch-title\"><span class=\"eael-dch-title-text eael-dch-title-lead lead solid-color\">qu'est-ce que<\/span> <span class=\"eael-dch-title-text\">l'optom\u00e9trie<\/span><\/h2><div class=\"eael-dch-separator-wrap\"><span class=\"separator-one\"><\/span>\n\t\t\t<span class=\"separator-two\"><\/span><\/div>\t\t\t\t\t<span class=\"subtext\"><p>Cette rubrique vous pr\u00e9sente le r\u00f4le de l\u2019optom\u00e9triste, les champs d\u2019application de l\u2019optom\u00e9trie et son importance croissante dans le parcours de soin visuel.<\/p><\/span>\n\t\t\t\t\t\t\t\t\t<span class=\"eael-dch-svg-icon\"><svg aria-hidden=\"true\" class=\"e-font-icon-svg e-fas-caret-down\" viewBox=\"0 0 320 512\" xmlns=\"http:\/\/www.w3.org\/2000\/svg\"><path d=\"M31.3 192h257.3c17.8 0 26.7 21.5 14.1 34.1L174.1 354.8c-7.8 7.8-20.5 7.8-28.3 0L17.2 226.1C4.6 213.5 13.5 192 31.3 192z\"><\/path><\/svg><\/span>\t\t\t\t\t\t\t<\/div>\n\n\t\t\t\t\t\t<\/div>\n\t\t\t\t<\/div>\n\t\t\t\t\t<\/div>\n\t\t\t\t<\/div>\n\t\t<div class=\"elementor-element elementor-element-d70e75a e-flex e-con-boxed e-con e-parent\" data-id=\"d70e75a\" data-element_type=\"container\" data-e-type=\"container\">\n\t\t\t\t\t<div class=\"e-con-inner\">\n\t\t\t\t<div class=\"elementor-element elementor-element-2dcc8051 elementor-widget elementor-widget-text-editor\" data-id=\"2dcc8051\" data-element_type=\"widget\" data-e-type=\"widget\" data-widget_type=\"text-editor.default\">\n\t\t\t\t<div class=\"elementor-widget-container\">\n\t\t\t\t\t\t\t\t\t\n<div class=\"wp-block-cover\" style=\"min-height:267px;aspect-ratio:unset;\"><span aria-hidden=\"true\" class=\"wp-block-cover__background has-background-dim\"><\/span><img fetchpriority=\"high\" decoding=\"async\" width=\"1024\" height=\"683\" class=\"wp-block-cover__image-background wp-image-2518\" alt=\"\" src=\"https:\/\/inoof.edu.dz\/new-website\/wp-content\/uploads\/2025\/03\/1-6-1024x683.jpg\" data-object-fit=\"cover\" srcset=\"https:\/\/inoof.edu.dz\/wp-content\/uploads\/2025\/03\/1-6-1024x683.jpg 1024w, https:\/\/inoof.edu.dz\/wp-content\/uploads\/2025\/03\/1-6-300x200.jpg 300w, https:\/\/inoof.edu.dz\/wp-content\/uploads\/2025\/03\/1-6-768x512.jpg 768w, https:\/\/inoof.edu.dz\/wp-content\/uploads\/2025\/03\/1-6-370x247.jpg 370w, https:\/\/inoof.edu.dz\/wp-content\/uploads\/2025\/03\/1-6-270x180.jpg 270w, https:\/\/inoof.edu.dz\/wp-content\/uploads\/2025\/03\/1-6-1536x1024.jpg 1536w, https:\/\/inoof.edu.dz\/wp-content\/uploads\/2025\/03\/1-6-2048x1365.jpg 2048w, https:\/\/inoof.edu.dz\/wp-content\/uploads\/2025\/03\/1-6-360x240.jpg 360w\" sizes=\"(max-width: 1024px) 100vw, 1024px\" \/><div class=\"wp-block-cover__inner-container is-layout-flow wp-block-cover-is-layout-flow\">\n<p class=\"has-text-align-center has-palette-color-5-color has-text-color has-link-color has-large-font-size wp-elements-23ae497519bee9b997bebaebe56a6f47\"><strong>L&#8217;Optom\u00e9trie, un choix strat\u00e9gique<\/strong><\/p>\n<\/div><\/div>\n\n\n\n<p><\/p>\n\n\n\n<div class=\"wp-block-columns alignwide are-vertically-aligned-top is-layout-flex wp-container-core-columns-is-layout-9d6595d7 wp-block-columns-is-layout-flex\">\n<div class=\"wp-block-column is-vertically-aligned-top is-layout-flow wp-block-column-is-layout-flow\" style=\"flex-basis:100%\">\n<p class=\"has-text-align-center has-medium-font-size\"><strong>L\u2019optom\u00e9trie<\/strong> est une formation param\u00e9dicale essentielle pour la prise en charge de la sant\u00e9 visuelle. Ce domaine en plein essor offre de nombreuses <strong>opportunit\u00e9s professionnelles<\/strong>, en fonction du niveau de qualification obtenu: <strong>Licence<\/strong> ou <strong>Master<\/strong>.<\/p>\n<\/div>\n<\/div>\n\n\n\n<p class=\"has-palette-color-3-color has-text-color has-link-color wp-elements-d218fb49a84752f93d155e7dd454618c\" style=\"font-size:25px\"><\/p>\n\n\n\n<div class=\"wp-block-cover\" style=\"min-height:252px;aspect-ratio:unset;\"><span aria-hidden=\"true\" class=\"wp-block-cover__background has-background-dim\"><\/span><img decoding=\"async\" width=\"2560\" height=\"1708\" class=\"wp-block-cover__image-background wp-image-2517\" alt=\"\" src=\"https:\/\/inoof.edu.dz\/wp-content\/uploads\/2025\/03\/DSC_1067-scaled.jpg\" data-object-fit=\"cover\" srcset=\"https:\/\/inoof.edu.dz\/wp-content\/uploads\/2025\/03\/DSC_1067-scaled.jpg 2560w, https:\/\/inoof.edu.dz\/wp-content\/uploads\/2025\/03\/DSC_1067-300x200.jpg 300w, https:\/\/inoof.edu.dz\/wp-content\/uploads\/2025\/03\/DSC_1067-1024x683.jpg 1024w, https:\/\/inoof.edu.dz\/wp-content\/uploads\/2025\/03\/DSC_1067-768x512.jpg 768w, https:\/\/inoof.edu.dz\/wp-content\/uploads\/2025\/03\/DSC_1067-370x247.jpg 370w, https:\/\/inoof.edu.dz\/wp-content\/uploads\/2025\/03\/DSC_1067-270x180.jpg 270w, https:\/\/inoof.edu.dz\/wp-content\/uploads\/2025\/03\/DSC_1067-1536x1025.jpg 1536w, https:\/\/inoof.edu.dz\/wp-content\/uploads\/2025\/03\/DSC_1067-2048x1367.jpg 2048w, https:\/\/inoof.edu.dz\/wp-content\/uploads\/2025\/03\/DSC_1067-360x240.jpg 360w\" sizes=\"(max-width: 2560px) 100vw, 2560px\" \/><div class=\"wp-block-cover__inner-container is-layout-flow wp-block-cover-is-layout-flow\">\n<p class=\"has-text-align-center has-palette-color-5-color has-text-color has-link-color has-large-font-size wp-elements-5dc67a62d72b5a47cbcee150ced21683\"><strong><strong>Qu\u2019est-ce qu\u2019un Optom\u00e9triste ?<\/strong><\/strong><\/p>\n<\/div><\/div>\n\n\n\n<p><\/p>\n\n\n\n<div class=\"wp-block-columns alignwide are-vertically-aligned-center is-layout-flex wp-container-core-columns-is-layout-9d6595d7 wp-block-columns-is-layout-flex\">\n<div class=\"wp-block-column is-vertically-aligned-center is-layout-flow wp-block-column-is-layout-flow\" style=\"flex-basis:100%\">\n<p class=\"has-text-align-center has-medium-font-size\"><strong>L&#8217;optom\u00e9triste<\/strong> est un <strong>professionnel de la sant\u00e9 visuelle<\/strong>, sp\u00e9cialis\u00e9 dans l\u2019\u00e9valuation et l\u2019am\u00e9lioration de la vision. Il assure un service complet, incluant <strong>la r\u00e9fraction, la fourniture d\u2019\u00e9quipements optiques, ainsi que la d\u00e9tection, le diagnostic et le suivi des maladies oculaires.<\/strong> Il joue \u00e9galement un r\u00f4le cl\u00e9 dans la r\u00e9habilitation du syst\u00e8me visuel. Cette profession est <strong>reconnue et r\u00e9glement\u00e9e en Alg\u00e9rie<\/strong>, soulignant son importance dans le secteur de la sant\u00e9.<\/p>\n<\/div>\n<\/div>\n\n\n\n<p class=\"has-palette-color-3-color has-text-color has-link-color wp-elements-d218fb49a84752f93d155e7dd454618c\" style=\"font-size:25px\"><\/p>\n\n\n\n<div class=\"wp-block-cover\" style=\"min-height:237px;aspect-ratio:unset;\"><span aria-hidden=\"true\" class=\"wp-block-cover__background has-background-dim\"><\/span><img decoding=\"async\" width=\"1024\" height=\"684\" class=\"wp-block-cover__image-background wp-image-2520\" alt=\"\" src=\"https:\/\/inoof.edu.dz\/new-website\/wp-content\/uploads\/2025\/03\/449776396_509633708072118_606120837813008970_n-Copie-1024x684.jpg\" data-object-fit=\"cover\" srcset=\"https:\/\/inoof.edu.dz\/wp-content\/uploads\/2025\/03\/449776396_509633708072118_606120837813008970_n-Copie-1024x684.jpg 1024w, https:\/\/inoof.edu.dz\/wp-content\/uploads\/2025\/03\/449776396_509633708072118_606120837813008970_n-Copie-300x200.jpg 300w, https:\/\/inoof.edu.dz\/wp-content\/uploads\/2025\/03\/449776396_509633708072118_606120837813008970_n-Copie-768x513.jpg 768w, https:\/\/inoof.edu.dz\/wp-content\/uploads\/2025\/03\/449776396_509633708072118_606120837813008970_n-Copie-370x247.jpg 370w, https:\/\/inoof.edu.dz\/wp-content\/uploads\/2025\/03\/449776396_509633708072118_606120837813008970_n-Copie-270x180.jpg 270w, https:\/\/inoof.edu.dz\/wp-content\/uploads\/2025\/03\/449776396_509633708072118_606120837813008970_n-Copie-1536x1025.jpg 1536w, https:\/\/inoof.edu.dz\/wp-content\/uploads\/2025\/03\/449776396_509633708072118_606120837813008970_n-Copie-360x240.jpg 360w, https:\/\/inoof.edu.dz\/wp-content\/uploads\/2025\/03\/449776396_509633708072118_606120837813008970_n-Copie.jpg 2048w\" sizes=\"(max-width: 1024px) 100vw, 1024px\" \/><div class=\"wp-block-cover__inner-container is-layout-flow wp-block-cover-is-layout-flow\">\n<p class=\"has-text-align-center has-palette-color-5-color has-text-color has-link-color has-large-font-size wp-elements-cd56ead1bc8fc1af6c53348a3ca11a17\"><strong>Formation et D\u00e9bouch\u00e9s<\/strong><\/p>\n<\/div><\/div>\n\n\n\n<p class=\"has-palette-color-3-color has-text-color has-link-color wp-elements-141763d445fd3bbc0e6c54563f03a8df\" style=\"font-size:30px\"><\/p>\n\n\n\n<p class=\"has-text-align-center has-medium-font-size\"><strong>L\u2019INOOF<\/strong> propose une <strong>licence en optom\u00e9trie<\/strong> <strong>(Bac+3)<\/strong>, permettant d\u2019exercer en tant qu\u2019<strong>opticien-optom\u00e9triste<\/strong>. Avec cette formation, les dipl\u00f4m\u00e9s peuvent <strong>obtenir un agr\u00e9ment<\/strong> pour ouvrir leur propre <strong>laboratoire d\u2019optique m\u00e9dicale<\/strong>, se sp\u00e9cialisant dans l\u2019adaptation et la vente de solutions optiques.<\/p>\n\n\n\n<p class=\"has-text-align-center\">Pour ceux qui souhaitent approfondir leurs comp\u00e9tences, <strong>une poursuite d\u2019\u00e9tudes en Bac+5 (Master en optom\u00e9trie)<\/strong> permet d\u2019acc\u00e9der \u00e0 une pratique plus avanc\u00e9e en <strong>cabinet priv\u00e9<\/strong> ou en <strong>collaboration avec un ophtalmologiste<\/strong>, offrant ainsi une prise en charge plus compl\u00e8te des patients.<\/p>\n\n\n\n<p class=\"has-text-align-center\"><strong>L\u2019optom\u00e9trie est donc un choix strat\u00e9gique, offrant des perspectives d\u2019avenir solides tout en contribuant activement \u00e0 la sant\u00e9 visuelle de&nbsp;la&nbsp;population.<\/strong><\/p>\n\n\n\n<p><\/p>\n\t\t\t\t\t\t\t\t<\/div>\n\t\t\t\t<\/div>\n\t\t\t\t\t<\/div>\n\t\t\t\t<\/div>\n\t\t\t\t<\/div>\n\t\t","protected":false},"excerpt":{"rendered":"<p>qu&#8217;est-ce que l&#8217;optom\u00e9trie Cette rubrique vous pr\u00e9sente le r\u00f4le de l\u2019optom\u00e9triste, les champs d\u2019application de l\u2019optom\u00e9trie et son importance croissante dans le parcours de soin visuel. L\u2019optom\u00e9trie est une formation [&hellip;]<\/p>\n","protected":false},"author":1,"featured_media":0,"parent":0,"menu_order":0,"comment_status":"closed","ping_status":"closed","template":"","meta":{"_eb_attr":"","breadcrumbs_single_post":"","page_title_panel":"","breadcrumbs_single_page":"","single_page_alignment":"","single_page_margin":"","page_structure_type":"","content_style_source":"","content_style":"","blog_post_streched_ed":"","blog_page_streched_ed":"","has_transparent_header":"","disable_transparent_header":"","vertical_spacing_source":"","content_area_spacing":"","single_post_content_background":"","single_page_content_background":"","single_post_boxed_content_spacing":"","single_page_boxed_content_spacing":"","single_post_content_boxed_radius":"","single_page_content_boxed_radius":"","disable_featured_image":"","disable_post_tags":"","disable_author_box":"","disable_posts_navigation":"","disable_comments":"","disable_related_posts":"","disable_header":"","disable_footer":"","footnotes":""},"class_list":["post-2308","page","type-page","status-publish","hentry","rishi-post","no-post-thumbnail"],"yoast_head":"<!-- This site is optimized with the Yoast SEO plugin v27.6 - https:\/\/yoast.com\/product\/yoast-seo-wordpress\/ -->\n<title>QU\u2019EST-CE QUE L\u2019OPTOM\u00c9TRIE ? - INOOF<\/title>\n<meta name=\"robots\" content=\"index, follow, max-snippet:-1, max-image-preview:large, max-video-preview:-1\" \/>\n<link rel=\"canonical\" href=\"https:\/\/inoof.edu.dz\/?page_id=2308\" \/>\n<meta property=\"og:locale\" content=\"en_US\" \/>\n<meta property=\"og:type\" content=\"article\" \/>\n<meta property=\"og:title\" content=\"QU\u2019EST-CE QUE L\u2019OPTOM\u00c9TRIE ? - INOOF\" \/>\n<meta property=\"og:description\" content=\"qu&#8217;est-ce que l&#8217;optom\u00e9trie Cette rubrique vous pr\u00e9sente le r\u00f4le de l\u2019optom\u00e9triste, les champs d\u2019application de l\u2019optom\u00e9trie et son importance croissante dans le parcours de soin visuel. L\u2019optom\u00e9trie est une formation [&hellip;]\" \/>\n<meta property=\"og:url\" content=\"https:\/\/inoof.edu.dz\/?page_id=2308\" \/>\n<meta property=\"og:site_name\" content=\"INOOF\" \/>\n<meta property=\"article:publisher\" content=\"https:\/\/www.facebook.com\/profile.php?id=100070764799497\" \/>\n<meta property=\"article:modified_time\" content=\"2025-05-07T09:12:17+00:00\" \/>\n<meta property=\"og:image\" content=\"https:\/\/inoof.edu.dz\/new-website\/wp-content\/uploads\/2025\/03\/1-6-1024x683.jpg\" \/>\n<meta name=\"twitter:card\" content=\"summary_large_image\" \/>\n<meta name=\"twitter:label1\" content=\"Est. reading time\" \/>\n\t<meta name=\"twitter:data1\" content=\"2 minutes\" \/>\n<script type=\"application\/ld+json\" class=\"yoast-schema-graph\">{\"@context\":\"https:\\\/\\\/schema.org\",\"@graph\":[{\"@type\":\"WebPage\",\"@id\":\"https:\\\/\\\/inoof.edu.dz\\\/?page_id=2308\",\"url\":\"https:\\\/\\\/inoof.edu.dz\\\/?page_id=2308\",\"name\":\"QU\u2019EST-CE QUE L\u2019OPTOM\u00c9TRIE ? - INOOF\",\"isPartOf\":{\"@id\":\"https:\\\/\\\/inoof.edu.dz\\\/#website\"},\"primaryImageOfPage\":{\"@id\":\"https:\\\/\\\/inoof.edu.dz\\\/?page_id=2308#primaryimage\"},\"image\":{\"@id\":\"https:\\\/\\\/inoof.edu.dz\\\/?page_id=2308#primaryimage\"},\"thumbnailUrl\":\"https:\\\/\\\/inoof.edu.dz\\\/new-website\\\/wp-content\\\/uploads\\\/2025\\\/03\\\/1-6-1024x683.jpg\",\"datePublished\":\"2025-02-22T16:47:19+00:00\",\"dateModified\":\"2025-05-07T09:12:17+00:00\",\"breadcrumb\":{\"@id\":\"https:\\\/\\\/inoof.edu.dz\\\/?page_id=2308#breadcrumb\"},\"inLanguage\":\"en-US\",\"potentialAction\":[{\"@type\":\"ReadAction\",\"target\":[\"https:\\\/\\\/inoof.edu.dz\\\/?page_id=2308\"]}]},{\"@type\":\"ImageObject\",\"inLanguage\":\"en-US\",\"@id\":\"https:\\\/\\\/inoof.edu.dz\\\/?page_id=2308#primaryimage\",\"url\":\"https:\\\/\\\/inoof.edu.dz\\\/wp-content\\\/uploads\\\/2025\\\/03\\\/1-6-scaled.jpg\",\"contentUrl\":\"https:\\\/\\\/inoof.edu.dz\\\/wp-content\\\/uploads\\\/2025\\\/03\\\/1-6-scaled.jpg\",\"width\":2560,\"height\":1707},{\"@type\":\"BreadcrumbList\",\"@id\":\"https:\\\/\\\/inoof.edu.dz\\\/?page_id=2308#breadcrumb\",\"itemListElement\":[{\"@type\":\"ListItem\",\"position\":1,\"name\":\"Home\",\"item\":\"https:\\\/\\\/inoof.edu.dz\\\/\"},{\"@type\":\"ListItem\",\"position\":2,\"name\":\"QU\u2019EST-CE QUE L\u2019OPTOM\u00c9TRIE ?\"}]},{\"@type\":\"WebSite\",\"@id\":\"https:\\\/\\\/inoof.edu.dz\\\/#website\",\"url\":\"https:\\\/\\\/inoof.edu.dz\\\/\",\"name\":\"INOOF\",\"description\":\"\",\"publisher\":{\"@id\":\"https:\\\/\\\/inoof.edu.dz\\\/#organization\"},\"potentialAction\":[{\"@type\":\"SearchAction\",\"target\":{\"@type\":\"EntryPoint\",\"urlTemplate\":\"https:\\\/\\\/inoof.edu.dz\\\/?s={search_term_string}\"},\"query-input\":{\"@type\":\"PropertyValueSpecification\",\"valueRequired\":true,\"valueName\":\"search_term_string\"}}],\"inLanguage\":\"en-US\"},{\"@type\":\"Organization\",\"@id\":\"https:\\\/\\\/inoof.edu.dz\\\/#organization\",\"name\":\"INOOF\",\"url\":\"https:\\\/\\\/inoof.edu.dz\\\/\",\"logo\":{\"@type\":\"ImageObject\",\"inLanguage\":\"en-US\",\"@id\":\"https:\\\/\\\/inoof.edu.dz\\\/#\\\/schema\\\/logo\\\/image\\\/\",\"url\":\"https:\\\/\\\/inoof.edu.dz\\\/new-website\\\/wp-content\\\/uploads\\\/2025\\\/02\\\/inoof-trans-logo.png\",\"contentUrl\":\"https:\\\/\\\/inoof.edu.dz\\\/new-website\\\/wp-content\\\/uploads\\\/2025\\\/02\\\/inoof-trans-logo.png\",\"width\":500,\"height\":199,\"caption\":\"INOOF\"},\"image\":{\"@id\":\"https:\\\/\\\/inoof.edu.dz\\\/#\\\/schema\\\/logo\\\/image\\\/\"},\"sameAs\":[\"https:\\\/\\\/www.facebook.com\\\/profile.php?id=100070764799497\",\"https:\\\/\\\/www.instagram.com\\\/institutinoof\\\/\"]}]}<\/script>\n<!-- \/ Yoast SEO plugin. -->","yoast_head_json":{"title":"QU\u2019EST-CE QUE L\u2019OPTOM\u00c9TRIE ? - INOOF","robots":{"index":"index","follow":"follow","max-snippet":"max-snippet:-1","max-image-preview":"max-image-preview:large","max-video-preview":"max-video-preview:-1"},"canonical":"https:\/\/inoof.edu.dz\/?page_id=2308","og_locale":"en_US","og_type":"article","og_title":"QU\u2019EST-CE QUE L\u2019OPTOM\u00c9TRIE ? - INOOF","og_description":"qu&#8217;est-ce que l&#8217;optom\u00e9trie Cette rubrique vous pr\u00e9sente le r\u00f4le de l\u2019optom\u00e9triste, les champs d\u2019application de l\u2019optom\u00e9trie et son importance croissante dans le parcours de soin visuel. L\u2019optom\u00e9trie est une formation [&hellip;]","og_url":"https:\/\/inoof.edu.dz\/?page_id=2308","og_site_name":"INOOF","article_publisher":"https:\/\/www.facebook.com\/profile.php?id=100070764799497","article_modified_time":"2025-05-07T09:12:17+00:00","og_image":[{"url":"https:\/\/inoof.edu.dz\/new-website\/wp-content\/uploads\/2025\/03\/1-6-1024x683.jpg","type":"","width":"","height":""}],"twitter_card":"summary_large_image","twitter_misc":{"Est. reading time":"2 minutes"},"schema":{"@context":"https:\/\/schema.org","@graph":[{"@type":"WebPage","@id":"https:\/\/inoof.edu.dz\/?page_id=2308","url":"https:\/\/inoof.edu.dz\/?page_id=2308","name":"QU\u2019EST-CE QUE L\u2019OPTOM\u00c9TRIE ? - INOOF","isPartOf":{"@id":"https:\/\/inoof.edu.dz\/#website"},"primaryImageOfPage":{"@id":"https:\/\/inoof.edu.dz\/?page_id=2308#primaryimage"},"image":{"@id":"https:\/\/inoof.edu.dz\/?page_id=2308#primaryimage"},"thumbnailUrl":"https:\/\/inoof.edu.dz\/new-website\/wp-content\/uploads\/2025\/03\/1-6-1024x683.jpg","datePublished":"2025-02-22T16:47:19+00:00","dateModified":"2025-05-07T09:12:17+00:00","breadcrumb":{"@id":"https:\/\/inoof.edu.dz\/?page_id=2308#breadcrumb"},"inLanguage":"en-US","potentialAction":[{"@type":"ReadAction","target":["https:\/\/inoof.edu.dz\/?page_id=2308"]}]},{"@type":"ImageObject","inLanguage":"en-US","@id":"https:\/\/inoof.edu.dz\/?page_id=2308#primaryimage","url":"https:\/\/inoof.edu.dz\/wp-content\/uploads\/2025\/03\/1-6-scaled.jpg","contentUrl":"https:\/\/inoof.edu.dz\/wp-content\/uploads\/2025\/03\/1-6-scaled.jpg","width":2560,"height":1707},{"@type":"BreadcrumbList","@id":"https:\/\/inoof.edu.dz\/?page_id=2308#breadcrumb","itemListElement":[{"@type":"ListItem","position":1,"name":"Home","item":"https:\/\/inoof.edu.dz\/"},{"@type":"ListItem","position":2,"name":"QU\u2019EST-CE QUE L\u2019OPTOM\u00c9TRIE ?"}]},{"@type":"WebSite","@id":"https:\/\/inoof.edu.dz\/#website","url":"https:\/\/inoof.edu.dz\/","name":"INOOF","description":"","publisher":{"@id":"https:\/\/inoof.edu.dz\/#organization"},"potentialAction":[{"@type":"SearchAction","target":{"@type":"EntryPoint","urlTemplate":"https:\/\/inoof.edu.dz\/?s={search_term_string}"},"query-input":{"@type":"PropertyValueSpecification","valueRequired":true,"valueName":"search_term_string"}}],"inLanguage":"en-US"},{"@type":"Organization","@id":"https:\/\/inoof.edu.dz\/#organization","name":"INOOF","url":"https:\/\/inoof.edu.dz\/","logo":{"@type":"ImageObject","inLanguage":"en-US","@id":"https:\/\/inoof.edu.dz\/#\/schema\/logo\/image\/","url":"https:\/\/inoof.edu.dz\/new-website\/wp-content\/uploads\/2025\/02\/inoof-trans-logo.png","contentUrl":"https:\/\/inoof.edu.dz\/new-website\/wp-content\/uploads\/2025\/02\/inoof-trans-logo.png","width":500,"height":199,"caption":"INOOF"},"image":{"@id":"https:\/\/inoof.edu.dz\/#\/schema\/logo\/image\/"},"sameAs":["https:\/\/www.facebook.com\/profile.php?id=100070764799497","https:\/\/www.instagram.com\/institutinoof\/"]}]}},"_links":{"self":[{"href":"https:\/\/inoof.edu.dz\/index.php?rest_route=\/wp\/v2\/pages\/2308","targetHints":{"allow":["GET"]}}],"collection":[{"href":"https:\/\/inoof.edu.dz\/index.php?rest_route=\/wp\/v2\/pages"}],"about":[{"href":"https:\/\/inoof.edu.dz\/index.php?rest_route=\/wp\/v2\/types\/page"}],"author":[{"embeddable":true,"href":"https:\/\/inoof.edu.dz\/index.php?rest_route=\/wp\/v2\/users\/1"}],"replies":[{"embeddable":true,"href":"https:\/\/inoof.edu.dz\/index.php?rest_route=%2Fwp%2Fv2%2Fcomments&post=2308"}],"version-history":[{"count":15,"href":"https:\/\/inoof.edu.dz\/index.php?rest_route=\/wp\/v2\/pages\/2308\/revisions"}],"predecessor-version":[{"id":3488,"href":"https:\/\/inoof.edu.dz\/index.php?rest_route=\/wp\/v2\/pages\/2308\/revisions\/3488"}],"wp:attachment":[{"href":"https:\/\/inoof.edu.dz\/index.php?rest_route=%2Fwp%2Fv2%2Fmedia&parent=2308"}],"curies":[{"name":"wp","href":"https:\/\/api.w.org\/{rel}","templated":true}]}}