{"id":2314,"date":"2025-02-22T16:49:39","date_gmt":"2025-02-22T16:49:39","guid":{"rendered":"http:\/\/localhost\/wp\/inoof\/?page_id=2314"},"modified":"2025-06-03T10:25:04","modified_gmt":"2025-06-03T10:25:04","slug":"conditions-dadmission","status":"publish","type":"page","link":"https:\/\/inoof.edu.dz\/?page_id=2314","title":{"rendered":"Conditions d\u2019admission"},"content":{"rendered":"\t\t<div data-elementor-type=\"wp-page\" data-elementor-id=\"2314\" class=\"elementor elementor-2314\">\n\t\t\t\t<div class=\"elementor-element elementor-element-8e3edc1 e-flex e-con-boxed e-con e-parent\" data-id=\"8e3edc1\" data-element_type=\"container\" data-e-type=\"container\">\n\t\t\t\t\t<div class=\"e-con-inner\">\n\t\t\t\t<div class=\"elementor-element elementor-element-74d3552 eael-dual-header-content-align-center elementor-widget elementor-widget-eael-dual-color-header\" data-id=\"74d3552\" data-element_type=\"widget\" data-e-type=\"widget\" data-widget_type=\"eael-dual-color-header.default\">\n\t\t\t\t<div class=\"elementor-widget-container\">\n\t\t\t\t\t\t\t\t<div class=\"eael-dual-header\">\n\t\t\t\t<h2 class=\"title eael-dch-title\"><span class=\"eael-dch-title-text eael-dch-title-lead lead solid-color\">conditions<\/span> <span class=\"eael-dch-title-text\">d'admission<\/span><\/h2><div class=\"eael-dch-separator-wrap\"><span class=\"separator-one\"><\/span>\n\t\t\t<span class=\"separator-two\"><\/span><\/div>\t\t\t\t\t<span class=\"subtext\"><p>Dans cette section, d\u00e9couvrez les crit\u00e8res et les \u00e9tapes \u00e0 suivre pour rejoindre notre institut et d\u00e9buter une formation professionnalisante dans un domaine porteur<\/p><\/span>\n\t\t\t\t\t\t\t\t\t<span class=\"eael-dch-svg-icon\"><svg aria-hidden=\"true\" class=\"e-font-icon-svg e-fas-caret-down\" viewBox=\"0 0 320 512\" xmlns=\"http:\/\/www.w3.org\/2000\/svg\"><path d=\"M31.3 192h257.3c17.8 0 26.7 21.5 14.1 34.1L174.1 354.8c-7.8 7.8-20.5 7.8-28.3 0L17.2 226.1C4.6 213.5 13.5 192 31.3 192z\"><\/path><\/svg><\/span>\t\t\t\t\t\t\t<\/div>\n\n\t\t\t\t\t\t<\/div>\n\t\t\t\t<\/div>\n\t\t\t\t\t<\/div>\n\t\t\t\t<\/div>\n\t\t<div class=\"elementor-element elementor-element-4ad1a10d e-flex e-con-boxed e-con e-parent\" data-id=\"4ad1a10d\" data-element_type=\"container\" data-e-type=\"container\">\n\t\t\t\t\t<div class=\"e-con-inner\">\n\t\t\t\t<div class=\"elementor-element elementor-element-57ad142 elementor-widget elementor-widget-html\" data-id=\"57ad142\" data-element_type=\"widget\" data-e-type=\"widget\" data-widget_type=\"html.default\">\n\t\t\t\t<div class=\"elementor-widget-container\">\n\t\t\t\t\t<!DOCTYPE html>\r\n<html lang=\"fr\">\r\n<head>\r\n    <meta charset=\"UTF-8\">\r\n    <meta name=\"viewport\" content=\"width=device-width, initial-scale=1.0\">\r\n    <title>Conditions d'Acc\u00e8s - INOOF Optom\u00e9trie<\/title>\r\n    <script src=\"https:\/\/cdn.tailwindcss.com\"><\/script>\r\n    <link href=\"https:\/\/fonts.googleapis.com\/css2?family=Inter:wght@400;600;700&display=swap\" rel=\"stylesheet\">\r\n    <style>\r\n        body {\r\n            font-family: 'Inter', sans-serif;\r\n            background-color: #f0f4f8; \/* Arri\u00e8re-plan gris-bleu clair *\/\r\n            color: #1e293b; \/* Texte ardoise fonc\u00e9 *\/\r\n            display: flex; \/* Ajout pour centrage vertical *\/\r\n            flex-direction: column; \/* Permet au footer (si existant) de se placer en bas *\/\r\n            align-items: center; \/* Centrage horizontal du contenu *\/\r\n            justify-content: center; \/* Centrage vertical du contenu *\/\r\n            min-height: 100vh; \/* Assure que le body prend au moins toute la hauteur de la vue *\/\r\n            padding: 1rem; \/* Un peu d'espace autour *\/\r\n            margin-top: 2rem; \/* Ajout d'une marge en haut pour espacer du module titre existant *\/\r\n        }\r\n        .access-card-container {\r\n            width: 100%;\r\n            max-width: 48rem; \/* 768px, augment\u00e9 pour un meilleur affichage *\/\r\n        }\r\n        .access-card {\r\n            background-color: #ffffff;\r\n            border-radius: 12px; \/* Bords arrondis *\/\r\n            padding: 2rem; \/* Espacement interne *\/\r\n            box-shadow: 0 10px 15px -3px rgba(0, 0, 0, 0.1), 0 4px 6px -2px rgba(0, 0, 0, 0.05); \/* Ombre port\u00e9e *\/\r\n            transition: transform 0.3s ease-out, box-shadow 0.3s ease-out; \/* Transition douce *\/\r\n            transform-style: preserve-3d; \/* Pour l'effet de perspective *\/\r\n            border: 1px solid #e2e8f0; \/* Bordure l\u00e9g\u00e8re *\/\r\n        }\r\n        .access-card:hover {\r\n            transform: perspective(1000px) rotateX(3deg) rotateY(-3deg) scale(1.02); \/* Effet 3D au survol, l\u00e9g\u00e8rement r\u00e9duit *\/\r\n            box-shadow: 0 15px 20px -5px rgba(0, 0, 0, 0.12), 0 8px 8px -5px rgba(0, 0, 0, 0.08); \/* Ombre plus prononc\u00e9e *\/\r\n        }\r\n        .card-title {\r\n            color: #0891b2; \/* Couleur primaire - Cyan *\/\r\n            font-weight: 700;\r\n            font-size: 1.5rem; \/* 24px *\/\r\n            margin-bottom: 1rem; \/* Marge en bas *\/\r\n        }\r\n        .card-subtitle {\r\n            color: #0e7490; \/* Cyan plus fonc\u00e9 *\/\r\n            font-weight: 600;\r\n            font-size: 1.125rem; \/* 18px *\/\r\n            margin-top: 1rem;\r\n            margin-bottom: 0.5rem;\r\n        }\r\n        .card-content p, .card-content ul {\r\n            font-size: 1rem; \/* 16px *\/\r\n            line-height: 1.7; \/* Hauteur de ligne augment\u00e9e pour lisibilit\u00e9 *\/\r\n            color: #334155; \/* Texte ardoise *\/\r\n        }\r\n        .card-content ul {\r\n            list-style-type: none; \/* Suppression des puces par d\u00e9faut *\/\r\n            padding-left: 0.5rem; \/* L\u00e9ger retrait *\/\r\n            margin-top: 0.75rem;\r\n        }\r\n        .card-content li {\r\n            margin-bottom: 0.5rem;\r\n            position: relative; \/* Pour le positionnement de l'ic\u00f4ne *\/\r\n            padding-left: 1.75rem; \/* Espace pour l'ic\u00f4ne *\/\r\n        }\r\n        .card-content li::before { \/* Utilisation d'un pseudo-\u00e9l\u00e9ment pour les puces personnalis\u00e9es *\/\r\n            content: '\u2714'; \/* Ic\u00f4ne de coche *\/\r\n            color: #0891b2; \/* Couleur cyan pour la coche *\/\r\n            font-weight: bold;\r\n            position: absolute;\r\n            left: 0;\r\n            top: 2px; \/* Ajustement vertical *\/\r\n            font-size: 1.1em; \/* Taille de la coche *\/\r\n        }\r\n        .card-content .no-bullet-li::before { \/* Classe pour les \u00e9l\u00e9ments sans puce \u2714 *\/\r\n            content: none;\r\n        }\r\n        .card-content .no-bullet-li {\r\n            padding-left: 0.5rem; \/* R\u00e9ajustement du padding si pas de puce *\/\r\n        }\r\n\r\n        .highlight {\r\n            color: #0e7490; \/* Cyan plus fonc\u00e9 pour les mises en \u00e9vidence *\/\r\n            font-weight: 600;\r\n        }\r\n        \/* Le style .main-title n'est plus n\u00e9cessaire car le titre a \u00e9t\u00e9 supprim\u00e9 *\/\r\n        \/*\r\n        .main-title {\r\n            color: #0891b2;\r\n            text-align: center;\r\n            margin-bottom: 2rem;\r\n        }\r\n        *\/\r\n\r\n        \/* Ajustements responsives *\/\r\n        @media (max-width: 768px) {\r\n            .access-card {\r\n                padding: 1.5rem;\r\n            }\r\n            .card-title {\r\n                font-size: 1.375rem; \/* 22px *\/\r\n            }\r\n            .card-subtitle {\r\n                font-size: 1.0625rem; \/* 17px *\/\r\n            }\r\n            body {\r\n                padding: 0.5rem; \/* R\u00e9duire le padding sur mobile *\/\r\n                margin-top: 1rem; \/* Ajuster la marge en haut pour mobile *\/\r\n            }\r\n        }\r\n    <\/style>\r\n<\/head>\r\n<body>\r\n    <div class=\"access-card-container\">\r\n        <!-- <h1 class=\"text-3xl sm:text-4xl font-bold main-title\">\r\n            Conditions d'Acc\u00e8s \u00e0 la Formation en Optom\u00e9trie\r\n        <\/h1> -->\r\n\r\n        <div class=\"access-card mb-6\">\r\n            <h2 class=\"card-title\">Crit\u00e8res d'Admission<\/h2>\r\n            <div class=\"card-content\">\r\n                <p>L\u2019acc\u00e8s \u00e0 la formation en optom\u00e9trie \u00e0 l\u2019INOOF est ouvert aux candidats remplissant les crit\u00e8res suivants :<\/p>\r\n\r\n                <h3 class=\"card-subtitle\">Admission en premi\u00e8re ann\u00e9e de licence :<\/h3>\r\n                <p>\u00catre titulaire d\u2019un <span class=\"highlight\">baccalaur\u00e9at scientifique<\/span> dans l\u2019une des sp\u00e9cialit\u00e9s suivantes :<\/p>\r\n                <ul>\r\n                    <li>Math\u00e9matiques<\/li>\r\n                    <li>Math\u00e9matiques techniques<\/li>\r\n                    <li>Sciences exp\u00e9rimentales<\/li>\r\n                <\/ul>\r\n\r\n                <h3 class=\"card-subtitle\">Admission en deuxi\u00e8me ou troisi\u00e8me ann\u00e9e :<\/h3>\r\n                <p>\r\n                    Les \u00e9tudiants ayant valid\u00e9 <span class=\"highlight\">une ou deux ann\u00e9es d\u2019\u00e9tudes sup\u00e9rieures<\/span> dans la m\u00eame sp\u00e9cialit\u00e9\r\n                    peuvent candidater \u00e0 une admission parall\u00e8le sur <span class=\"highlight\">\u00e9tude de dossier<\/span>.\r\n                <\/p>\r\n            <\/div>\r\n        <\/div>\r\n\r\n        <div class=\"access-card\">\r\n            <h2 class=\"card-title\">Dipl\u00f4me D\u00e9livr\u00e9 et D\u00e9tails de la Formation<\/h2>\r\n            <div class=\"card-content\">\r\n                <h3 class=\"card-subtitle\">Dipl\u00f4me d\u00e9livr\u00e9 :<\/h3>\r\n                <p><span class=\"highlight\">Licence Professionnelle en Optom\u00e9trie (Bac+3 \u2013 180 ECTS)<\/span><\/p>\r\n                <ul>\r\n                    <li class=\"no-bullet-li\">Agr\u00e9\u00e9e par le <span class=\"highlight\">Minist\u00e8re de l\u2019Enseignement Sup\u00e9rieur et de la Recherche Scientifique<\/span><\/li>\r\n                    <li class=\"no-bullet-li\">Reconnue par le <span class=\"highlight\">Minist\u00e8re de la Sant\u00e9<\/span><\/li>\r\n                    <li class=\"no-bullet-li\">Permet d\u2019exercer en tant qu\u2019<span class=\"highlight\">opticien-optom\u00e9triste<\/span> et d\u2019ouvrir un <span class=\"highlight\">laboratoire d\u2019optique m\u00e9dicale<\/span><\/li>\r\n                <\/ul>\r\n\r\n                <h3 class=\"card-subtitle\">Caract\u00e9ristiques de la formation :<\/h3>\r\n                <p>\r\n                    Cette formation allie <span class=\"highlight\">enseignements th\u00e9oriques et pratiques<\/span>, avec des\r\n                    <span class=\"highlight\">stages en milieu professionnel<\/span> pour une insertion optimale sur le march\u00e9 du travail.\r\n                <\/p>\r\n            <\/div>\r\n        <\/div>\r\n    <\/div>\r\n\r\n    <script>\r\n        \/\/ Script pour l'effet de perspective sur les cartes\r\n        \/\/ Aucune JavaScript suppl\u00e9mentaire n'est n\u00e9cessaire pour l'effet de base\r\n        \/\/ car il est g\u00e9r\u00e9 par CSS (:hover).\r\n\r\n        document.addEventListener('DOMContentLoaded', () => {\r\n            \/\/ Instructions pour l'utilisateur (peut \u00eatre retir\u00e9 en production)\r\n            console.log(\"Module Conditions d'Acc\u00e8s INOOF charg\u00e9 (sans titre principal).\");\r\n            console.log(\"Passez la souris sur les cartes pour voir l'effet dynamique.\");\r\n        });\r\n    <\/script>\r\n<\/body>\r\n<\/html>\r\n\t\t\t\t<\/div>\n\t\t\t\t<\/div>\n\t\t\t\t\t<\/div>\n\t\t\t\t<\/div>\n\t\t\t\t<\/div>\n\t\t","protected":false},"excerpt":{"rendered":"<p>conditions d&#8217;admission Dans cette section, d\u00e9couvrez les crit\u00e8res et les \u00e9tapes \u00e0 suivre pour rejoindre notre institut et d\u00e9buter une formation professionnalisante dans un domaine porteur Conditions d&#8217;Acc\u00e8s &#8211; INOOF [&hellip;]<\/p>\n","protected":false},"author":1,"featured_media":0,"parent":0,"menu_order":0,"comment_status":"closed","ping_status":"closed","template":"","meta":{"_eb_attr":"","breadcrumbs_single_post":"","page_title_panel":"","breadcrumbs_single_page":"","single_page_alignment":"","single_page_margin":"","page_structure_type":"","content_style_source":"","content_style":"","blog_post_streched_ed":"","blog_page_streched_ed":"","has_transparent_header":"","disable_transparent_header":"","vertical_spacing_source":"","content_area_spacing":"","single_post_content_background":"","single_page_content_background":"","single_post_boxed_content_spacing":"","single_page_boxed_content_spacing":"","single_post_content_boxed_radius":"","single_page_content_boxed_radius":"","disable_featured_image":"","disable_post_tags":"","disable_author_box":"","disable_posts_navigation":"","disable_comments":"","disable_related_posts":"","disable_header":"","disable_footer":"","footnotes":""},"class_list":["post-2314","page","type-page","status-publish","hentry","rishi-post","no-post-thumbnail"],"yoast_head":"<!-- This site is optimized with the Yoast SEO plugin v27.6 - https:\/\/yoast.com\/product\/yoast-seo-wordpress\/ -->\n<title>Conditions d\u2019admission - INOOF<\/title>\n<meta name=\"robots\" content=\"index, follow, max-snippet:-1, max-image-preview:large, max-video-preview:-1\" \/>\n<link rel=\"canonical\" href=\"https:\/\/inoof.edu.dz\/?page_id=2314\" \/>\n<meta property=\"og:locale\" content=\"en_US\" \/>\n<meta property=\"og:type\" content=\"article\" \/>\n<meta property=\"og:title\" content=\"Conditions d\u2019admission - INOOF\" \/>\n<meta property=\"og:description\" content=\"conditions d&#8217;admission Dans cette section, d\u00e9couvrez les crit\u00e8res et les \u00e9tapes \u00e0 suivre pour rejoindre notre institut et d\u00e9buter une formation professionnalisante dans un domaine porteur Conditions d&#8217;Acc\u00e8s &#8211; INOOF [&hellip;]\" \/>\n<meta property=\"og:url\" content=\"https:\/\/inoof.edu.dz\/?page_id=2314\" \/>\n<meta property=\"og:site_name\" content=\"INOOF\" \/>\n<meta property=\"article:publisher\" content=\"https:\/\/www.facebook.com\/profile.php?id=100070764799497\" \/>\n<meta property=\"article:modified_time\" content=\"2025-06-03T10:25:04+00:00\" \/>\n<meta property=\"og:image\" content=\"https:\/\/inoof.edu.dz\/wp-content\/uploads\/2025\/03\/Design-sans-titre-1-1.png\" \/>\n\t<meta property=\"og:image:width\" content=\"512\" \/>\n\t<meta property=\"og:image:height\" content=\"512\" \/>\n\t<meta property=\"og:image:type\" content=\"image\/png\" \/>\n<meta name=\"twitter:card\" content=\"summary_large_image\" \/>\n<meta name=\"twitter:label1\" content=\"Est. reading time\" \/>\n\t<meta name=\"twitter:data1\" content=\"1 minute\" \/>\n<script type=\"application\/ld+json\" class=\"yoast-schema-graph\">{\"@context\":\"https:\\\/\\\/schema.org\",\"@graph\":[{\"@type\":\"WebPage\",\"@id\":\"https:\\\/\\\/inoof.edu.dz\\\/?page_id=2314\",\"url\":\"https:\\\/\\\/inoof.edu.dz\\\/?page_id=2314\",\"name\":\"Conditions d\u2019admission - INOOF\",\"isPartOf\":{\"@id\":\"https:\\\/\\\/inoof.edu.dz\\\/#website\"},\"datePublished\":\"2025-02-22T16:49:39+00:00\",\"dateModified\":\"2025-06-03T10:25:04+00:00\",\"breadcrumb\":{\"@id\":\"https:\\\/\\\/inoof.edu.dz\\\/?page_id=2314#breadcrumb\"},\"inLanguage\":\"en-US\",\"potentialAction\":[{\"@type\":\"ReadAction\",\"target\":[\"https:\\\/\\\/inoof.edu.dz\\\/?page_id=2314\"]}]},{\"@type\":\"BreadcrumbList\",\"@id\":\"https:\\\/\\\/inoof.edu.dz\\\/?page_id=2314#breadcrumb\",\"itemListElement\":[{\"@type\":\"ListItem\",\"position\":1,\"name\":\"Home\",\"item\":\"https:\\\/\\\/inoof.edu.dz\\\/\"},{\"@type\":\"ListItem\",\"position\":2,\"name\":\"Conditions d\u2019admission\"}]},{\"@type\":\"WebSite\",\"@id\":\"https:\\\/\\\/inoof.edu.dz\\\/#website\",\"url\":\"https:\\\/\\\/inoof.edu.dz\\\/\",\"name\":\"INOOF\",\"description\":\"\",\"publisher\":{\"@id\":\"https:\\\/\\\/inoof.edu.dz\\\/#organization\"},\"potentialAction\":[{\"@type\":\"SearchAction\",\"target\":{\"@type\":\"EntryPoint\",\"urlTemplate\":\"https:\\\/\\\/inoof.edu.dz\\\/?s={search_term_string}\"},\"query-input\":{\"@type\":\"PropertyValueSpecification\",\"valueRequired\":true,\"valueName\":\"search_term_string\"}}],\"inLanguage\":\"en-US\"},{\"@type\":\"Organization\",\"@id\":\"https:\\\/\\\/inoof.edu.dz\\\/#organization\",\"name\":\"INOOF\",\"url\":\"https:\\\/\\\/inoof.edu.dz\\\/\",\"logo\":{\"@type\":\"ImageObject\",\"inLanguage\":\"en-US\",\"@id\":\"https:\\\/\\\/inoof.edu.dz\\\/#\\\/schema\\\/logo\\\/image\\\/\",\"url\":\"https:\\\/\\\/inoof.edu.dz\\\/new-website\\\/wp-content\\\/uploads\\\/2025\\\/02\\\/inoof-trans-logo.png\",\"contentUrl\":\"https:\\\/\\\/inoof.edu.dz\\\/new-website\\\/wp-content\\\/uploads\\\/2025\\\/02\\\/inoof-trans-logo.png\",\"width\":500,\"height\":199,\"caption\":\"INOOF\"},\"image\":{\"@id\":\"https:\\\/\\\/inoof.edu.dz\\\/#\\\/schema\\\/logo\\\/image\\\/\"},\"sameAs\":[\"https:\\\/\\\/www.facebook.com\\\/profile.php?id=100070764799497\",\"https:\\\/\\\/www.instagram.com\\\/institutinoof\\\/\"]}]}<\/script>\n<!-- \/ Yoast SEO plugin. -->","yoast_head_json":{"title":"Conditions d\u2019admission - INOOF","robots":{"index":"index","follow":"follow","max-snippet":"max-snippet:-1","max-image-preview":"max-image-preview:large","max-video-preview":"max-video-preview:-1"},"canonical":"https:\/\/inoof.edu.dz\/?page_id=2314","og_locale":"en_US","og_type":"article","og_title":"Conditions d\u2019admission - INOOF","og_description":"conditions d&#8217;admission Dans cette section, d\u00e9couvrez les crit\u00e8res et les \u00e9tapes \u00e0 suivre pour rejoindre notre institut et d\u00e9buter une formation professionnalisante dans un domaine porteur Conditions d&#8217;Acc\u00e8s &#8211; INOOF [&hellip;]","og_url":"https:\/\/inoof.edu.dz\/?page_id=2314","og_site_name":"INOOF","article_publisher":"https:\/\/www.facebook.com\/profile.php?id=100070764799497","article_modified_time":"2025-06-03T10:25:04+00:00","og_image":[{"width":512,"height":512,"url":"https:\/\/inoof.edu.dz\/wp-content\/uploads\/2025\/03\/Design-sans-titre-1-1.png","type":"image\/png"}],"twitter_card":"summary_large_image","twitter_misc":{"Est. reading time":"1 minute"},"schema":{"@context":"https:\/\/schema.org","@graph":[{"@type":"WebPage","@id":"https:\/\/inoof.edu.dz\/?page_id=2314","url":"https:\/\/inoof.edu.dz\/?page_id=2314","name":"Conditions d\u2019admission - INOOF","isPartOf":{"@id":"https:\/\/inoof.edu.dz\/#website"},"datePublished":"2025-02-22T16:49:39+00:00","dateModified":"2025-06-03T10:25:04+00:00","breadcrumb":{"@id":"https:\/\/inoof.edu.dz\/?page_id=2314#breadcrumb"},"inLanguage":"en-US","potentialAction":[{"@type":"ReadAction","target":["https:\/\/inoof.edu.dz\/?page_id=2314"]}]},{"@type":"BreadcrumbList","@id":"https:\/\/inoof.edu.dz\/?page_id=2314#breadcrumb","itemListElement":[{"@type":"ListItem","position":1,"name":"Home","item":"https:\/\/inoof.edu.dz\/"},{"@type":"ListItem","position":2,"name":"Conditions d\u2019admission"}]},{"@type":"WebSite","@id":"https:\/\/inoof.edu.dz\/#website","url":"https:\/\/inoof.edu.dz\/","name":"INOOF","description":"","publisher":{"@id":"https:\/\/inoof.edu.dz\/#organization"},"potentialAction":[{"@type":"SearchAction","target":{"@type":"EntryPoint","urlTemplate":"https:\/\/inoof.edu.dz\/?s={search_term_string}"},"query-input":{"@type":"PropertyValueSpecification","valueRequired":true,"valueName":"search_term_string"}}],"inLanguage":"en-US"},{"@type":"Organization","@id":"https:\/\/inoof.edu.dz\/#organization","name":"INOOF","url":"https:\/\/inoof.edu.dz\/","logo":{"@type":"ImageObject","inLanguage":"en-US","@id":"https:\/\/inoof.edu.dz\/#\/schema\/logo\/image\/","url":"https:\/\/inoof.edu.dz\/new-website\/wp-content\/uploads\/2025\/02\/inoof-trans-logo.png","contentUrl":"https:\/\/inoof.edu.dz\/new-website\/wp-content\/uploads\/2025\/02\/inoof-trans-logo.png","width":500,"height":199,"caption":"INOOF"},"image":{"@id":"https:\/\/inoof.edu.dz\/#\/schema\/logo\/image\/"},"sameAs":["https:\/\/www.facebook.com\/profile.php?id=100070764799497","https:\/\/www.instagram.com\/institutinoof\/"]}]}},"_links":{"self":[{"href":"https:\/\/inoof.edu.dz\/index.php?rest_route=\/wp\/v2\/pages\/2314","targetHints":{"allow":["GET"]}}],"collection":[{"href":"https:\/\/inoof.edu.dz\/index.php?rest_route=\/wp\/v2\/pages"}],"about":[{"href":"https:\/\/inoof.edu.dz\/index.php?rest_route=\/wp\/v2\/types\/page"}],"author":[{"embeddable":true,"href":"https:\/\/inoof.edu.dz\/index.php?rest_route=\/wp\/v2\/users\/1"}],"replies":[{"embeddable":true,"href":"https:\/\/inoof.edu.dz\/index.php?rest_route=%2Fwp%2Fv2%2Fcomments&post=2314"}],"version-history":[{"count":15,"href":"https:\/\/inoof.edu.dz\/index.php?rest_route=\/wp\/v2\/pages\/2314\/revisions"}],"predecessor-version":[{"id":4241,"href":"https:\/\/inoof.edu.dz\/index.php?rest_route=\/wp\/v2\/pages\/2314\/revisions\/4241"}],"wp:attachment":[{"href":"https:\/\/inoof.edu.dz\/index.php?rest_route=%2Fwp%2Fv2%2Fmedia&parent=2314"}],"curies":[{"name":"wp","href":"https:\/\/api.w.org\/{rel}","templated":true}]}}