{"id":2457,"date":"2025-03-03T13:30:28","date_gmt":"2025-03-03T13:30:28","guid":{"rendered":"https:\/\/inoof.edu.dz\/new-website\/?page_id=2457"},"modified":"2025-11-03T04:38:36","modified_gmt":"2025-11-03T04:38:36","slug":"mot-de-lequipe-pedagogique","status":"publish","type":"page","link":"https:\/\/inoof.edu.dz\/?page_id=2457","title":{"rendered":"Mot de l&#8217;\u00e9quipe p\u00e9dagogique"},"content":{"rendered":"\t\t<div data-elementor-type=\"wp-page\" data-elementor-id=\"2457\" class=\"elementor elementor-2457\">\n\t\t\t\t<div class=\"elementor-element elementor-element-af55f1c e-flex e-con-boxed e-con e-parent\" data-id=\"af55f1c\" data-element_type=\"container\" data-e-type=\"container\">\n\t\t\t\t\t<div class=\"e-con-inner\">\n\t\t\t\t<div class=\"elementor-element elementor-element-8935d9e eael-dual-header-content-align-center elementor-widget elementor-widget-eael-dual-color-header\" data-id=\"8935d9e\" data-element_type=\"widget\" data-e-type=\"widget\" data-settings=\"{&quot;ep_floating_effects_show&quot;:&quot;yes&quot;,&quot;ep_floating_effects_easing&quot;:&quot;easeInOutQuad&quot;}\" data-widget_type=\"eael-dual-color-header.default\">\n\t\t\t\t<div class=\"elementor-widget-container\">\n\t\t\t\t\t\t\t\t<div class=\"eael-dual-header\">\n\t\t\t\t<h2 class=\"title eael-dch-title\"><span class=\"eael-dch-title-text eael-dch-title-lead lead solid-color\">Staff<\/span> <span class=\"eael-dch-title-text\">administratif<\/span><\/h2><div class=\"eael-dch-separator-wrap\"><span class=\"separator-one\"><\/span>\n\t\t\t<span class=\"separator-two\"><\/span><\/div>\t\t\t\t\t<span class=\"subtext\"><p style=\"text-align: center\">Les messages du directeur et du responsable p\u00e9dagogique, illustrant l&#8217;engagement de l&#8217;\u00e9quipe administrative de l&#8217;INOOF.<\/p><\/span>\n\t\t\t\t\t\t\t\t\t<span class=\"eael-dch-svg-icon\"><svg aria-hidden=\"true\" class=\"e-font-icon-svg e-fas-caret-down\" viewBox=\"0 0 320 512\" xmlns=\"http:\/\/www.w3.org\/2000\/svg\"><path d=\"M31.3 192h257.3c17.8 0 26.7 21.5 14.1 34.1L174.1 354.8c-7.8 7.8-20.5 7.8-28.3 0L17.2 226.1C4.6 213.5 13.5 192 31.3 192z\"><\/path><\/svg><\/span>\t\t\t\t\t\t\t<\/div>\n\n\t\t\t\t\t\t<\/div>\n\t\t\t\t<\/div>\n\t\t\t\t\t<\/div>\n\t\t\t\t<\/div>\n\t\t<div class=\"elementor-element elementor-element-bc31bc3 e-flex e-con-boxed e-con e-parent\" data-id=\"bc31bc3\" data-element_type=\"container\" data-e-type=\"container\">\n\t\t\t\t\t<div class=\"e-con-inner\">\n\t\t\t\t<div class=\"elementor-element elementor-element-36d27fb elementor-widget elementor-widget-heading\" data-id=\"36d27fb\" data-element_type=\"widget\" data-e-type=\"widget\" data-widget_type=\"heading.default\">\n\t\t\t\t<div class=\"elementor-widget-container\">\n\t\t\t\t\t<h5 class=\"elementor-heading-title elementor-size-default\">Mot du directeur<\/h5>\t\t\t\t<\/div>\n\t\t\t\t<\/div>\n\t\t\t\t\t<\/div>\n\t\t\t\t<\/div>\n\t\t<div class=\"elementor-element elementor-element-22e53ec e-flex e-con-boxed e-con e-parent\" data-id=\"22e53ec\" data-element_type=\"container\" data-e-type=\"container\">\n\t\t\t\t\t<div class=\"e-con-inner\">\n\t\t<div class=\"elementor-element elementor-element-22d8320 e-con-full e-flex e-con e-child\" data-id=\"22d8320\" data-element_type=\"container\" data-e-type=\"container\">\n\t\t\t\t<div class=\"elementor-element elementor-element-0bb03bb elementor-widget elementor-widget-image\" data-id=\"0bb03bb\" data-element_type=\"widget\" data-e-type=\"widget\" data-widget_type=\"image.default\">\n\t\t\t\t<div class=\"elementor-widget-container\">\n\t\t\t\t\t\t\t\t\t\t\t\t<figure class=\"wp-caption\">\n\t\t\t\t\t\t\t\t\t\t<img decoding=\"async\" src=\"https:\/\/inoof.edu.dz\/wp-content\/uploads\/elementor\/thumbs\/558439526_840309268337892_1388243036289796134_n-re59gcwv0pt5e248top9xalvttgpraqe62toc4svsu.jpg\" title=\"558439526_840309268337892_1388243036289796134_n\" alt=\"558439526_840309268337892_1388243036289796134_n\" loading=\"lazy\" \/>\t\t\t\t\t\t\t\t\t\t\t<figcaption class=\"widget-image-caption wp-caption-text\">Pr. BOUTEKRABT Ammar, Directeur de l'INOOF<\/figcaption>\n\t\t\t\t\t\t\t\t\t\t<\/figure>\n\t\t\t\t\t\t\t\t\t<\/div>\n\t\t\t\t<\/div>\n\t\t\t\t<\/div>\n\t\t<div class=\"elementor-element elementor-element-43933ed e-con-full e-flex e-con e-child\" data-id=\"43933ed\" data-element_type=\"container\" data-e-type=\"container\">\n\t\t\t\t<div class=\"elementor-element elementor-element-ed3c74c elementor-widget elementor-widget-text-editor\" data-id=\"ed3c74c\" data-element_type=\"widget\" data-e-type=\"widget\" data-widget_type=\"text-editor.default\">\n\t\t\t\t<div class=\"elementor-widget-container\">\n\t\t\t\t\t\t\t\t\t<p data-start=\"219\" data-end=\"695\">L\u2019Institut d\u2019Optom\u00e9trie d\u2019Ouled Fayet (INOOF) est n\u00e9 d\u2019une conviction profonde : celle que l\u2019enseignement sup\u00e9rieur priv\u00e9 peut \u00eatre un moteur de qualit\u00e9, d\u2019innovation et d\u2019excellence dans le domaine de la sant\u00e9 visuelle.<br data-start=\"439\" data-end=\"442\" \/>Depuis sa cr\u00e9ation, notre ambition est d\u2019offrir aux \u00e9tudiants une formation solide, \u00e0 la fois scientifique, technique et humaine, qui leur permette de devenir des professionnels comp\u00e9tents, responsables et pleinement int\u00e9gr\u00e9s dans le monde du travail.<\/p><p data-start=\"697\" data-end=\"1019\">Nous pla\u00e7ons la pratique au c\u0153ur de notre p\u00e9dagogie, gr\u00e2ce \u00e0 des laboratoires modernes, des stages encadr\u00e9s et des partenariats actifs avec le secteur socio-\u00e9conomique. L\u2019INOOF \u0153uvre chaque jour pour rapprocher la formation universitaire du terrain professionnel, tout en maintenant un haut niveau d\u2019exigence acad\u00e9mique.<\/p><p data-start=\"1021\" data-end=\"1326\">Nous croyons que l\u2019avenir de l\u2019optom\u00e9trie en Alg\u00e9rie repose sur la qualit\u00e9 de la formation et sur la passion de celles et ceux qui s\u2019y engagent. \u00c0 travers nos \u00e9tudiants, nous pr\u00e9parons non seulement des opticiens et optom\u00e9tristes, mais aussi des acteurs du changement dans le domaine de la sant\u00e9 visuelle.<\/p>\t\t\t\t\t\t\t\t<\/div>\n\t\t\t\t<\/div>\n\t\t\t\t<\/div>\n\t\t\t\t\t<\/div>\n\t\t\t\t<\/div>\n\t\t<div class=\"elementor-element elementor-element-35a176f e-flex e-con-boxed e-con e-parent\" data-id=\"35a176f\" data-element_type=\"container\" data-e-type=\"container\">\n\t\t\t\t\t<div class=\"e-con-inner\">\n\t\t\t\t<div class=\"elementor-element elementor-element-506dc6f elementor-widget elementor-widget-heading\" data-id=\"506dc6f\" data-element_type=\"widget\" data-e-type=\"widget\" data-widget_type=\"heading.default\">\n\t\t\t\t<div class=\"elementor-widget-container\">\n\t\t\t\t\t<h5 class=\"elementor-heading-title elementor-size-default\">Mot du responsable p\u00e9dagogique<\/h5>\t\t\t\t<\/div>\n\t\t\t\t<\/div>\n\t\t\t\t\t<\/div>\n\t\t\t\t<\/div>\n\t\t<div class=\"elementor-element elementor-element-c0e1a9d e-flex e-con-boxed e-con e-parent\" data-id=\"c0e1a9d\" data-element_type=\"container\" data-e-type=\"container\">\n\t\t\t\t\t<div class=\"e-con-inner\">\n\t\t<div class=\"elementor-element elementor-element-f75c9c9 e-flex e-con-boxed e-con e-child\" data-id=\"f75c9c9\" data-element_type=\"container\" data-e-type=\"container\">\n\t\t\t\t\t<div class=\"e-con-inner\">\n\t\t\t\t<div class=\"elementor-element elementor-element-e1d35c8 elementor-widget elementor-widget-text-editor\" data-id=\"e1d35c8\" data-element_type=\"widget\" data-e-type=\"widget\" data-widget_type=\"text-editor.default\">\n\t\t\t\t<div class=\"elementor-widget-container\">\n\t\t\t\t\t\t\t\t\t<p data-start=\"1393\" data-end=\"1749\">Au sein de l\u2019INOOF, notre mission p\u00e9dagogique repose sur une vision claire : former des professionnels comp\u00e9tents, curieux et autonomes, capables de r\u00e9pondre aux besoins r\u00e9els du terrain.<br data-start=\"1580\" data-end=\"1583\" \/>La r\u00e9ussite de nos \u00e9tudiants est au centre de nos priorit\u00e9s, et nous mettons tout en \u0153uvre pour leur offrir un cadre d\u2019apprentissage rigoureux, stimulant et humain.<\/p><p data-start=\"1751\" data-end=\"2085\">Notre approche combine une solide base th\u00e9orique \u00e0 une formation pratique continue, dans un environnement encadr\u00e9 par des enseignants et intervenants exp\u00e9riment\u00e9s. Cette compl\u00e9mentarit\u00e9 entre la science et la pratique permet \u00e0 nos \u00e9tudiants d\u2019acqu\u00e9rir les comp\u00e9tences n\u00e9cessaires pour exercer leur m\u00e9tier avec excellence et \u00e9thique.<\/p><p data-start=\"2087\" data-end=\"2279\">Nous restons \u00e0 l\u2019\u00e9coute de chaque \u00e9tudiant, convaincus que la r\u00e9ussite collective passe avant tout par un accompagnement individuel et un engagement partag\u00e9 pour la qualit\u00e9 et la connaissance.<\/p>\t\t\t\t\t\t\t\t<\/div>\n\t\t\t\t<\/div>\n\t\t\t\t\t<\/div>\n\t\t\t\t<\/div>\n\t\t<div class=\"elementor-element elementor-element-94daf5f e-con-full e-flex e-con e-child\" data-id=\"94daf5f\" data-element_type=\"container\" data-e-type=\"container\">\n\t\t\t\t<div class=\"elementor-element elementor-element-ea138c2 elementor-widget elementor-widget-image\" data-id=\"ea138c2\" data-element_type=\"widget\" data-e-type=\"widget\" data-widget_type=\"image.default\">\n\t\t\t\t<div class=\"elementor-widget-container\">\n\t\t\t\t\t\t\t\t\t\t\t\t<figure class=\"wp-caption\">\n\t\t\t\t\t\t\t\t\t\t<img decoding=\"async\" src=\"https:\/\/inoof.edu.dz\/wp-content\/uploads\/elementor\/thumbs\/524296502_777674517934701_6964759110659757029_n-1-re59rcmvlaem8cl8wt58xseyp3hd3f9xys1tfvhpoc.jpg\" title=\"524296502_777674517934701_6964759110659757029_n\" alt=\"524296502_777674517934701_6964759110659757029_n\" loading=\"lazy\" \/>\t\t\t\t\t\t\t\t\t\t\t<figcaption class=\"widget-image-caption wp-caption-text\">M. AHMED CHEKKAT Amar, responsable p\u00e9dagogique de l'INOOF<\/figcaption>\n\t\t\t\t\t\t\t\t\t\t<\/figure>\n\t\t\t\t\t\t\t\t\t<\/div>\n\t\t\t\t<\/div>\n\t\t\t\t<\/div>\n\t\t\t\t\t<\/div>\n\t\t\t\t<\/div>\n\t\t\t\t<\/div>\n\t\t","protected":false},"excerpt":{"rendered":"<p>Staff administratif Les messages du directeur et du responsable p\u00e9dagogique, illustrant l&#8217;engagement de l&#8217;\u00e9quipe administrative de l&#8217;INOOF. Mot du directeur Pr. BOUTEKRABT Ammar, Directeur de l&#8217;INOOF L\u2019Institut d\u2019Optom\u00e9trie d\u2019Ouled Fayet [&hellip;]<\/p>\n","protected":false},"author":2,"featured_media":0,"parent":0,"menu_order":0,"comment_status":"closed","ping_status":"closed","template":"","meta":{"_eb_attr":"","breadcrumbs_single_post":"","page_title_panel":"","breadcrumbs_single_page":"","single_page_alignment":"","single_page_margin":"","page_structure_type":"","content_style_source":"","content_style":"","blog_post_streched_ed":"","blog_page_streched_ed":"","has_transparent_header":"","disable_transparent_header":"","vertical_spacing_source":"","content_area_spacing":"","single_post_content_background":"","single_page_content_background":"","single_post_boxed_content_spacing":"","single_page_boxed_content_spacing":"","single_post_content_boxed_radius":"","single_page_content_boxed_radius":"","disable_featured_image":"","disable_post_tags":"","disable_author_box":"","disable_posts_navigation":"","disable_comments":"","disable_related_posts":"","disable_header":"","disable_footer":"","footnotes":""},"class_list":["post-2457","page","type-page","status-publish","hentry","rishi-post","no-post-thumbnail"],"yoast_head":"<!-- This site is optimized with the Yoast SEO plugin v27.6 - https:\/\/yoast.com\/product\/yoast-seo-wordpress\/ -->\n<title>Mot de l&#039;\u00e9quipe p\u00e9dagogique - INOOF<\/title>\n<meta name=\"robots\" content=\"index, follow, max-snippet:-1, max-image-preview:large, max-video-preview:-1\" \/>\n<link rel=\"canonical\" href=\"https:\/\/inoof.edu.dz\/?page_id=2457\" \/>\n<meta property=\"og:locale\" content=\"en_US\" \/>\n<meta property=\"og:type\" content=\"article\" \/>\n<meta property=\"og:title\" content=\"Mot de l&#039;\u00e9quipe p\u00e9dagogique - INOOF\" \/>\n<meta property=\"og:description\" content=\"Staff administratif Les messages du directeur et du responsable p\u00e9dagogique, illustrant l&#8217;engagement de l&#8217;\u00e9quipe administrative de l&#8217;INOOF. Mot du directeur Pr. BOUTEKRABT Ammar, Directeur de l&#8217;INOOF L\u2019Institut d\u2019Optom\u00e9trie d\u2019Ouled Fayet [&hellip;]\" \/>\n<meta property=\"og:url\" content=\"https:\/\/inoof.edu.dz\/?page_id=2457\" \/>\n<meta property=\"og:site_name\" content=\"INOOF\" \/>\n<meta property=\"article:publisher\" content=\"https:\/\/www.facebook.com\/profile.php?id=100070764799497\" \/>\n<meta property=\"article:modified_time\" content=\"2025-11-03T04:38:36+00:00\" \/>\n<meta property=\"og:image\" content=\"https:\/\/inoof.edu.dz\/wp-content\/uploads\/elementor\/thumbs\/558439526_840309268337892_1388243036289796134_n-re59gcwv0pt5e248top9xalvttgpraqe62toc4svsu.jpg\" \/>\n<meta name=\"twitter:card\" content=\"summary_large_image\" \/>\n<meta name=\"twitter:label1\" content=\"Est. reading time\" \/>\n\t<meta name=\"twitter:data1\" content=\"2 minutes\" \/>\n<script type=\"application\/ld+json\" class=\"yoast-schema-graph\">{\"@context\":\"https:\\\/\\\/schema.org\",\"@graph\":[{\"@type\":\"WebPage\",\"@id\":\"https:\\\/\\\/inoof.edu.dz\\\/?page_id=2457\",\"url\":\"https:\\\/\\\/inoof.edu.dz\\\/?page_id=2457\",\"name\":\"Mot de l'\u00e9quipe p\u00e9dagogique - INOOF\",\"isPartOf\":{\"@id\":\"https:\\\/\\\/inoof.edu.dz\\\/#website\"},\"primaryImageOfPage\":{\"@id\":\"https:\\\/\\\/inoof.edu.dz\\\/?page_id=2457#primaryimage\"},\"image\":{\"@id\":\"https:\\\/\\\/inoof.edu.dz\\\/?page_id=2457#primaryimage\"},\"thumbnailUrl\":\"https:\\\/\\\/inoof.edu.dz\\\/wp-content\\\/uploads\\\/elementor\\\/thumbs\\\/558439526_840309268337892_1388243036289796134_n-re59gcwv0pt5e248top9xalvttgpraqe62toc4svsu.jpg\",\"datePublished\":\"2025-03-03T13:30:28+00:00\",\"dateModified\":\"2025-11-03T04:38:36+00:00\",\"breadcrumb\":{\"@id\":\"https:\\\/\\\/inoof.edu.dz\\\/?page_id=2457#breadcrumb\"},\"inLanguage\":\"en-US\",\"potentialAction\":[{\"@type\":\"ReadAction\",\"target\":[\"https:\\\/\\\/inoof.edu.dz\\\/?page_id=2457\"]}]},{\"@type\":\"ImageObject\",\"inLanguage\":\"en-US\",\"@id\":\"https:\\\/\\\/inoof.edu.dz\\\/?page_id=2457#primaryimage\",\"url\":\"https:\\\/\\\/inoof.edu.dz\\\/wp-content\\\/uploads\\\/elementor\\\/thumbs\\\/558439526_840309268337892_1388243036289796134_n-re59gcwv0pt5e248top9xalvttgpraqe62toc4svsu.jpg\",\"contentUrl\":\"https:\\\/\\\/inoof.edu.dz\\\/wp-content\\\/uploads\\\/elementor\\\/thumbs\\\/558439526_840309268337892_1388243036289796134_n-re59gcwv0pt5e248top9xalvttgpraqe62toc4svsu.jpg\"},{\"@type\":\"BreadcrumbList\",\"@id\":\"https:\\\/\\\/inoof.edu.dz\\\/?page_id=2457#breadcrumb\",\"itemListElement\":[{\"@type\":\"ListItem\",\"position\":1,\"name\":\"Home\",\"item\":\"https:\\\/\\\/inoof.edu.dz\\\/\"},{\"@type\":\"ListItem\",\"position\":2,\"name\":\"Mot de l&#8217;\u00e9quipe p\u00e9dagogique\"}]},{\"@type\":\"WebSite\",\"@id\":\"https:\\\/\\\/inoof.edu.dz\\\/#website\",\"url\":\"https:\\\/\\\/inoof.edu.dz\\\/\",\"name\":\"INOOF\",\"description\":\"\",\"publisher\":{\"@id\":\"https:\\\/\\\/inoof.edu.dz\\\/#organization\"},\"potentialAction\":[{\"@type\":\"SearchAction\",\"target\":{\"@type\":\"EntryPoint\",\"urlTemplate\":\"https:\\\/\\\/inoof.edu.dz\\\/?s={search_term_string}\"},\"query-input\":{\"@type\":\"PropertyValueSpecification\",\"valueRequired\":true,\"valueName\":\"search_term_string\"}}],\"inLanguage\":\"en-US\"},{\"@type\":\"Organization\",\"@id\":\"https:\\\/\\\/inoof.edu.dz\\\/#organization\",\"name\":\"INOOF\",\"url\":\"https:\\\/\\\/inoof.edu.dz\\\/\",\"logo\":{\"@type\":\"ImageObject\",\"inLanguage\":\"en-US\",\"@id\":\"https:\\\/\\\/inoof.edu.dz\\\/#\\\/schema\\\/logo\\\/image\\\/\",\"url\":\"https:\\\/\\\/inoof.edu.dz\\\/new-website\\\/wp-content\\\/uploads\\\/2025\\\/02\\\/inoof-trans-logo.png\",\"contentUrl\":\"https:\\\/\\\/inoof.edu.dz\\\/new-website\\\/wp-content\\\/uploads\\\/2025\\\/02\\\/inoof-trans-logo.png\",\"width\":500,\"height\":199,\"caption\":\"INOOF\"},\"image\":{\"@id\":\"https:\\\/\\\/inoof.edu.dz\\\/#\\\/schema\\\/logo\\\/image\\\/\"},\"sameAs\":[\"https:\\\/\\\/www.facebook.com\\\/profile.php?id=100070764799497\",\"https:\\\/\\\/www.instagram.com\\\/institutinoof\\\/\"]}]}<\/script>\n<!-- \/ Yoast SEO plugin. -->","yoast_head_json":{"title":"Mot de l'\u00e9quipe p\u00e9dagogique - INOOF","robots":{"index":"index","follow":"follow","max-snippet":"max-snippet:-1","max-image-preview":"max-image-preview:large","max-video-preview":"max-video-preview:-1"},"canonical":"https:\/\/inoof.edu.dz\/?page_id=2457","og_locale":"en_US","og_type":"article","og_title":"Mot de l'\u00e9quipe p\u00e9dagogique - INOOF","og_description":"Staff administratif Les messages du directeur et du responsable p\u00e9dagogique, illustrant l&#8217;engagement de l&#8217;\u00e9quipe administrative de l&#8217;INOOF. Mot du directeur Pr. BOUTEKRABT Ammar, Directeur de l&#8217;INOOF L\u2019Institut d\u2019Optom\u00e9trie d\u2019Ouled Fayet [&hellip;]","og_url":"https:\/\/inoof.edu.dz\/?page_id=2457","og_site_name":"INOOF","article_publisher":"https:\/\/www.facebook.com\/profile.php?id=100070764799497","article_modified_time":"2025-11-03T04:38:36+00:00","og_image":[{"url":"https:\/\/inoof.edu.dz\/wp-content\/uploads\/elementor\/thumbs\/558439526_840309268337892_1388243036289796134_n-re59gcwv0pt5e248top9xalvttgpraqe62toc4svsu.jpg","type":"","width":"","height":""}],"twitter_card":"summary_large_image","twitter_misc":{"Est. reading time":"2 minutes"},"schema":{"@context":"https:\/\/schema.org","@graph":[{"@type":"WebPage","@id":"https:\/\/inoof.edu.dz\/?page_id=2457","url":"https:\/\/inoof.edu.dz\/?page_id=2457","name":"Mot de l'\u00e9quipe p\u00e9dagogique - INOOF","isPartOf":{"@id":"https:\/\/inoof.edu.dz\/#website"},"primaryImageOfPage":{"@id":"https:\/\/inoof.edu.dz\/?page_id=2457#primaryimage"},"image":{"@id":"https:\/\/inoof.edu.dz\/?page_id=2457#primaryimage"},"thumbnailUrl":"https:\/\/inoof.edu.dz\/wp-content\/uploads\/elementor\/thumbs\/558439526_840309268337892_1388243036289796134_n-re59gcwv0pt5e248top9xalvttgpraqe62toc4svsu.jpg","datePublished":"2025-03-03T13:30:28+00:00","dateModified":"2025-11-03T04:38:36+00:00","breadcrumb":{"@id":"https:\/\/inoof.edu.dz\/?page_id=2457#breadcrumb"},"inLanguage":"en-US","potentialAction":[{"@type":"ReadAction","target":["https:\/\/inoof.edu.dz\/?page_id=2457"]}]},{"@type":"ImageObject","inLanguage":"en-US","@id":"https:\/\/inoof.edu.dz\/?page_id=2457#primaryimage","url":"https:\/\/inoof.edu.dz\/wp-content\/uploads\/elementor\/thumbs\/558439526_840309268337892_1388243036289796134_n-re59gcwv0pt5e248top9xalvttgpraqe62toc4svsu.jpg","contentUrl":"https:\/\/inoof.edu.dz\/wp-content\/uploads\/elementor\/thumbs\/558439526_840309268337892_1388243036289796134_n-re59gcwv0pt5e248top9xalvttgpraqe62toc4svsu.jpg"},{"@type":"BreadcrumbList","@id":"https:\/\/inoof.edu.dz\/?page_id=2457#breadcrumb","itemListElement":[{"@type":"ListItem","position":1,"name":"Home","item":"https:\/\/inoof.edu.dz\/"},{"@type":"ListItem","position":2,"name":"Mot de l&#8217;\u00e9quipe p\u00e9dagogique"}]},{"@type":"WebSite","@id":"https:\/\/inoof.edu.dz\/#website","url":"https:\/\/inoof.edu.dz\/","name":"INOOF","description":"","publisher":{"@id":"https:\/\/inoof.edu.dz\/#organization"},"potentialAction":[{"@type":"SearchAction","target":{"@type":"EntryPoint","urlTemplate":"https:\/\/inoof.edu.dz\/?s={search_term_string}"},"query-input":{"@type":"PropertyValueSpecification","valueRequired":true,"valueName":"search_term_string"}}],"inLanguage":"en-US"},{"@type":"Organization","@id":"https:\/\/inoof.edu.dz\/#organization","name":"INOOF","url":"https:\/\/inoof.edu.dz\/","logo":{"@type":"ImageObject","inLanguage":"en-US","@id":"https:\/\/inoof.edu.dz\/#\/schema\/logo\/image\/","url":"https:\/\/inoof.edu.dz\/new-website\/wp-content\/uploads\/2025\/02\/inoof-trans-logo.png","contentUrl":"https:\/\/inoof.edu.dz\/new-website\/wp-content\/uploads\/2025\/02\/inoof-trans-logo.png","width":500,"height":199,"caption":"INOOF"},"image":{"@id":"https:\/\/inoof.edu.dz\/#\/schema\/logo\/image\/"},"sameAs":["https:\/\/www.facebook.com\/profile.php?id=100070764799497","https:\/\/www.instagram.com\/institutinoof\/"]}]}},"_links":{"self":[{"href":"https:\/\/inoof.edu.dz\/index.php?rest_route=\/wp\/v2\/pages\/2457","targetHints":{"allow":["GET"]}}],"collection":[{"href":"https:\/\/inoof.edu.dz\/index.php?rest_route=\/wp\/v2\/pages"}],"about":[{"href":"https:\/\/inoof.edu.dz\/index.php?rest_route=\/wp\/v2\/types\/page"}],"author":[{"embeddable":true,"href":"https:\/\/inoof.edu.dz\/index.php?rest_route=\/wp\/v2\/users\/2"}],"replies":[{"embeddable":true,"href":"https:\/\/inoof.edu.dz\/index.php?rest_route=%2Fwp%2Fv2%2Fcomments&post=2457"}],"version-history":[{"count":95,"href":"https:\/\/inoof.edu.dz\/index.php?rest_route=\/wp\/v2\/pages\/2457\/revisions"}],"predecessor-version":[{"id":4425,"href":"https:\/\/inoof.edu.dz\/index.php?rest_route=\/wp\/v2\/pages\/2457\/revisions\/4425"}],"wp:attachment":[{"href":"https:\/\/inoof.edu.dz\/index.php?rest_route=%2Fwp%2Fv2%2Fmedia&parent=2457"}],"curies":[{"name":"wp","href":"https:\/\/api.w.org\/{rel}","templated":true}]}}