{"id":2554,"date":"2025-03-05T13:11:25","date_gmt":"2025-03-05T13:11:25","guid":{"rendered":"https:\/\/inoof.edu.dz\/new-website\/?page_id=2554"},"modified":"2025-11-12T04:54:18","modified_gmt":"2025-11-12T04:54:18","slug":"les-structures-de-linoof","status":"publish","type":"page","link":"https:\/\/inoof.edu.dz\/?page_id=2554","title":{"rendered":"Les structures de l&#8217;INOOF"},"content":{"rendered":"\t\t<div data-elementor-type=\"wp-page\" data-elementor-id=\"2554\" class=\"elementor elementor-2554\">\n\t\t\t\t<div class=\"elementor-element elementor-element-949450d e-flex e-con-boxed e-con e-parent\" data-id=\"949450d\" data-element_type=\"container\" data-e-type=\"container\">\n\t\t\t\t\t<div class=\"e-con-inner\">\n\t\t\t\t<div class=\"elementor-element elementor-element-6b655a1 eael-dual-header-content-align-center elementor-widget elementor-widget-eael-dual-color-header\" data-id=\"6b655a1\" data-element_type=\"widget\" data-e-type=\"widget\" data-widget_type=\"eael-dual-color-header.default\">\n\t\t\t\t<div class=\"elementor-widget-container\">\n\t\t\t\t\t\t\t\t<div class=\"eael-dual-header\">\n\t\t\t\t<h2 class=\"title eael-dch-title\"><span class=\"eael-dch-title-text eael-dch-title-lead lead solid-color\">Nos<\/span> <span class=\"eael-dch-title-text\">structures<\/span><\/h2><div class=\"eael-dch-separator-wrap\"><span class=\"separator-one\"><\/span>\n\t\t\t<span class=\"separator-two\"><\/span><\/div>\t\t\t\t\t<span class=\"subtext\"><p>D\u00e9couvrez les infrastructures modernes de l\u2019INOOF, pens\u00e9es pour offrir aux \u00e9tudiants un environnement d\u2019apprentissage alliant confort, innovation et excellence acad\u00e9mique.<\/p><\/span>\n\t\t\t\t\t\t\t\t\t<span class=\"eael-dch-svg-icon\"><svg aria-hidden=\"true\" class=\"e-font-icon-svg e-fas-caret-down\" viewBox=\"0 0 320 512\" xmlns=\"http:\/\/www.w3.org\/2000\/svg\"><path d=\"M31.3 192h257.3c17.8 0 26.7 21.5 14.1 34.1L174.1 354.8c-7.8 7.8-20.5 7.8-28.3 0L17.2 226.1C4.6 213.5 13.5 192 31.3 192z\"><\/path><\/svg><\/span>\t\t\t\t\t\t\t<\/div>\n\n\t\t\t\t\t\t<\/div>\n\t\t\t\t<\/div>\n\t\t\t\t\t<\/div>\n\t\t\t\t<\/div>\n\t\t<div class=\"elementor-element elementor-element-048c8cd e-flex e-con-boxed e-con e-parent\" data-id=\"048c8cd\" data-element_type=\"container\" data-e-type=\"container\">\n\t\t\t\t\t<div class=\"e-con-inner\">\n\t\t\t\t<div class=\"elementor-element elementor-element-598fc7f elementor-widget elementor-widget-text-editor\" data-id=\"598fc7f\" data-element_type=\"widget\" data-e-type=\"widget\" data-widget_type=\"text-editor.default\">\n\t\t\t\t<div class=\"elementor-widget-container\">\n\t\t\t\t\t\t\t\t\t<p data-start=\"236\" data-end=\"466\">L\u2019Institut d\u2019Optom\u00e9trie d\u2019Ouled Fayet (INOOF) dispose d\u2019infrastructures modernes et adapt\u00e9es \u00e0 l\u2019enseignement sup\u00e9rieur, offrant aux \u00e9tudiants un cadre d\u2019apprentissage confortable, fonctionnel et propice \u00e0 l\u2019excellence acad\u00e9mique.<\/p><p data-start=\"468\" data-end=\"820\">Nos <strong data-start=\"472\" data-end=\"510\">dix salles de travaux dirig\u00e9s (TD)<\/strong>, toutes \u00e9quip\u00e9es de vid\u00e9oprojecteurs et desservies par un syst\u00e8me de <strong data-start=\"580\" data-end=\"606\">climatisation centrale<\/strong>, accueillent les cours quotidiens dans des conditions optimales. Con\u00e7ues pour favoriser la participation et l\u2019\u00e9change, elles permettent aux \u00e9tudiants de b\u00e9n\u00e9ficier d\u2019un environnement d\u2019\u00e9tude agr\u00e9able et dynamique.<\/p><p data-start=\"822\" data-end=\"1132\">L\u2019institut comprend \u00e9galement <strong data-start=\"852\" data-end=\"874\">deux amphith\u00e9\u00e2tres<\/strong> d\u2019une capacit\u00e9 d\u2019environ <strong data-start=\"900\" data-end=\"921\">100 places chacun<\/strong>, utilis\u00e9s pour les cours magistraux, les conf\u00e9rences scientifiques et les soutenances de projets de fin d\u2019\u00e9tudes. Ces espaces favorisent les rencontres entre \u00e9tudiants, enseignants et professionnels du secteur.<\/p><p data-start=\"1134\" data-end=\"1470\">Les <strong data-start=\"1138\" data-end=\"1166\">laboratoires sp\u00e9cialis\u00e9s<\/strong> constituent le c\u0153ur de la formation pratique \u00e0 l\u2019INOOF. R\u00e9partis en quatre p\u00f4les \u2014 <strong data-start=\"1250\" data-end=\"1295\">optom\u00e9trie, lunetterie, optique et chimie<\/strong> \u2014 ils offrent aux \u00e9tudiants l\u2019opportunit\u00e9 de mettre en pratique les connaissances acquises, tout en d\u00e9veloppant les comp\u00e9tences techniques indispensables \u00e0 leur futur m\u00e9tier.<\/p><p data-start=\"1472\" data-end=\"1736\">Une <strong data-start=\"1476\" data-end=\"1500\">salle d\u2019informatique<\/strong> moderne est mise \u00e0 la disposition des \u00e9tudiants pour la r\u00e9alisation de travaux, la recherche documentaire et la consultation de la <strong data-start=\"1632\" data-end=\"1658\">biblioth\u00e8que virtuelle<\/strong> de l\u2019institut, facilitant l\u2019acc\u00e8s \u00e0 des ressources scientifiques actualis\u00e9es.<\/p><p>\u00a0<\/p><p data-start=\"1738\" data-end=\"1979\">Enfin, pour favoriser la vie \u00e9tudiante, l\u2019institut dispose d\u2019un <strong data-start=\"1802\" data-end=\"1817\">grand foyer<\/strong> accueillant un <strong data-start=\"1833\" data-end=\"1853\">espace caf\u00e9t\u00e9ria<\/strong>, lieu convivial de d\u00e9tente et d\u2019\u00e9changes entre \u00e9tudiants, contribuant \u00e0 la coh\u00e9sion et \u00e0 la dynamique de la communaut\u00e9 INOOF.<\/p>\t\t\t\t\t\t\t\t<\/div>\n\t\t\t\t<\/div>\n\t\t\t\t\t<\/div>\n\t\t\t\t<\/div>\n\t\t\t\t<\/div>\n\t\t","protected":false},"excerpt":{"rendered":"<p>Nos structures D\u00e9couvrez les infrastructures modernes de l\u2019INOOF, pens\u00e9es pour offrir aux \u00e9tudiants un environnement d\u2019apprentissage alliant confort, innovation et excellence acad\u00e9mique. L\u2019Institut d\u2019Optom\u00e9trie d\u2019Ouled Fayet (INOOF) dispose d\u2019infrastructures modernes [&hellip;]<\/p>\n","protected":false},"author":1,"featured_media":0,"parent":0,"menu_order":0,"comment_status":"closed","ping_status":"closed","template":"","meta":{"_eb_attr":"","breadcrumbs_single_post":"","page_title_panel":"","breadcrumbs_single_page":"","single_page_alignment":"","single_page_margin":"","page_structure_type":"","content_style_source":"","content_style":"","blog_post_streched_ed":"","blog_page_streched_ed":"","has_transparent_header":"","disable_transparent_header":"","vertical_spacing_source":"","content_area_spacing":"","single_post_content_background":"","single_page_content_background":"","single_post_boxed_content_spacing":"","single_page_boxed_content_spacing":"","single_post_content_boxed_radius":"","single_page_content_boxed_radius":"","disable_featured_image":"","disable_post_tags":"","disable_author_box":"","disable_posts_navigation":"","disable_comments":"","disable_related_posts":"","disable_header":"","disable_footer":"","footnotes":""},"class_list":["post-2554","page","type-page","status-publish","hentry","rishi-post","no-post-thumbnail"],"yoast_head":"<!-- This site is optimized with the Yoast SEO plugin v27.6 - https:\/\/yoast.com\/product\/yoast-seo-wordpress\/ -->\n<title>Les structures de l&#039;INOOF - INOOF<\/title>\n<meta name=\"robots\" content=\"index, follow, max-snippet:-1, max-image-preview:large, max-video-preview:-1\" \/>\n<link rel=\"canonical\" href=\"https:\/\/inoof.edu.dz\/?page_id=2554\" \/>\n<meta property=\"og:locale\" content=\"en_US\" \/>\n<meta property=\"og:type\" content=\"article\" \/>\n<meta property=\"og:title\" content=\"Les structures de l&#039;INOOF - INOOF\" \/>\n<meta property=\"og:description\" content=\"Nos structures D\u00e9couvrez les infrastructures modernes de l\u2019INOOF, pens\u00e9es pour offrir aux \u00e9tudiants un environnement d\u2019apprentissage alliant confort, innovation et excellence acad\u00e9mique. L\u2019Institut d\u2019Optom\u00e9trie d\u2019Ouled Fayet (INOOF) dispose d\u2019infrastructures modernes [&hellip;]\" \/>\n<meta property=\"og:url\" content=\"https:\/\/inoof.edu.dz\/?page_id=2554\" \/>\n<meta property=\"og:site_name\" content=\"INOOF\" \/>\n<meta property=\"article:publisher\" content=\"https:\/\/www.facebook.com\/profile.php?id=100070764799497\" \/>\n<meta property=\"article:modified_time\" content=\"2025-11-12T04:54:18+00:00\" \/>\n<meta property=\"og:image\" content=\"https:\/\/inoof.edu.dz\/wp-content\/uploads\/2025\/03\/Design-sans-titre-1-1.png\" \/>\n\t<meta property=\"og:image:width\" content=\"512\" \/>\n\t<meta property=\"og:image:height\" content=\"512\" \/>\n\t<meta property=\"og:image:type\" content=\"image\/png\" \/>\n<meta name=\"twitter:card\" content=\"summary_large_image\" \/>\n<meta name=\"twitter:label1\" content=\"Est. reading time\" \/>\n\t<meta name=\"twitter:data1\" content=\"2 minutes\" \/>\n<script type=\"application\/ld+json\" class=\"yoast-schema-graph\">{\"@context\":\"https:\\\/\\\/schema.org\",\"@graph\":[{\"@type\":\"WebPage\",\"@id\":\"https:\\\/\\\/inoof.edu.dz\\\/?page_id=2554\",\"url\":\"https:\\\/\\\/inoof.edu.dz\\\/?page_id=2554\",\"name\":\"Les structures de l'INOOF - INOOF\",\"isPartOf\":{\"@id\":\"https:\\\/\\\/inoof.edu.dz\\\/#website\"},\"datePublished\":\"2025-03-05T13:11:25+00:00\",\"dateModified\":\"2025-11-12T04:54:18+00:00\",\"breadcrumb\":{\"@id\":\"https:\\\/\\\/inoof.edu.dz\\\/?page_id=2554#breadcrumb\"},\"inLanguage\":\"en-US\",\"potentialAction\":[{\"@type\":\"ReadAction\",\"target\":[\"https:\\\/\\\/inoof.edu.dz\\\/?page_id=2554\"]}]},{\"@type\":\"BreadcrumbList\",\"@id\":\"https:\\\/\\\/inoof.edu.dz\\\/?page_id=2554#breadcrumb\",\"itemListElement\":[{\"@type\":\"ListItem\",\"position\":1,\"name\":\"Home\",\"item\":\"https:\\\/\\\/inoof.edu.dz\\\/\"},{\"@type\":\"ListItem\",\"position\":2,\"name\":\"Les structures de l&#8217;INOOF\"}]},{\"@type\":\"WebSite\",\"@id\":\"https:\\\/\\\/inoof.edu.dz\\\/#website\",\"url\":\"https:\\\/\\\/inoof.edu.dz\\\/\",\"name\":\"INOOF\",\"description\":\"\",\"publisher\":{\"@id\":\"https:\\\/\\\/inoof.edu.dz\\\/#organization\"},\"potentialAction\":[{\"@type\":\"SearchAction\",\"target\":{\"@type\":\"EntryPoint\",\"urlTemplate\":\"https:\\\/\\\/inoof.edu.dz\\\/?s={search_term_string}\"},\"query-input\":{\"@type\":\"PropertyValueSpecification\",\"valueRequired\":true,\"valueName\":\"search_term_string\"}}],\"inLanguage\":\"en-US\"},{\"@type\":\"Organization\",\"@id\":\"https:\\\/\\\/inoof.edu.dz\\\/#organization\",\"name\":\"INOOF\",\"url\":\"https:\\\/\\\/inoof.edu.dz\\\/\",\"logo\":{\"@type\":\"ImageObject\",\"inLanguage\":\"en-US\",\"@id\":\"https:\\\/\\\/inoof.edu.dz\\\/#\\\/schema\\\/logo\\\/image\\\/\",\"url\":\"https:\\\/\\\/inoof.edu.dz\\\/new-website\\\/wp-content\\\/uploads\\\/2025\\\/02\\\/inoof-trans-logo.png\",\"contentUrl\":\"https:\\\/\\\/inoof.edu.dz\\\/new-website\\\/wp-content\\\/uploads\\\/2025\\\/02\\\/inoof-trans-logo.png\",\"width\":500,\"height\":199,\"caption\":\"INOOF\"},\"image\":{\"@id\":\"https:\\\/\\\/inoof.edu.dz\\\/#\\\/schema\\\/logo\\\/image\\\/\"},\"sameAs\":[\"https:\\\/\\\/www.facebook.com\\\/profile.php?id=100070764799497\",\"https:\\\/\\\/www.instagram.com\\\/institutinoof\\\/\"]}]}<\/script>\n<!-- \/ Yoast SEO plugin. -->","yoast_head_json":{"title":"Les structures de l'INOOF - INOOF","robots":{"index":"index","follow":"follow","max-snippet":"max-snippet:-1","max-image-preview":"max-image-preview:large","max-video-preview":"max-video-preview:-1"},"canonical":"https:\/\/inoof.edu.dz\/?page_id=2554","og_locale":"en_US","og_type":"article","og_title":"Les structures de l'INOOF - INOOF","og_description":"Nos structures D\u00e9couvrez les infrastructures modernes de l\u2019INOOF, pens\u00e9es pour offrir aux \u00e9tudiants un environnement d\u2019apprentissage alliant confort, innovation et excellence acad\u00e9mique. L\u2019Institut d\u2019Optom\u00e9trie d\u2019Ouled Fayet (INOOF) dispose d\u2019infrastructures modernes [&hellip;]","og_url":"https:\/\/inoof.edu.dz\/?page_id=2554","og_site_name":"INOOF","article_publisher":"https:\/\/www.facebook.com\/profile.php?id=100070764799497","article_modified_time":"2025-11-12T04:54:18+00:00","og_image":[{"width":512,"height":512,"url":"https:\/\/inoof.edu.dz\/wp-content\/uploads\/2025\/03\/Design-sans-titre-1-1.png","type":"image\/png"}],"twitter_card":"summary_large_image","twitter_misc":{"Est. reading time":"2 minutes"},"schema":{"@context":"https:\/\/schema.org","@graph":[{"@type":"WebPage","@id":"https:\/\/inoof.edu.dz\/?page_id=2554","url":"https:\/\/inoof.edu.dz\/?page_id=2554","name":"Les structures de l'INOOF - INOOF","isPartOf":{"@id":"https:\/\/inoof.edu.dz\/#website"},"datePublished":"2025-03-05T13:11:25+00:00","dateModified":"2025-11-12T04:54:18+00:00","breadcrumb":{"@id":"https:\/\/inoof.edu.dz\/?page_id=2554#breadcrumb"},"inLanguage":"en-US","potentialAction":[{"@type":"ReadAction","target":["https:\/\/inoof.edu.dz\/?page_id=2554"]}]},{"@type":"BreadcrumbList","@id":"https:\/\/inoof.edu.dz\/?page_id=2554#breadcrumb","itemListElement":[{"@type":"ListItem","position":1,"name":"Home","item":"https:\/\/inoof.edu.dz\/"},{"@type":"ListItem","position":2,"name":"Les structures de l&#8217;INOOF"}]},{"@type":"WebSite","@id":"https:\/\/inoof.edu.dz\/#website","url":"https:\/\/inoof.edu.dz\/","name":"INOOF","description":"","publisher":{"@id":"https:\/\/inoof.edu.dz\/#organization"},"potentialAction":[{"@type":"SearchAction","target":{"@type":"EntryPoint","urlTemplate":"https:\/\/inoof.edu.dz\/?s={search_term_string}"},"query-input":{"@type":"PropertyValueSpecification","valueRequired":true,"valueName":"search_term_string"}}],"inLanguage":"en-US"},{"@type":"Organization","@id":"https:\/\/inoof.edu.dz\/#organization","name":"INOOF","url":"https:\/\/inoof.edu.dz\/","logo":{"@type":"ImageObject","inLanguage":"en-US","@id":"https:\/\/inoof.edu.dz\/#\/schema\/logo\/image\/","url":"https:\/\/inoof.edu.dz\/new-website\/wp-content\/uploads\/2025\/02\/inoof-trans-logo.png","contentUrl":"https:\/\/inoof.edu.dz\/new-website\/wp-content\/uploads\/2025\/02\/inoof-trans-logo.png","width":500,"height":199,"caption":"INOOF"},"image":{"@id":"https:\/\/inoof.edu.dz\/#\/schema\/logo\/image\/"},"sameAs":["https:\/\/www.facebook.com\/profile.php?id=100070764799497","https:\/\/www.instagram.com\/institutinoof\/"]}]}},"_links":{"self":[{"href":"https:\/\/inoof.edu.dz\/index.php?rest_route=\/wp\/v2\/pages\/2554","targetHints":{"allow":["GET"]}}],"collection":[{"href":"https:\/\/inoof.edu.dz\/index.php?rest_route=\/wp\/v2\/pages"}],"about":[{"href":"https:\/\/inoof.edu.dz\/index.php?rest_route=\/wp\/v2\/types\/page"}],"author":[{"embeddable":true,"href":"https:\/\/inoof.edu.dz\/index.php?rest_route=\/wp\/v2\/users\/1"}],"replies":[{"embeddable":true,"href":"https:\/\/inoof.edu.dz\/index.php?rest_route=%2Fwp%2Fv2%2Fcomments&post=2554"}],"version-history":[{"count":5,"href":"https:\/\/inoof.edu.dz\/index.php?rest_route=\/wp\/v2\/pages\/2554\/revisions"}],"predecessor-version":[{"id":4780,"href":"https:\/\/inoof.edu.dz\/index.php?rest_route=\/wp\/v2\/pages\/2554\/revisions\/4780"}],"wp:attachment":[{"href":"https:\/\/inoof.edu.dz\/index.php?rest_route=%2Fwp%2Fv2%2Fmedia&parent=2554"}],"curies":[{"name":"wp","href":"https:\/\/api.w.org\/{rel}","templated":true}]}}