{"id":3261,"date":"2025-04-07T07:59:13","date_gmt":"2025-04-07T07:59:13","guid":{"rendered":"https:\/\/inoof.edu.dz\/new-website\/?page_id=3261"},"modified":"2025-04-07T11:03:53","modified_gmt":"2025-04-07T11:03:53","slug":"stages-de-master","status":"publish","type":"page","link":"https:\/\/inoof.edu.dz\/?page_id=3261","title":{"rendered":"Stages de Master"},"content":{"rendered":"\t\t<div data-elementor-type=\"wp-page\" data-elementor-id=\"3261\" class=\"elementor elementor-3261\">\n\t\t\t\t<div class=\"elementor-element elementor-element-224fe9d e-flex e-con-boxed e-con e-parent\" data-id=\"224fe9d\" data-element_type=\"container\" data-e-type=\"container\">\n\t\t\t\t\t<div class=\"e-con-inner\">\n\t\t\t\t<div class=\"elementor-element elementor-element-ff77443 eael-dual-header-content-align-center elementor-widget elementor-widget-eael-dual-color-header\" data-id=\"ff77443\" data-element_type=\"widget\" data-e-type=\"widget\" data-widget_type=\"eael-dual-color-header.default\">\n\t\t\t\t<div class=\"elementor-widget-container\">\n\t\t\t\t\t\t\t\t<div class=\"eael-dual-header\">\n\t\t\t\t<h2 class=\"title eael-dch-title\"><span class=\"eael-dch-title-text eael-dch-title-lead lead solid-color\">Stages de<\/span> <span class=\"eael-dch-title-text\">Master<\/span><\/h2><div class=\"eael-dch-separator-wrap\"><span class=\"separator-one\"><\/span>\n\t\t\t<span class=\"separator-two\"><\/span><\/div>\t\t\t\t\t<span class=\"subtext\"><p>\u00c0 l\u2019INOOF, le stage de master constitue une composante essentielle de la formation, consolidant les acquis acad\u00e9miques par une exp\u00e9rience pratique encadr\u00e9e.<\/p><\/span>\n\t\t\t\t\t\t\t\t\t<span class=\"eael-dch-svg-icon\"><svg aria-hidden=\"true\" class=\"e-font-icon-svg e-fas-caret-down\" viewBox=\"0 0 320 512\" xmlns=\"http:\/\/www.w3.org\/2000\/svg\"><path d=\"M31.3 192h257.3c17.8 0 26.7 21.5 14.1 34.1L174.1 354.8c-7.8 7.8-20.5 7.8-28.3 0L17.2 226.1C4.6 213.5 13.5 192 31.3 192z\"><\/path><\/svg><\/span>\t\t\t\t\t\t\t<\/div>\n\n\t\t\t\t\t\t<\/div>\n\t\t\t\t<\/div>\n\t\t\t\t\t<\/div>\n\t\t\t\t<\/div>\n\t\t<div class=\"elementor-element elementor-element-5a423e7 e-flex e-con-boxed e-con e-parent\" data-id=\"5a423e7\" data-element_type=\"container\" data-e-type=\"container\">\n\t\t\t\t\t<div class=\"e-con-inner\">\n\t\t\t\t<div class=\"elementor-element elementor-element-e796cba elementor-widget elementor-widget-image\" data-id=\"e796cba\" data-element_type=\"widget\" data-e-type=\"widget\" data-widget_type=\"image.default\">\n\t\t\t\t<div class=\"elementor-widget-container\">\n\t\t\t\t\t\t\t\t\t\t\t\t\t\t\t<img fetchpriority=\"high\" decoding=\"async\" width=\"750\" height=\"375\" src=\"https:\/\/inoof.edu.dz\/wp-content\/uploads\/2025\/03\/pagenotfound-1024x512.jpg\" class=\"attachment-large size-large wp-image-3015\" alt=\"\" srcset=\"https:\/\/inoof.edu.dz\/wp-content\/uploads\/2025\/03\/pagenotfound-1024x512.jpg 1024w, https:\/\/inoof.edu.dz\/wp-content\/uploads\/2025\/03\/pagenotfound-300x150.jpg 300w, https:\/\/inoof.edu.dz\/wp-content\/uploads\/2025\/03\/pagenotfound-768x384.jpg 768w, https:\/\/inoof.edu.dz\/wp-content\/uploads\/2025\/03\/pagenotfound-1536x768.jpg 1536w, https:\/\/inoof.edu.dz\/wp-content\/uploads\/2025\/03\/pagenotfound.jpg 1600w\" sizes=\"(max-width: 750px) 100vw, 750px\" \/>\t\t\t\t\t\t\t\t\t\t\t\t\t\t\t<\/div>\n\t\t\t\t<\/div>\n\t\t\t\t\t<\/div>\n\t\t\t\t<\/div>\n\t\t\t\t<\/div>\n\t\t","protected":false},"excerpt":{"rendered":"<p>Stages de Master \u00c0 l\u2019INOOF, le stage de master constitue une composante essentielle de la formation, consolidant les acquis acad\u00e9miques par une exp\u00e9rience pratique encadr\u00e9e.<\/p>\n","protected":false},"author":2,"featured_media":0,"parent":0,"menu_order":0,"comment_status":"closed","ping_status":"closed","template":"","meta":{"_eb_attr":"","breadcrumbs_single_post":"","page_title_panel":"","breadcrumbs_single_page":"","single_page_alignment":"","single_page_margin":"","page_structure_type":"","content_style_source":"","content_style":"","blog_post_streched_ed":"","blog_page_streched_ed":"","has_transparent_header":"","disable_transparent_header":"","vertical_spacing_source":"","content_area_spacing":"","single_post_content_background":"","single_page_content_background":"","single_post_boxed_content_spacing":"","single_page_boxed_content_spacing":"","single_post_content_boxed_radius":"","single_page_content_boxed_radius":"","disable_featured_image":"","disable_post_tags":"","disable_author_box":"","disable_posts_navigation":"","disable_comments":"","disable_related_posts":"","disable_header":"","disable_footer":"","footnotes":""},"class_list":["post-3261","page","type-page","status-publish","hentry","rishi-post","no-post-thumbnail"],"yoast_head":"<!-- This site is optimized with the Yoast SEO plugin v27.6 - https:\/\/yoast.com\/product\/yoast-seo-wordpress\/ -->\n<title>Stages de Master - INOOF<\/title>\n<meta name=\"robots\" content=\"index, follow, max-snippet:-1, max-image-preview:large, max-video-preview:-1\" \/>\n<link rel=\"canonical\" href=\"https:\/\/inoof.edu.dz\/?page_id=3261\" \/>\n<meta property=\"og:locale\" content=\"en_US\" \/>\n<meta property=\"og:type\" content=\"article\" \/>\n<meta property=\"og:title\" content=\"Stages de Master - INOOF\" \/>\n<meta property=\"og:description\" content=\"Stages de Master \u00c0 l\u2019INOOF, le stage de master constitue une composante essentielle de la formation, consolidant les acquis acad\u00e9miques par une exp\u00e9rience pratique encadr\u00e9e.\" \/>\n<meta property=\"og:url\" content=\"https:\/\/inoof.edu.dz\/?page_id=3261\" \/>\n<meta property=\"og:site_name\" content=\"INOOF\" \/>\n<meta property=\"article:publisher\" content=\"https:\/\/www.facebook.com\/profile.php?id=100070764799497\" \/>\n<meta property=\"article:modified_time\" content=\"2025-04-07T11:03:53+00:00\" \/>\n<meta property=\"og:image\" content=\"https:\/\/inoof.edu.dz\/new-website\/wp-content\/uploads\/2025\/03\/pagenotfound-1024x512.jpg\" \/>\n<meta name=\"twitter:card\" content=\"summary_large_image\" \/>\n<meta name=\"twitter:label1\" content=\"Est. reading time\" \/>\n\t<meta name=\"twitter:data1\" content=\"1 minute\" \/>\n<script type=\"application\/ld+json\" class=\"yoast-schema-graph\">{\"@context\":\"https:\\\/\\\/schema.org\",\"@graph\":[{\"@type\":\"WebPage\",\"@id\":\"https:\\\/\\\/inoof.edu.dz\\\/?page_id=3261\",\"url\":\"https:\\\/\\\/inoof.edu.dz\\\/?page_id=3261\",\"name\":\"Stages de Master - INOOF\",\"isPartOf\":{\"@id\":\"https:\\\/\\\/inoof.edu.dz\\\/#website\"},\"primaryImageOfPage\":{\"@id\":\"https:\\\/\\\/inoof.edu.dz\\\/?page_id=3261#primaryimage\"},\"image\":{\"@id\":\"https:\\\/\\\/inoof.edu.dz\\\/?page_id=3261#primaryimage\"},\"thumbnailUrl\":\"https:\\\/\\\/inoof.edu.dz\\\/new-website\\\/wp-content\\\/uploads\\\/2025\\\/03\\\/pagenotfound-1024x512.jpg\",\"datePublished\":\"2025-04-07T07:59:13+00:00\",\"dateModified\":\"2025-04-07T11:03:53+00:00\",\"breadcrumb\":{\"@id\":\"https:\\\/\\\/inoof.edu.dz\\\/?page_id=3261#breadcrumb\"},\"inLanguage\":\"en-US\",\"potentialAction\":[{\"@type\":\"ReadAction\",\"target\":[\"https:\\\/\\\/inoof.edu.dz\\\/?page_id=3261\"]}]},{\"@type\":\"ImageObject\",\"inLanguage\":\"en-US\",\"@id\":\"https:\\\/\\\/inoof.edu.dz\\\/?page_id=3261#primaryimage\",\"url\":\"https:\\\/\\\/inoof.edu.dz\\\/wp-content\\\/uploads\\\/2025\\\/03\\\/pagenotfound.jpg\",\"contentUrl\":\"https:\\\/\\\/inoof.edu.dz\\\/wp-content\\\/uploads\\\/2025\\\/03\\\/pagenotfound.jpg\",\"width\":1600,\"height\":800},{\"@type\":\"BreadcrumbList\",\"@id\":\"https:\\\/\\\/inoof.edu.dz\\\/?page_id=3261#breadcrumb\",\"itemListElement\":[{\"@type\":\"ListItem\",\"position\":1,\"name\":\"Home\",\"item\":\"https:\\\/\\\/inoof.edu.dz\\\/\"},{\"@type\":\"ListItem\",\"position\":2,\"name\":\"Stages de Master\"}]},{\"@type\":\"WebSite\",\"@id\":\"https:\\\/\\\/inoof.edu.dz\\\/#website\",\"url\":\"https:\\\/\\\/inoof.edu.dz\\\/\",\"name\":\"INOOF\",\"description\":\"\",\"publisher\":{\"@id\":\"https:\\\/\\\/inoof.edu.dz\\\/#organization\"},\"potentialAction\":[{\"@type\":\"SearchAction\",\"target\":{\"@type\":\"EntryPoint\",\"urlTemplate\":\"https:\\\/\\\/inoof.edu.dz\\\/?s={search_term_string}\"},\"query-input\":{\"@type\":\"PropertyValueSpecification\",\"valueRequired\":true,\"valueName\":\"search_term_string\"}}],\"inLanguage\":\"en-US\"},{\"@type\":\"Organization\",\"@id\":\"https:\\\/\\\/inoof.edu.dz\\\/#organization\",\"name\":\"INOOF\",\"url\":\"https:\\\/\\\/inoof.edu.dz\\\/\",\"logo\":{\"@type\":\"ImageObject\",\"inLanguage\":\"en-US\",\"@id\":\"https:\\\/\\\/inoof.edu.dz\\\/#\\\/schema\\\/logo\\\/image\\\/\",\"url\":\"https:\\\/\\\/inoof.edu.dz\\\/new-website\\\/wp-content\\\/uploads\\\/2025\\\/02\\\/inoof-trans-logo.png\",\"contentUrl\":\"https:\\\/\\\/inoof.edu.dz\\\/new-website\\\/wp-content\\\/uploads\\\/2025\\\/02\\\/inoof-trans-logo.png\",\"width\":500,\"height\":199,\"caption\":\"INOOF\"},\"image\":{\"@id\":\"https:\\\/\\\/inoof.edu.dz\\\/#\\\/schema\\\/logo\\\/image\\\/\"},\"sameAs\":[\"https:\\\/\\\/www.facebook.com\\\/profile.php?id=100070764799497\",\"https:\\\/\\\/www.instagram.com\\\/institutinoof\\\/\"]}]}<\/script>\n<!-- \/ Yoast SEO plugin. -->","yoast_head_json":{"title":"Stages de Master - INOOF","robots":{"index":"index","follow":"follow","max-snippet":"max-snippet:-1","max-image-preview":"max-image-preview:large","max-video-preview":"max-video-preview:-1"},"canonical":"https:\/\/inoof.edu.dz\/?page_id=3261","og_locale":"en_US","og_type":"article","og_title":"Stages de Master - INOOF","og_description":"Stages de Master \u00c0 l\u2019INOOF, le stage de master constitue une composante essentielle de la formation, consolidant les acquis acad\u00e9miques par une exp\u00e9rience pratique encadr\u00e9e.","og_url":"https:\/\/inoof.edu.dz\/?page_id=3261","og_site_name":"INOOF","article_publisher":"https:\/\/www.facebook.com\/profile.php?id=100070764799497","article_modified_time":"2025-04-07T11:03:53+00:00","og_image":[{"url":"https:\/\/inoof.edu.dz\/new-website\/wp-content\/uploads\/2025\/03\/pagenotfound-1024x512.jpg","type":"","width":"","height":""}],"twitter_card":"summary_large_image","twitter_misc":{"Est. reading time":"1 minute"},"schema":{"@context":"https:\/\/schema.org","@graph":[{"@type":"WebPage","@id":"https:\/\/inoof.edu.dz\/?page_id=3261","url":"https:\/\/inoof.edu.dz\/?page_id=3261","name":"Stages de Master - INOOF","isPartOf":{"@id":"https:\/\/inoof.edu.dz\/#website"},"primaryImageOfPage":{"@id":"https:\/\/inoof.edu.dz\/?page_id=3261#primaryimage"},"image":{"@id":"https:\/\/inoof.edu.dz\/?page_id=3261#primaryimage"},"thumbnailUrl":"https:\/\/inoof.edu.dz\/new-website\/wp-content\/uploads\/2025\/03\/pagenotfound-1024x512.jpg","datePublished":"2025-04-07T07:59:13+00:00","dateModified":"2025-04-07T11:03:53+00:00","breadcrumb":{"@id":"https:\/\/inoof.edu.dz\/?page_id=3261#breadcrumb"},"inLanguage":"en-US","potentialAction":[{"@type":"ReadAction","target":["https:\/\/inoof.edu.dz\/?page_id=3261"]}]},{"@type":"ImageObject","inLanguage":"en-US","@id":"https:\/\/inoof.edu.dz\/?page_id=3261#primaryimage","url":"https:\/\/inoof.edu.dz\/wp-content\/uploads\/2025\/03\/pagenotfound.jpg","contentUrl":"https:\/\/inoof.edu.dz\/wp-content\/uploads\/2025\/03\/pagenotfound.jpg","width":1600,"height":800},{"@type":"BreadcrumbList","@id":"https:\/\/inoof.edu.dz\/?page_id=3261#breadcrumb","itemListElement":[{"@type":"ListItem","position":1,"name":"Home","item":"https:\/\/inoof.edu.dz\/"},{"@type":"ListItem","position":2,"name":"Stages de Master"}]},{"@type":"WebSite","@id":"https:\/\/inoof.edu.dz\/#website","url":"https:\/\/inoof.edu.dz\/","name":"INOOF","description":"","publisher":{"@id":"https:\/\/inoof.edu.dz\/#organization"},"potentialAction":[{"@type":"SearchAction","target":{"@type":"EntryPoint","urlTemplate":"https:\/\/inoof.edu.dz\/?s={search_term_string}"},"query-input":{"@type":"PropertyValueSpecification","valueRequired":true,"valueName":"search_term_string"}}],"inLanguage":"en-US"},{"@type":"Organization","@id":"https:\/\/inoof.edu.dz\/#organization","name":"INOOF","url":"https:\/\/inoof.edu.dz\/","logo":{"@type":"ImageObject","inLanguage":"en-US","@id":"https:\/\/inoof.edu.dz\/#\/schema\/logo\/image\/","url":"https:\/\/inoof.edu.dz\/new-website\/wp-content\/uploads\/2025\/02\/inoof-trans-logo.png","contentUrl":"https:\/\/inoof.edu.dz\/new-website\/wp-content\/uploads\/2025\/02\/inoof-trans-logo.png","width":500,"height":199,"caption":"INOOF"},"image":{"@id":"https:\/\/inoof.edu.dz\/#\/schema\/logo\/image\/"},"sameAs":["https:\/\/www.facebook.com\/profile.php?id=100070764799497","https:\/\/www.instagram.com\/institutinoof\/"]}]}},"_links":{"self":[{"href":"https:\/\/inoof.edu.dz\/index.php?rest_route=\/wp\/v2\/pages\/3261","targetHints":{"allow":["GET"]}}],"collection":[{"href":"https:\/\/inoof.edu.dz\/index.php?rest_route=\/wp\/v2\/pages"}],"about":[{"href":"https:\/\/inoof.edu.dz\/index.php?rest_route=\/wp\/v2\/types\/page"}],"author":[{"embeddable":true,"href":"https:\/\/inoof.edu.dz\/index.php?rest_route=\/wp\/v2\/users\/2"}],"replies":[{"embeddable":true,"href":"https:\/\/inoof.edu.dz\/index.php?rest_route=%2Fwp%2Fv2%2Fcomments&post=3261"}],"version-history":[{"count":8,"href":"https:\/\/inoof.edu.dz\/index.php?rest_route=\/wp\/v2\/pages\/3261\/revisions"}],"predecessor-version":[{"id":3311,"href":"https:\/\/inoof.edu.dz\/index.php?rest_route=\/wp\/v2\/pages\/3261\/revisions\/3311"}],"wp:attachment":[{"href":"https:\/\/inoof.edu.dz\/index.php?rest_route=%2Fwp%2Fv2%2Fmedia&parent=3261"}],"curies":[{"name":"wp","href":"https:\/\/api.w.org\/{rel}","templated":true}]}}