{"id":3266,"date":"2025-04-07T07:59:13","date_gmt":"2025-04-07T07:59:13","guid":{"rendered":"https:\/\/inoof.edu.dz\/new-website\/?page_id=3266"},"modified":"2025-04-17T11:49:28","modified_gmt":"2025-04-17T11:49:28","slug":"documents-a-telecharger","status":"publish","type":"page","link":"https:\/\/inoof.edu.dz\/?page_id=3266","title":{"rendered":"Documents \u00e0 t\u00e9l\u00e9charger"},"content":{"rendered":"\t\t<div data-elementor-type=\"wp-page\" data-elementor-id=\"3266\" class=\"elementor elementor-3266\">\n\t\t\t\t<div class=\"elementor-element elementor-element-3477aa5 e-flex e-con-boxed e-con e-parent\" data-id=\"3477aa5\" data-element_type=\"container\" data-e-type=\"container\">\n\t\t\t\t\t<div class=\"e-con-inner\">\n\t\t\t\t<div class=\"elementor-element elementor-element-ced027b eael-dual-header-content-align-center elementor-widget elementor-widget-eael-dual-color-header\" data-id=\"ced027b\" data-element_type=\"widget\" data-e-type=\"widget\" data-widget_type=\"eael-dual-color-header.default\">\n\t\t\t\t<div class=\"elementor-widget-container\">\n\t\t\t\t\t\t\t\t<div class=\"eael-dual-header\">\n\t\t\t\t<h2 class=\"title eael-dch-title\"><span class=\"eael-dch-title-text eael-dch-title-lead lead solid-color\">Stage -<\/span> <span class=\"eael-dch-title-text\">Documents \u00e0 t\u00e9l\u00e9charger<\/span><\/h2><div class=\"eael-dch-separator-wrap\"><span class=\"separator-one\"><\/span>\n\t\t\t<span class=\"separator-two\"><\/span><\/div>\t\t\t\t\t<span class=\"subtext\"><p>Retrouvez ici tous les documents n\u00e9cessaires au bon d\u00e9roulement de votre stage, \u00e0 t\u00e9l\u00e9charger et compl\u00e9ter selon les consignes.<\/p><\/span>\n\t\t\t\t\t\t\t\t\t<span class=\"eael-dch-svg-icon\"><svg aria-hidden=\"true\" class=\"e-font-icon-svg e-fas-caret-down\" viewBox=\"0 0 320 512\" xmlns=\"http:\/\/www.w3.org\/2000\/svg\"><path d=\"M31.3 192h257.3c17.8 0 26.7 21.5 14.1 34.1L174.1 354.8c-7.8 7.8-20.5 7.8-28.3 0L17.2 226.1C4.6 213.5 13.5 192 31.3 192z\"><\/path><\/svg><\/span>\t\t\t\t\t\t\t<\/div>\n\n\t\t\t\t\t\t<\/div>\n\t\t\t\t<\/div>\n\t\t\t\t\t<\/div>\n\t\t\t\t<\/div>\n\t\t<div class=\"elementor-element elementor-element-50beab8 e-flex e-con-boxed e-con e-parent\" data-id=\"50beab8\" data-element_type=\"container\" data-e-type=\"container\">\n\t\t\t\t\t<div class=\"e-con-inner\">\n\t\t<div class=\"elementor-element elementor-element-064747e e-con-full e-flex e-con e-child\" data-id=\"064747e\" data-element_type=\"container\" data-e-type=\"container\">\n\t\t\t\t<div class=\"elementor-element elementor-element-3f07d82 elementor-widget elementor-widget-image\" data-id=\"3f07d82\" data-element_type=\"widget\" data-e-type=\"widget\" data-widget_type=\"image.default\">\n\t\t\t\t<div class=\"elementor-widget-container\">\n\t\t\t\t\t\t\t\t\t\t\t\t<figure class=\"wp-caption\">\n\t\t\t\t\t\t\t\t\t\t\t<a href=\"https:\/\/inoof.edu.dz\/new-website\/wp-content\/uploads\/2025\/04\/Convention-de-stage.pdf\">\n\t\t\t\t\t\t\t<img fetchpriority=\"high\" decoding=\"async\" width=\"2481\" height=\"1654\" src=\"https:\/\/inoof.edu.dz\/wp-content\/uploads\/2025\/04\/Convention-de-stage-1-1.png\" class=\"elementor-animation-grow attachment-full size-full wp-image-3382\" alt=\"\" srcset=\"https:\/\/inoof.edu.dz\/wp-content\/uploads\/2025\/04\/Convention-de-stage-1-1.png 2481w, https:\/\/inoof.edu.dz\/wp-content\/uploads\/2025\/04\/elementor\/thumbs\/Convention-de-stage-1-1-r43nbatbtf9acchtwtlrv11xmjxyd3xft3k9hz0a8g.png 300w, https:\/\/inoof.edu.dz\/wp-content\/uploads\/2025\/04\/Convention-de-stage-1-1-1024x683.png 1024w, https:\/\/inoof.edu.dz\/wp-content\/uploads\/2025\/04\/Convention-de-stage-1-1-768x512.png 768w, https:\/\/inoof.edu.dz\/wp-content\/uploads\/2025\/04\/Convention-de-stage-1-1-370x247.png 370w, https:\/\/inoof.edu.dz\/wp-content\/uploads\/2025\/04\/Convention-de-stage-1-1-270x180.png 270w, https:\/\/inoof.edu.dz\/wp-content\/uploads\/2025\/04\/Convention-de-stage-1-1-1536x1024.png 1536w, https:\/\/inoof.edu.dz\/wp-content\/uploads\/2025\/04\/Convention-de-stage-1-1-2048x1365.png 2048w, https:\/\/inoof.edu.dz\/wp-content\/uploads\/2025\/04\/Convention-de-stage-1-1-360x240.png 360w\" sizes=\"(max-width: 2481px) 100vw, 2481px\" \/>\t\t\t\t\t\t\t\t<\/a>\n\t\t\t\t\t\t\t\t\t\t\t<figcaption class=\"widget-image-caption wp-caption-text\">Convention de stage<\/figcaption>\n\t\t\t\t\t\t\t\t\t\t<\/figure>\n\t\t\t\t\t\t\t\t\t<\/div>\n\t\t\t\t<\/div>\n\t\t\t\t<div class=\"elementor-element elementor-element-4b59d9f elementor-widget elementor-widget-image\" data-id=\"4b59d9f\" data-element_type=\"widget\" data-e-type=\"widget\" data-widget_type=\"image.default\">\n\t\t\t\t<div class=\"elementor-widget-container\">\n\t\t\t\t\t\t\t\t\t\t\t\t<figure class=\"wp-caption\">\n\t\t\t\t\t\t\t\t\t\t\t<a href=\"https:\/\/inoof.edu.dz\/new-website\/wp-content\/uploads\/2025\/04\/redaction-du-rapport-de-stage.pdf\">\n\t\t\t\t\t\t\t<img decoding=\"async\" width=\"2339\" height=\"1559\" src=\"https:\/\/inoof.edu.dz\/wp-content\/uploads\/2025\/04\/redaction-du-rapport-de-stage-01-1.png\" class=\"elementor-animation-grow attachment-full size-full wp-image-3385\" alt=\"\" srcset=\"https:\/\/inoof.edu.dz\/wp-content\/uploads\/2025\/04\/redaction-du-rapport-de-stage-01-1.png 2339w, https:\/\/inoof.edu.dz\/wp-content\/uploads\/2025\/04\/elementor\/thumbs\/redaction-du-rapport-de-stage-01-1-r43nbrqf8fwg5bt960x23ws8bhmk7nslvfb04yb74g.png 300w, https:\/\/inoof.edu.dz\/wp-content\/uploads\/2025\/04\/redaction-du-rapport-de-stage-01-1-1024x683.png 1024w, https:\/\/inoof.edu.dz\/wp-content\/uploads\/2025\/04\/redaction-du-rapport-de-stage-01-1-768x512.png 768w, https:\/\/inoof.edu.dz\/wp-content\/uploads\/2025\/04\/redaction-du-rapport-de-stage-01-1-370x247.png 370w, https:\/\/inoof.edu.dz\/wp-content\/uploads\/2025\/04\/redaction-du-rapport-de-stage-01-1-270x180.png 270w, https:\/\/inoof.edu.dz\/wp-content\/uploads\/2025\/04\/redaction-du-rapport-de-stage-01-1-1536x1024.png 1536w, https:\/\/inoof.edu.dz\/wp-content\/uploads\/2025\/04\/redaction-du-rapport-de-stage-01-1-2048x1365.png 2048w, https:\/\/inoof.edu.dz\/wp-content\/uploads\/2025\/04\/redaction-du-rapport-de-stage-01-1-360x240.png 360w\" sizes=\"(max-width: 2339px) 100vw, 2339px\" \/>\t\t\t\t\t\t\t\t<\/a>\n\t\t\t\t\t\t\t\t\t\t\t<figcaption class=\"widget-image-caption wp-caption-text\">Comment r\u00e9diger un rapport de stage<\/figcaption>\n\t\t\t\t\t\t\t\t\t\t<\/figure>\n\t\t\t\t\t\t\t\t\t<\/div>\n\t\t\t\t<\/div>\n\t\t\t\t<\/div>\n\t\t<div class=\"elementor-element elementor-element-bbd29fe e-con-full e-flex e-con e-child\" data-id=\"bbd29fe\" data-element_type=\"container\" data-e-type=\"container\">\n\t\t\t\t<div class=\"elementor-element elementor-element-4e95707 elementor-widget elementor-widget-image\" data-id=\"4e95707\" data-element_type=\"widget\" data-e-type=\"widget\" data-widget_type=\"image.default\">\n\t\t\t\t<div class=\"elementor-widget-container\">\n\t\t\t\t\t\t\t\t\t\t\t\t<figure class=\"wp-caption\">\n\t\t\t\t\t\t\t\t\t\t\t<a href=\"https:\/\/inoof.edu.dz\/new-website\/wp-content\/uploads\/2025\/04\/Guide-de-la-presentation-du-stage-opticien.pdf\">\n\t\t\t\t\t\t\t<img decoding=\"async\" width=\"2000\" height=\"1333\" src=\"https:\/\/inoof.edu.dz\/wp-content\/uploads\/2025\/04\/Guide-de-la-presentation-du-stage-opticien-01-1.png\" class=\"elementor-animation-grow attachment-full size-full wp-image-3386\" alt=\"\" srcset=\"https:\/\/inoof.edu.dz\/wp-content\/uploads\/2025\/04\/Guide-de-la-presentation-du-stage-opticien-01-1.png 2000w, https:\/\/inoof.edu.dz\/wp-content\/uploads\/2025\/04\/elementor\/thumbs\/Guide-de-la-presentation-du-stage-opticien-01-1-r43nbujxsy0b45p5pk4xte2m3n8nur3svt9gks70ls.png 300w, https:\/\/inoof.edu.dz\/wp-content\/uploads\/2025\/04\/Guide-de-la-presentation-du-stage-opticien-01-1-1024x682.png 1024w, https:\/\/inoof.edu.dz\/wp-content\/uploads\/2025\/04\/Guide-de-la-presentation-du-stage-opticien-01-1-768x512.png 768w, https:\/\/inoof.edu.dz\/wp-content\/uploads\/2025\/04\/Guide-de-la-presentation-du-stage-opticien-01-1-370x247.png 370w, https:\/\/inoof.edu.dz\/wp-content\/uploads\/2025\/04\/Guide-de-la-presentation-du-stage-opticien-01-1-270x180.png 270w, https:\/\/inoof.edu.dz\/wp-content\/uploads\/2025\/04\/Guide-de-la-presentation-du-stage-opticien-01-1-1536x1024.png 1536w, https:\/\/inoof.edu.dz\/wp-content\/uploads\/2025\/04\/Guide-de-la-presentation-du-stage-opticien-01-1-360x240.png 360w\" sizes=\"(max-width: 2000px) 100vw, 2000px\" \/>\t\t\t\t\t\t\t\t<\/a>\n\t\t\t\t\t\t\t\t\t\t\t<figcaption class=\"widget-image-caption wp-caption-text\">Guide de r\u00e9daction du rapport de stage chez un opticien<\/figcaption>\n\t\t\t\t\t\t\t\t\t\t<\/figure>\n\t\t\t\t\t\t\t\t\t<\/div>\n\t\t\t\t<\/div>\n\t\t\t\t<\/div>\n\t\t<div class=\"elementor-element elementor-element-21273d4 e-con-full e-flex e-con e-child\" data-id=\"21273d4\" data-element_type=\"container\" data-e-type=\"container\">\n\t\t\t\t<div class=\"elementor-element elementor-element-169b12f elementor-widget elementor-widget-image\" data-id=\"169b12f\" data-element_type=\"widget\" data-e-type=\"widget\" data-widget_type=\"image.default\">\n\t\t\t\t<div class=\"elementor-widget-container\">\n\t\t\t\t\t\t\t\t\t\t\t\t<figure class=\"wp-caption\">\n\t\t\t\t\t\t\t\t\t\t\t<a href=\"https:\/\/inoof.edu.dz\/new-website\/wp-content\/uploads\/2025\/04\/Demande-de-Stage-inoof.pdf\">\n\t\t\t\t\t\t\t<img loading=\"lazy\" decoding=\"async\" width=\"2482\" height=\"1655\" src=\"https:\/\/inoof.edu.dz\/wp-content\/uploads\/2025\/04\/Demande-de-Stage-inoof-2.png\" class=\"elementor-animation-grow attachment-full size-full wp-image-3387\" alt=\"\" srcset=\"https:\/\/inoof.edu.dz\/wp-content\/uploads\/2025\/04\/Demande-de-Stage-inoof-2.png 2482w, https:\/\/inoof.edu.dz\/wp-content\/uploads\/2025\/04\/elementor\/thumbs\/Demande-de-Stage-inoof-2-r43nbwfm6m2vrdmfeky6ydljaezea5b9k2kfjc489c.png 300w, https:\/\/inoof.edu.dz\/wp-content\/uploads\/2025\/04\/Demande-de-Stage-inoof-2-1024x683.png 1024w, https:\/\/inoof.edu.dz\/wp-content\/uploads\/2025\/04\/Demande-de-Stage-inoof-2-768x512.png 768w, https:\/\/inoof.edu.dz\/wp-content\/uploads\/2025\/04\/Demande-de-Stage-inoof-2-370x247.png 370w, https:\/\/inoof.edu.dz\/wp-content\/uploads\/2025\/04\/Demande-de-Stage-inoof-2-270x180.png 270w, https:\/\/inoof.edu.dz\/wp-content\/uploads\/2025\/04\/Demande-de-Stage-inoof-2-1536x1024.png 1536w, https:\/\/inoof.edu.dz\/wp-content\/uploads\/2025\/04\/Demande-de-Stage-inoof-2-2048x1366.png 2048w, https:\/\/inoof.edu.dz\/wp-content\/uploads\/2025\/04\/Demande-de-Stage-inoof-2-360x240.png 360w\" sizes=\"(max-width: 2482px) 100vw, 2482px\" \/>\t\t\t\t\t\t\t\t<\/a>\n\t\t\t\t\t\t\t\t\t\t\t<figcaption class=\"widget-image-caption wp-caption-text\">Demande de stage<\/figcaption>\n\t\t\t\t\t\t\t\t\t\t<\/figure>\n\t\t\t\t\t\t\t\t\t<\/div>\n\t\t\t\t<\/div>\n\t\t\t\t<\/div>\n\t\t\t\t\t<\/div>\n\t\t\t\t<\/div>\n\t\t\t\t<\/div>\n\t\t","protected":false},"excerpt":{"rendered":"<p>Stage &#8211; Documents \u00e0 t\u00e9l\u00e9charger Retrouvez ici tous les documents n\u00e9cessaires au bon d\u00e9roulement de votre stage, \u00e0 t\u00e9l\u00e9charger et compl\u00e9ter selon les consignes. Convention de stage Comment r\u00e9diger un [&hellip;]<\/p>\n","protected":false},"author":2,"featured_media":0,"parent":0,"menu_order":0,"comment_status":"closed","ping_status":"closed","template":"","meta":{"_eb_attr":"","breadcrumbs_single_post":"","page_title_panel":"","breadcrumbs_single_page":"","single_page_alignment":"","single_page_margin":"","page_structure_type":"","content_style_source":"","content_style":"","blog_post_streched_ed":"","blog_page_streched_ed":"","has_transparent_header":"","disable_transparent_header":"","vertical_spacing_source":"","content_area_spacing":"","single_post_content_background":"","single_page_content_background":"","single_post_boxed_content_spacing":"","single_page_boxed_content_spacing":"","single_post_content_boxed_radius":"","single_page_content_boxed_radius":"","disable_featured_image":"","disable_post_tags":"","disable_author_box":"","disable_posts_navigation":"","disable_comments":"","disable_related_posts":"","disable_header":"","disable_footer":"","footnotes":""},"class_list":["post-3266","page","type-page","status-publish","hentry","rishi-post","no-post-thumbnail"],"yoast_head":"<!-- This site is optimized with the Yoast SEO plugin v27.6 - https:\/\/yoast.com\/product\/yoast-seo-wordpress\/ -->\n<title>Documents \u00e0 t\u00e9l\u00e9charger - INOOF<\/title>\n<meta name=\"robots\" content=\"index, follow, max-snippet:-1, max-image-preview:large, max-video-preview:-1\" \/>\n<link rel=\"canonical\" href=\"https:\/\/inoof.edu.dz\/?page_id=3266\" \/>\n<meta property=\"og:locale\" content=\"en_US\" \/>\n<meta property=\"og:type\" content=\"article\" \/>\n<meta property=\"og:title\" content=\"Documents \u00e0 t\u00e9l\u00e9charger - INOOF\" \/>\n<meta property=\"og:description\" content=\"Stage &#8211; Documents \u00e0 t\u00e9l\u00e9charger Retrouvez ici tous les documents n\u00e9cessaires au bon d\u00e9roulement de votre stage, \u00e0 t\u00e9l\u00e9charger et compl\u00e9ter selon les consignes. Convention de stage Comment r\u00e9diger un [&hellip;]\" \/>\n<meta property=\"og:url\" content=\"https:\/\/inoof.edu.dz\/?page_id=3266\" \/>\n<meta property=\"og:site_name\" content=\"INOOF\" \/>\n<meta property=\"article:publisher\" content=\"https:\/\/www.facebook.com\/profile.php?id=100070764799497\" \/>\n<meta property=\"article:modified_time\" content=\"2025-04-17T11:49:28+00:00\" \/>\n<meta property=\"og:image\" content=\"https:\/\/inoof.edu.dz\/new-website\/wp-content\/uploads\/2025\/04\/Convention-de-stage-1-1.png\" \/>\n<meta name=\"twitter:card\" content=\"summary_large_image\" \/>\n<meta name=\"twitter:label1\" content=\"Est. reading time\" \/>\n\t<meta name=\"twitter:data1\" content=\"1 minute\" \/>\n<script type=\"application\/ld+json\" class=\"yoast-schema-graph\">{\"@context\":\"https:\\\/\\\/schema.org\",\"@graph\":[{\"@type\":\"WebPage\",\"@id\":\"https:\\\/\\\/inoof.edu.dz\\\/?page_id=3266\",\"url\":\"https:\\\/\\\/inoof.edu.dz\\\/?page_id=3266\",\"name\":\"Documents \u00e0 t\u00e9l\u00e9charger - INOOF\",\"isPartOf\":{\"@id\":\"https:\\\/\\\/inoof.edu.dz\\\/#website\"},\"primaryImageOfPage\":{\"@id\":\"https:\\\/\\\/inoof.edu.dz\\\/?page_id=3266#primaryimage\"},\"image\":{\"@id\":\"https:\\\/\\\/inoof.edu.dz\\\/?page_id=3266#primaryimage\"},\"thumbnailUrl\":\"https:\\\/\\\/inoof.edu.dz\\\/new-website\\\/wp-content\\\/uploads\\\/2025\\\/04\\\/Convention-de-stage-1-1.png\",\"datePublished\":\"2025-04-07T07:59:13+00:00\",\"dateModified\":\"2025-04-17T11:49:28+00:00\",\"breadcrumb\":{\"@id\":\"https:\\\/\\\/inoof.edu.dz\\\/?page_id=3266#breadcrumb\"},\"inLanguage\":\"en-US\",\"potentialAction\":[{\"@type\":\"ReadAction\",\"target\":[\"https:\\\/\\\/inoof.edu.dz\\\/?page_id=3266\"]}]},{\"@type\":\"ImageObject\",\"inLanguage\":\"en-US\",\"@id\":\"https:\\\/\\\/inoof.edu.dz\\\/?page_id=3266#primaryimage\",\"url\":\"https:\\\/\\\/inoof.edu.dz\\\/wp-content\\\/uploads\\\/2025\\\/04\\\/Convention-de-stage-1-1.png\",\"contentUrl\":\"https:\\\/\\\/inoof.edu.dz\\\/wp-content\\\/uploads\\\/2025\\\/04\\\/Convention-de-stage-1-1.png\",\"width\":2481,\"height\":1654},{\"@type\":\"BreadcrumbList\",\"@id\":\"https:\\\/\\\/inoof.edu.dz\\\/?page_id=3266#breadcrumb\",\"itemListElement\":[{\"@type\":\"ListItem\",\"position\":1,\"name\":\"Home\",\"item\":\"https:\\\/\\\/inoof.edu.dz\\\/\"},{\"@type\":\"ListItem\",\"position\":2,\"name\":\"Documents \u00e0 t\u00e9l\u00e9charger\"}]},{\"@type\":\"WebSite\",\"@id\":\"https:\\\/\\\/inoof.edu.dz\\\/#website\",\"url\":\"https:\\\/\\\/inoof.edu.dz\\\/\",\"name\":\"INOOF\",\"description\":\"\",\"publisher\":{\"@id\":\"https:\\\/\\\/inoof.edu.dz\\\/#organization\"},\"potentialAction\":[{\"@type\":\"SearchAction\",\"target\":{\"@type\":\"EntryPoint\",\"urlTemplate\":\"https:\\\/\\\/inoof.edu.dz\\\/?s={search_term_string}\"},\"query-input\":{\"@type\":\"PropertyValueSpecification\",\"valueRequired\":true,\"valueName\":\"search_term_string\"}}],\"inLanguage\":\"en-US\"},{\"@type\":\"Organization\",\"@id\":\"https:\\\/\\\/inoof.edu.dz\\\/#organization\",\"name\":\"INOOF\",\"url\":\"https:\\\/\\\/inoof.edu.dz\\\/\",\"logo\":{\"@type\":\"ImageObject\",\"inLanguage\":\"en-US\",\"@id\":\"https:\\\/\\\/inoof.edu.dz\\\/#\\\/schema\\\/logo\\\/image\\\/\",\"url\":\"https:\\\/\\\/inoof.edu.dz\\\/new-website\\\/wp-content\\\/uploads\\\/2025\\\/02\\\/inoof-trans-logo.png\",\"contentUrl\":\"https:\\\/\\\/inoof.edu.dz\\\/new-website\\\/wp-content\\\/uploads\\\/2025\\\/02\\\/inoof-trans-logo.png\",\"width\":500,\"height\":199,\"caption\":\"INOOF\"},\"image\":{\"@id\":\"https:\\\/\\\/inoof.edu.dz\\\/#\\\/schema\\\/logo\\\/image\\\/\"},\"sameAs\":[\"https:\\\/\\\/www.facebook.com\\\/profile.php?id=100070764799497\",\"https:\\\/\\\/www.instagram.com\\\/institutinoof\\\/\"]}]}<\/script>\n<!-- \/ Yoast SEO plugin. -->","yoast_head_json":{"title":"Documents \u00e0 t\u00e9l\u00e9charger - INOOF","robots":{"index":"index","follow":"follow","max-snippet":"max-snippet:-1","max-image-preview":"max-image-preview:large","max-video-preview":"max-video-preview:-1"},"canonical":"https:\/\/inoof.edu.dz\/?page_id=3266","og_locale":"en_US","og_type":"article","og_title":"Documents \u00e0 t\u00e9l\u00e9charger - INOOF","og_description":"Stage &#8211; Documents \u00e0 t\u00e9l\u00e9charger Retrouvez ici tous les documents n\u00e9cessaires au bon d\u00e9roulement de votre stage, \u00e0 t\u00e9l\u00e9charger et compl\u00e9ter selon les consignes. Convention de stage Comment r\u00e9diger un [&hellip;]","og_url":"https:\/\/inoof.edu.dz\/?page_id=3266","og_site_name":"INOOF","article_publisher":"https:\/\/www.facebook.com\/profile.php?id=100070764799497","article_modified_time":"2025-04-17T11:49:28+00:00","og_image":[{"url":"https:\/\/inoof.edu.dz\/new-website\/wp-content\/uploads\/2025\/04\/Convention-de-stage-1-1.png","type":"","width":"","height":""}],"twitter_card":"summary_large_image","twitter_misc":{"Est. reading time":"1 minute"},"schema":{"@context":"https:\/\/schema.org","@graph":[{"@type":"WebPage","@id":"https:\/\/inoof.edu.dz\/?page_id=3266","url":"https:\/\/inoof.edu.dz\/?page_id=3266","name":"Documents \u00e0 t\u00e9l\u00e9charger - INOOF","isPartOf":{"@id":"https:\/\/inoof.edu.dz\/#website"},"primaryImageOfPage":{"@id":"https:\/\/inoof.edu.dz\/?page_id=3266#primaryimage"},"image":{"@id":"https:\/\/inoof.edu.dz\/?page_id=3266#primaryimage"},"thumbnailUrl":"https:\/\/inoof.edu.dz\/new-website\/wp-content\/uploads\/2025\/04\/Convention-de-stage-1-1.png","datePublished":"2025-04-07T07:59:13+00:00","dateModified":"2025-04-17T11:49:28+00:00","breadcrumb":{"@id":"https:\/\/inoof.edu.dz\/?page_id=3266#breadcrumb"},"inLanguage":"en-US","potentialAction":[{"@type":"ReadAction","target":["https:\/\/inoof.edu.dz\/?page_id=3266"]}]},{"@type":"ImageObject","inLanguage":"en-US","@id":"https:\/\/inoof.edu.dz\/?page_id=3266#primaryimage","url":"https:\/\/inoof.edu.dz\/wp-content\/uploads\/2025\/04\/Convention-de-stage-1-1.png","contentUrl":"https:\/\/inoof.edu.dz\/wp-content\/uploads\/2025\/04\/Convention-de-stage-1-1.png","width":2481,"height":1654},{"@type":"BreadcrumbList","@id":"https:\/\/inoof.edu.dz\/?page_id=3266#breadcrumb","itemListElement":[{"@type":"ListItem","position":1,"name":"Home","item":"https:\/\/inoof.edu.dz\/"},{"@type":"ListItem","position":2,"name":"Documents \u00e0 t\u00e9l\u00e9charger"}]},{"@type":"WebSite","@id":"https:\/\/inoof.edu.dz\/#website","url":"https:\/\/inoof.edu.dz\/","name":"INOOF","description":"","publisher":{"@id":"https:\/\/inoof.edu.dz\/#organization"},"potentialAction":[{"@type":"SearchAction","target":{"@type":"EntryPoint","urlTemplate":"https:\/\/inoof.edu.dz\/?s={search_term_string}"},"query-input":{"@type":"PropertyValueSpecification","valueRequired":true,"valueName":"search_term_string"}}],"inLanguage":"en-US"},{"@type":"Organization","@id":"https:\/\/inoof.edu.dz\/#organization","name":"INOOF","url":"https:\/\/inoof.edu.dz\/","logo":{"@type":"ImageObject","inLanguage":"en-US","@id":"https:\/\/inoof.edu.dz\/#\/schema\/logo\/image\/","url":"https:\/\/inoof.edu.dz\/new-website\/wp-content\/uploads\/2025\/02\/inoof-trans-logo.png","contentUrl":"https:\/\/inoof.edu.dz\/new-website\/wp-content\/uploads\/2025\/02\/inoof-trans-logo.png","width":500,"height":199,"caption":"INOOF"},"image":{"@id":"https:\/\/inoof.edu.dz\/#\/schema\/logo\/image\/"},"sameAs":["https:\/\/www.facebook.com\/profile.php?id=100070764799497","https:\/\/www.instagram.com\/institutinoof\/"]}]}},"_links":{"self":[{"href":"https:\/\/inoof.edu.dz\/index.php?rest_route=\/wp\/v2\/pages\/3266","targetHints":{"allow":["GET"]}}],"collection":[{"href":"https:\/\/inoof.edu.dz\/index.php?rest_route=\/wp\/v2\/pages"}],"about":[{"href":"https:\/\/inoof.edu.dz\/index.php?rest_route=\/wp\/v2\/types\/page"}],"author":[{"embeddable":true,"href":"https:\/\/inoof.edu.dz\/index.php?rest_route=\/wp\/v2\/users\/2"}],"replies":[{"embeddable":true,"href":"https:\/\/inoof.edu.dz\/index.php?rest_route=%2Fwp%2Fv2%2Fcomments&post=3266"}],"version-history":[{"count":31,"href":"https:\/\/inoof.edu.dz\/index.php?rest_route=\/wp\/v2\/pages\/3266\/revisions"}],"predecessor-version":[{"id":3476,"href":"https:\/\/inoof.edu.dz\/index.php?rest_route=\/wp\/v2\/pages\/3266\/revisions\/3476"}],"wp:attachment":[{"href":"https:\/\/inoof.edu.dz\/index.php?rest_route=%2Fwp%2Fv2%2Fmedia&parent=3266"}],"curies":[{"name":"wp","href":"https:\/\/api.w.org\/{rel}","templated":true}]}}