{"id":3267,"date":"2025-04-07T07:59:13","date_gmt":"2025-04-07T07:59:13","guid":{"rendered":"https:\/\/inoof.edu.dz\/new-website\/?page_id=3267"},"modified":"2025-04-17T11:48:28","modified_gmt":"2025-04-17T11:48:28","slug":"documents-a-telecharger-2","status":"publish","type":"page","link":"https:\/\/inoof.edu.dz\/?page_id=3267","title":{"rendered":"Documents \u00e0 t\u00e9l\u00e9charger"},"content":{"rendered":"\t\t<div data-elementor-type=\"wp-page\" data-elementor-id=\"3267\" class=\"elementor elementor-3267\">\n\t\t\t\t<div class=\"elementor-element elementor-element-16c4de7 e-flex e-con-boxed e-con e-parent\" data-id=\"16c4de7\" data-element_type=\"container\" data-e-type=\"container\">\n\t\t\t\t\t<div class=\"e-con-inner\">\n\t\t\t\t<div class=\"elementor-element elementor-element-9d4ed59 eael-dual-header-content-align-center elementor-widget elementor-widget-eael-dual-color-header\" data-id=\"9d4ed59\" data-element_type=\"widget\" data-e-type=\"widget\" data-widget_type=\"eael-dual-color-header.default\">\n\t\t\t\t<div class=\"elementor-widget-container\">\n\t\t\t\t\t\t\t\t<div class=\"eael-dual-header\">\n\t\t\t\t<h2 class=\"title eael-dch-title\"><span class=\"eael-dch-title-text eael-dch-title-lead lead solid-color\">PFE -<\/span> <span class=\"eael-dch-title-text\">Documents \u00e0 t\u00e9l\u00e9charger<\/span><\/h2><div class=\"eael-dch-separator-wrap\"><span class=\"separator-one\"><\/span>\n\t\t\t<span class=\"separator-two\"><\/span><\/div>\t\t\t\t\t<span class=\"subtext\"><p>Retrouvez ici\u00a0l\u2019ensemble des documents n\u00e9cessaires au bon d\u00e9roulement de votre Projet de Fin d\u2019\u00c9tudes (PFE), \u00e0 t\u00e9l\u00e9charger et compl\u00e9ter selon les consignes de l\u2019\u00e9quipe p\u00e9dagogique.<\/p><\/span>\n\t\t\t\t\t\t\t\t\t<span class=\"eael-dch-svg-icon\"><svg aria-hidden=\"true\" class=\"e-font-icon-svg e-fas-caret-down\" viewBox=\"0 0 320 512\" xmlns=\"http:\/\/www.w3.org\/2000\/svg\"><path d=\"M31.3 192h257.3c17.8 0 26.7 21.5 14.1 34.1L174.1 354.8c-7.8 7.8-20.5 7.8-28.3 0L17.2 226.1C4.6 213.5 13.5 192 31.3 192z\"><\/path><\/svg><\/span>\t\t\t\t\t\t\t<\/div>\n\n\t\t\t\t\t\t<\/div>\n\t\t\t\t<\/div>\n\t\t\t\t\t<\/div>\n\t\t\t\t<\/div>\n\t\t<div class=\"elementor-element elementor-element-890a819 e-flex e-con-boxed e-con e-parent\" data-id=\"890a819\" data-element_type=\"container\" data-e-type=\"container\">\n\t\t\t\t\t<div class=\"e-con-inner\">\n\t\t<div class=\"elementor-element elementor-element-33c3aec e-con-full e-flex e-con e-child\" data-id=\"33c3aec\" data-element_type=\"container\" data-e-type=\"container\">\n\t\t\t\t<div class=\"elementor-element elementor-element-57e3fbd elementor-widget elementor-widget-image\" data-id=\"57e3fbd\" data-element_type=\"widget\" data-e-type=\"widget\" data-widget_type=\"image.default\">\n\t\t\t\t<div class=\"elementor-widget-container\">\n\t\t\t\t\t\t\t\t\t\t\t\t<figure class=\"wp-caption\">\n\t\t\t\t\t\t\t\t\t\t\t<a href=\"https:\/\/inoof.edu.dz\/new-website\/wp-content\/uploads\/2025\/04\/Fiche-de-proposition-de-themes-des-projets-2-2.pdf\">\n\t\t\t\t\t\t\t<img decoding=\"async\" src=\"https:\/\/inoof.edu.dz\/wp-content\/uploads\/elementor\/thumbs\/Capture-decran-2025-04-17-124249-r4hnzyvtnasn2xhnnbusf88txcvz7ua7rnqbrc53v4.png\" title=\"Capture d&#8217;\u00e9cran 2025-04-17 124249\" alt=\"Capture d&#039;\u00e9cran 2025-04-17 124249\" class=\"elementor-animation-grow\" loading=\"lazy\" \/>\t\t\t\t\t\t\t\t<\/a>\n\t\t\t\t\t\t\t\t\t\t\t<figcaption class=\"widget-image-caption wp-caption-text\">Fiche de proposition de mini-projet<\/figcaption>\n\t\t\t\t\t\t\t\t\t\t<\/figure>\n\t\t\t\t\t\t\t\t\t<\/div>\n\t\t\t\t<\/div>\n\t\t\t\t<\/div>\n\t\t<div class=\"elementor-element elementor-element-e104ad5 e-con-full e-flex e-con e-child\" data-id=\"e104ad5\" data-element_type=\"container\" data-e-type=\"container\">\n\t\t\t\t<div class=\"elementor-element elementor-element-f33b741 elementor-widget elementor-widget-image\" data-id=\"f33b741\" data-element_type=\"widget\" data-e-type=\"widget\" data-widget_type=\"image.default\">\n\t\t\t\t<div class=\"elementor-widget-container\">\n\t\t\t\t\t\t\t\t\t\t\t\t<figure class=\"wp-caption\">\n\t\t\t\t\t\t\t\t\t\t\t<a href=\"https:\/\/inoof.edu.dz\/new-website\/wp-content\/uploads\/2025\/04\/QUITUS-ETUDIANT.pdf\">\n\t\t\t\t\t\t\t<img decoding=\"async\" src=\"https:\/\/inoof.edu.dz\/wp-content\/uploads\/elementor\/thumbs\/Capture-decran-2025-04-17-124327-r4hnv0ahks05t0p2m6no9hb925c8lcl7r3s2krhwpc.png\" title=\"Capture d&#8217;\u00e9cran 2025-04-17 124327\" alt=\"Capture d&#039;\u00e9cran 2025-04-17 124327\" class=\"elementor-animation-grow\" loading=\"lazy\" \/>\t\t\t\t\t\t\t\t<\/a>\n\t\t\t\t\t\t\t\t\t\t\t<figcaption class=\"widget-image-caption wp-caption-text\">Quitus \u00e9tudiant<\/figcaption>\n\t\t\t\t\t\t\t\t\t\t<\/figure>\n\t\t\t\t\t\t\t\t\t<\/div>\n\t\t\t\t<\/div>\n\t\t\t\t<\/div>\n\t\t<div class=\"elementor-element elementor-element-aebcde5 e-con-full e-flex e-con e-child\" data-id=\"aebcde5\" data-element_type=\"container\" data-e-type=\"container\">\n\t\t\t\t<div class=\"elementor-element elementor-element-e873b58 elementor-widget elementor-widget-image\" data-id=\"e873b58\" data-element_type=\"widget\" data-e-type=\"widget\" data-widget_type=\"image.default\">\n\t\t\t\t<div class=\"elementor-widget-container\">\n\t\t\t\t\t\t\t\t\t\t\t\t<figure class=\"wp-caption\">\n\t\t\t\t\t\t\t\t\t\t\t<a href=\"https:\/\/inoof.edu.dz\/new-website\/wp-content\/uploads\/2025\/04\/Sujets-Finaux-PFE-2025-1-1.pdf\">\n\t\t\t\t\t\t\t<img decoding=\"async\" src=\"https:\/\/inoof.edu.dz\/wp-content\/uploads\/elementor\/thumbs\/Capture-decran-2025-04-17-124312-r4hnyhb0tqrap5nhc6p1z3rk2e8213dikajnekcjps.png\" title=\"Capture d&#8217;\u00e9cran 2025-04-17 124312\" alt=\"Capture d&#039;\u00e9cran 2025-04-17 124312\" class=\"elementor-animation-grow\" loading=\"lazy\" \/>\t\t\t\t\t\t\t\t<\/a>\n\t\t\t\t\t\t\t\t\t\t\t<figcaption class=\"widget-image-caption wp-caption-text\">Sujets PFE 2025<\/figcaption>\n\t\t\t\t\t\t\t\t\t\t<\/figure>\n\t\t\t\t\t\t\t\t\t<\/div>\n\t\t\t\t<\/div>\n\t\t\t\t<\/div>\n\t\t\t\t\t<\/div>\n\t\t\t\t<\/div>\n\t\t\t\t<\/div>\n\t\t","protected":false},"excerpt":{"rendered":"<p>PFE &#8211; Documents \u00e0 t\u00e9l\u00e9charger Retrouvez ici\u00a0l\u2019ensemble des documents n\u00e9cessaires au bon d\u00e9roulement de votre Projet de Fin d\u2019\u00c9tudes (PFE), \u00e0 t\u00e9l\u00e9charger et compl\u00e9ter selon les consignes de l\u2019\u00e9quipe p\u00e9dagogique. [&hellip;]<\/p>\n","protected":false},"author":2,"featured_media":0,"parent":0,"menu_order":0,"comment_status":"closed","ping_status":"closed","template":"","meta":{"_eb_attr":"","breadcrumbs_single_post":"","page_title_panel":"","breadcrumbs_single_page":"","single_page_alignment":"","single_page_margin":"","page_structure_type":"","content_style_source":"","content_style":"","blog_post_streched_ed":"","blog_page_streched_ed":"","has_transparent_header":"","disable_transparent_header":"","vertical_spacing_source":"","content_area_spacing":"","single_post_content_background":"","single_page_content_background":"","single_post_boxed_content_spacing":"","single_page_boxed_content_spacing":"","single_post_content_boxed_radius":"","single_page_content_boxed_radius":"","disable_featured_image":"","disable_post_tags":"","disable_author_box":"","disable_posts_navigation":"","disable_comments":"","disable_related_posts":"","disable_header":"","disable_footer":"","footnotes":""},"class_list":["post-3267","page","type-page","status-publish","hentry","rishi-post","no-post-thumbnail"],"yoast_head":"<!-- This site is optimized with the Yoast SEO plugin v27.6 - https:\/\/yoast.com\/product\/yoast-seo-wordpress\/ -->\n<title>Documents \u00e0 t\u00e9l\u00e9charger - INOOF<\/title>\n<meta name=\"robots\" content=\"index, follow, max-snippet:-1, max-image-preview:large, max-video-preview:-1\" \/>\n<link rel=\"canonical\" href=\"https:\/\/inoof.edu.dz\/?page_id=3267\" \/>\n<meta property=\"og:locale\" content=\"en_US\" \/>\n<meta property=\"og:type\" content=\"article\" \/>\n<meta property=\"og:title\" content=\"Documents \u00e0 t\u00e9l\u00e9charger - INOOF\" \/>\n<meta property=\"og:description\" content=\"PFE &#8211; Documents \u00e0 t\u00e9l\u00e9charger Retrouvez ici\u00a0l\u2019ensemble des documents n\u00e9cessaires au bon d\u00e9roulement de votre Projet de Fin d\u2019\u00c9tudes (PFE), \u00e0 t\u00e9l\u00e9charger et compl\u00e9ter selon les consignes de l\u2019\u00e9quipe p\u00e9dagogique. [&hellip;]\" \/>\n<meta property=\"og:url\" content=\"https:\/\/inoof.edu.dz\/?page_id=3267\" \/>\n<meta property=\"og:site_name\" content=\"INOOF\" \/>\n<meta property=\"article:publisher\" content=\"https:\/\/www.facebook.com\/profile.php?id=100070764799497\" \/>\n<meta property=\"article:modified_time\" content=\"2025-04-17T11:48:28+00:00\" \/>\n<meta property=\"og:image\" content=\"https:\/\/inoof.edu.dz\/new-website\/wp-content\/uploads\/elementor\/thumbs\/Capture-decran-2025-04-17-124249-r4hnzyvtnasn2xhnnbusf88txcvz7ua7rnqbrc53v4.png\" \/>\n<meta name=\"twitter:card\" content=\"summary_large_image\" \/>\n<meta name=\"twitter:label1\" content=\"Est. reading time\" \/>\n\t<meta name=\"twitter:data1\" content=\"1 minute\" \/>\n<script type=\"application\/ld+json\" class=\"yoast-schema-graph\">{\"@context\":\"https:\\\/\\\/schema.org\",\"@graph\":[{\"@type\":\"WebPage\",\"@id\":\"https:\\\/\\\/inoof.edu.dz\\\/?page_id=3267\",\"url\":\"https:\\\/\\\/inoof.edu.dz\\\/?page_id=3267\",\"name\":\"Documents \u00e0 t\u00e9l\u00e9charger - INOOF\",\"isPartOf\":{\"@id\":\"https:\\\/\\\/inoof.edu.dz\\\/#website\"},\"primaryImageOfPage\":{\"@id\":\"https:\\\/\\\/inoof.edu.dz\\\/?page_id=3267#primaryimage\"},\"image\":{\"@id\":\"https:\\\/\\\/inoof.edu.dz\\\/?page_id=3267#primaryimage\"},\"thumbnailUrl\":\"https:\\\/\\\/inoof.edu.dz\\\/new-website\\\/wp-content\\\/uploads\\\/elementor\\\/thumbs\\\/Capture-decran-2025-04-17-124249-r4hnzyvtnasn2xhnnbusf88txcvz7ua7rnqbrc53v4.png\",\"datePublished\":\"2025-04-07T07:59:13+00:00\",\"dateModified\":\"2025-04-17T11:48:28+00:00\",\"breadcrumb\":{\"@id\":\"https:\\\/\\\/inoof.edu.dz\\\/?page_id=3267#breadcrumb\"},\"inLanguage\":\"en-US\",\"potentialAction\":[{\"@type\":\"ReadAction\",\"target\":[\"https:\\\/\\\/inoof.edu.dz\\\/?page_id=3267\"]}]},{\"@type\":\"ImageObject\",\"inLanguage\":\"en-US\",\"@id\":\"https:\\\/\\\/inoof.edu.dz\\\/?page_id=3267#primaryimage\",\"url\":\"https:\\\/\\\/inoof.edu.dz\\\/new-website\\\/wp-content\\\/uploads\\\/elementor\\\/thumbs\\\/Capture-decran-2025-04-17-124249-r4hnzyvtnasn2xhnnbusf88txcvz7ua7rnqbrc53v4.png\",\"contentUrl\":\"https:\\\/\\\/inoof.edu.dz\\\/new-website\\\/wp-content\\\/uploads\\\/elementor\\\/thumbs\\\/Capture-decran-2025-04-17-124249-r4hnzyvtnasn2xhnnbusf88txcvz7ua7rnqbrc53v4.png\"},{\"@type\":\"BreadcrumbList\",\"@id\":\"https:\\\/\\\/inoof.edu.dz\\\/?page_id=3267#breadcrumb\",\"itemListElement\":[{\"@type\":\"ListItem\",\"position\":1,\"name\":\"Home\",\"item\":\"https:\\\/\\\/inoof.edu.dz\\\/\"},{\"@type\":\"ListItem\",\"position\":2,\"name\":\"Documents \u00e0 t\u00e9l\u00e9charger\"}]},{\"@type\":\"WebSite\",\"@id\":\"https:\\\/\\\/inoof.edu.dz\\\/#website\",\"url\":\"https:\\\/\\\/inoof.edu.dz\\\/\",\"name\":\"INOOF\",\"description\":\"\",\"publisher\":{\"@id\":\"https:\\\/\\\/inoof.edu.dz\\\/#organization\"},\"potentialAction\":[{\"@type\":\"SearchAction\",\"target\":{\"@type\":\"EntryPoint\",\"urlTemplate\":\"https:\\\/\\\/inoof.edu.dz\\\/?s={search_term_string}\"},\"query-input\":{\"@type\":\"PropertyValueSpecification\",\"valueRequired\":true,\"valueName\":\"search_term_string\"}}],\"inLanguage\":\"en-US\"},{\"@type\":\"Organization\",\"@id\":\"https:\\\/\\\/inoof.edu.dz\\\/#organization\",\"name\":\"INOOF\",\"url\":\"https:\\\/\\\/inoof.edu.dz\\\/\",\"logo\":{\"@type\":\"ImageObject\",\"inLanguage\":\"en-US\",\"@id\":\"https:\\\/\\\/inoof.edu.dz\\\/#\\\/schema\\\/logo\\\/image\\\/\",\"url\":\"https:\\\/\\\/inoof.edu.dz\\\/new-website\\\/wp-content\\\/uploads\\\/2025\\\/02\\\/inoof-trans-logo.png\",\"contentUrl\":\"https:\\\/\\\/inoof.edu.dz\\\/new-website\\\/wp-content\\\/uploads\\\/2025\\\/02\\\/inoof-trans-logo.png\",\"width\":500,\"height\":199,\"caption\":\"INOOF\"},\"image\":{\"@id\":\"https:\\\/\\\/inoof.edu.dz\\\/#\\\/schema\\\/logo\\\/image\\\/\"},\"sameAs\":[\"https:\\\/\\\/www.facebook.com\\\/profile.php?id=100070764799497\",\"https:\\\/\\\/www.instagram.com\\\/institutinoof\\\/\"]}]}<\/script>\n<!-- \/ Yoast SEO plugin. -->","yoast_head_json":{"title":"Documents \u00e0 t\u00e9l\u00e9charger - INOOF","robots":{"index":"index","follow":"follow","max-snippet":"max-snippet:-1","max-image-preview":"max-image-preview:large","max-video-preview":"max-video-preview:-1"},"canonical":"https:\/\/inoof.edu.dz\/?page_id=3267","og_locale":"en_US","og_type":"article","og_title":"Documents \u00e0 t\u00e9l\u00e9charger - INOOF","og_description":"PFE &#8211; Documents \u00e0 t\u00e9l\u00e9charger Retrouvez ici\u00a0l\u2019ensemble des documents n\u00e9cessaires au bon d\u00e9roulement de votre Projet de Fin d\u2019\u00c9tudes (PFE), \u00e0 t\u00e9l\u00e9charger et compl\u00e9ter selon les consignes de l\u2019\u00e9quipe p\u00e9dagogique. [&hellip;]","og_url":"https:\/\/inoof.edu.dz\/?page_id=3267","og_site_name":"INOOF","article_publisher":"https:\/\/www.facebook.com\/profile.php?id=100070764799497","article_modified_time":"2025-04-17T11:48:28+00:00","og_image":[{"url":"https:\/\/inoof.edu.dz\/new-website\/wp-content\/uploads\/elementor\/thumbs\/Capture-decran-2025-04-17-124249-r4hnzyvtnasn2xhnnbusf88txcvz7ua7rnqbrc53v4.png","type":"","width":"","height":""}],"twitter_card":"summary_large_image","twitter_misc":{"Est. reading time":"1 minute"},"schema":{"@context":"https:\/\/schema.org","@graph":[{"@type":"WebPage","@id":"https:\/\/inoof.edu.dz\/?page_id=3267","url":"https:\/\/inoof.edu.dz\/?page_id=3267","name":"Documents \u00e0 t\u00e9l\u00e9charger - INOOF","isPartOf":{"@id":"https:\/\/inoof.edu.dz\/#website"},"primaryImageOfPage":{"@id":"https:\/\/inoof.edu.dz\/?page_id=3267#primaryimage"},"image":{"@id":"https:\/\/inoof.edu.dz\/?page_id=3267#primaryimage"},"thumbnailUrl":"https:\/\/inoof.edu.dz\/new-website\/wp-content\/uploads\/elementor\/thumbs\/Capture-decran-2025-04-17-124249-r4hnzyvtnasn2xhnnbusf88txcvz7ua7rnqbrc53v4.png","datePublished":"2025-04-07T07:59:13+00:00","dateModified":"2025-04-17T11:48:28+00:00","breadcrumb":{"@id":"https:\/\/inoof.edu.dz\/?page_id=3267#breadcrumb"},"inLanguage":"en-US","potentialAction":[{"@type":"ReadAction","target":["https:\/\/inoof.edu.dz\/?page_id=3267"]}]},{"@type":"ImageObject","inLanguage":"en-US","@id":"https:\/\/inoof.edu.dz\/?page_id=3267#primaryimage","url":"https:\/\/inoof.edu.dz\/new-website\/wp-content\/uploads\/elementor\/thumbs\/Capture-decran-2025-04-17-124249-r4hnzyvtnasn2xhnnbusf88txcvz7ua7rnqbrc53v4.png","contentUrl":"https:\/\/inoof.edu.dz\/new-website\/wp-content\/uploads\/elementor\/thumbs\/Capture-decran-2025-04-17-124249-r4hnzyvtnasn2xhnnbusf88txcvz7ua7rnqbrc53v4.png"},{"@type":"BreadcrumbList","@id":"https:\/\/inoof.edu.dz\/?page_id=3267#breadcrumb","itemListElement":[{"@type":"ListItem","position":1,"name":"Home","item":"https:\/\/inoof.edu.dz\/"},{"@type":"ListItem","position":2,"name":"Documents \u00e0 t\u00e9l\u00e9charger"}]},{"@type":"WebSite","@id":"https:\/\/inoof.edu.dz\/#website","url":"https:\/\/inoof.edu.dz\/","name":"INOOF","description":"","publisher":{"@id":"https:\/\/inoof.edu.dz\/#organization"},"potentialAction":[{"@type":"SearchAction","target":{"@type":"EntryPoint","urlTemplate":"https:\/\/inoof.edu.dz\/?s={search_term_string}"},"query-input":{"@type":"PropertyValueSpecification","valueRequired":true,"valueName":"search_term_string"}}],"inLanguage":"en-US"},{"@type":"Organization","@id":"https:\/\/inoof.edu.dz\/#organization","name":"INOOF","url":"https:\/\/inoof.edu.dz\/","logo":{"@type":"ImageObject","inLanguage":"en-US","@id":"https:\/\/inoof.edu.dz\/#\/schema\/logo\/image\/","url":"https:\/\/inoof.edu.dz\/new-website\/wp-content\/uploads\/2025\/02\/inoof-trans-logo.png","contentUrl":"https:\/\/inoof.edu.dz\/new-website\/wp-content\/uploads\/2025\/02\/inoof-trans-logo.png","width":500,"height":199,"caption":"INOOF"},"image":{"@id":"https:\/\/inoof.edu.dz\/#\/schema\/logo\/image\/"},"sameAs":["https:\/\/www.facebook.com\/profile.php?id=100070764799497","https:\/\/www.instagram.com\/institutinoof\/"]}]}},"_links":{"self":[{"href":"https:\/\/inoof.edu.dz\/index.php?rest_route=\/wp\/v2\/pages\/3267","targetHints":{"allow":["GET"]}}],"collection":[{"href":"https:\/\/inoof.edu.dz\/index.php?rest_route=\/wp\/v2\/pages"}],"about":[{"href":"https:\/\/inoof.edu.dz\/index.php?rest_route=\/wp\/v2\/types\/page"}],"author":[{"embeddable":true,"href":"https:\/\/inoof.edu.dz\/index.php?rest_route=\/wp\/v2\/users\/2"}],"replies":[{"embeddable":true,"href":"https:\/\/inoof.edu.dz\/index.php?rest_route=%2Fwp%2Fv2%2Fcomments&post=3267"}],"version-history":[{"count":7,"href":"https:\/\/inoof.edu.dz\/index.php?rest_route=\/wp\/v2\/pages\/3267\/revisions"}],"predecessor-version":[{"id":3473,"href":"https:\/\/inoof.edu.dz\/index.php?rest_route=\/wp\/v2\/pages\/3267\/revisions\/3473"}],"wp:attachment":[{"href":"https:\/\/inoof.edu.dz\/index.php?rest_route=%2Fwp%2Fv2%2Fmedia&parent=3267"}],"curies":[{"name":"wp","href":"https:\/\/api.w.org\/{rel}","templated":true}]}}