{"id":3292,"date":"2025-04-07T09:16:00","date_gmt":"2025-04-07T09:16:00","guid":{"rendered":"https:\/\/inoof.edu.dz\/new-website\/?page_id=3292"},"modified":"2025-04-17T10:21:47","modified_gmt":"2025-04-17T10:21:47","slug":"stage-chez-lopticien-2","status":"publish","type":"page","link":"https:\/\/inoof.edu.dz\/?page_id=3292","title":{"rendered":"Stage chez l&#8217;opticien"},"content":{"rendered":"\t\t<div data-elementor-type=\"wp-page\" data-elementor-id=\"3292\" class=\"elementor elementor-3292\">\n\t\t\t\t<div class=\"elementor-element elementor-element-806b423 e-flex e-con-boxed e-con e-parent\" data-id=\"806b423\" data-element_type=\"container\" data-e-type=\"container\">\n\t\t\t\t\t<div class=\"e-con-inner\">\n\t\t\t\t<div class=\"elementor-element elementor-element-a712dfb eael-dual-header-content-align-center elementor-widget elementor-widget-eael-dual-color-header\" data-id=\"a712dfb\" data-element_type=\"widget\" data-e-type=\"widget\" data-widget_type=\"eael-dual-color-header.default\">\n\t\t\t\t<div class=\"elementor-widget-container\">\n\t\t\t\t\t\t\t\t<div class=\"eael-dual-header\">\n\t\t\t\t<h2 class=\"title eael-dch-title\"><span class=\"eael-dch-title-text eael-dch-title-lead lead solid-color\">Stage chez un<\/span> <span class=\"eael-dch-title-text\">opticien<\/span><\/h2><div class=\"eael-dch-separator-wrap\"><span class=\"separator-one\"><\/span>\n\t\t\t<span class=\"separator-two\"><\/span><\/div>\t\t\t\t\t<span class=\"subtext\"><p>une immersion pratique pour d\u00e9couvrir le m\u00e9tier et renforcer les comp\u00e9tences professionnelles des \u00e9tudiants.<\/p><\/span>\n\t\t\t\t\t\t\t\t\t<span class=\"eael-dch-svg-icon\"><svg aria-hidden=\"true\" class=\"e-font-icon-svg e-fas-caret-down\" viewBox=\"0 0 320 512\" xmlns=\"http:\/\/www.w3.org\/2000\/svg\"><path d=\"M31.3 192h257.3c17.8 0 26.7 21.5 14.1 34.1L174.1 354.8c-7.8 7.8-20.5 7.8-28.3 0L17.2 226.1C4.6 213.5 13.5 192 31.3 192z\"><\/path><\/svg><\/span>\t\t\t\t\t\t\t<\/div>\n\n\t\t\t\t\t\t<\/div>\n\t\t\t\t<\/div>\n\t\t<div class=\"elementor-element elementor-element-3db8119 e-con-full e-flex e-con e-child\" data-id=\"3db8119\" data-element_type=\"container\" data-e-type=\"container\">\n\t\t\t\t<div class=\"elementor-element elementor-element-987a63b elementor-widget elementor-widget-image\" data-id=\"987a63b\" data-element_type=\"widget\" data-e-type=\"widget\" data-widget_type=\"image.default\">\n\t\t\t\t<div class=\"elementor-widget-container\">\n\t\t\t\t\t\t\t\t\t\t\t\t\t\t\t<img fetchpriority=\"high\" decoding=\"async\" width=\"2560\" height=\"695\" src=\"https:\/\/inoof.edu.dz\/wp-content\/uploads\/2025\/04\/1000042488-scaled.jpg\" class=\"attachment-full size-full wp-image-3424\" alt=\"\" srcset=\"https:\/\/inoof.edu.dz\/wp-content\/uploads\/2025\/04\/1000042488-scaled.jpg 2560w, https:\/\/inoof.edu.dz\/wp-content\/uploads\/2025\/04\/1000042488-300x81.jpg 300w, https:\/\/inoof.edu.dz\/wp-content\/uploads\/2025\/04\/1000042488-1024x278.jpg 1024w, https:\/\/inoof.edu.dz\/wp-content\/uploads\/2025\/04\/1000042488-768x209.jpg 768w, https:\/\/inoof.edu.dz\/wp-content\/uploads\/2025\/04\/1000042488-1536x417.jpg 1536w, https:\/\/inoof.edu.dz\/wp-content\/uploads\/2025\/04\/1000042488-2048x556.jpg 2048w\" sizes=\"(max-width: 2560px) 100vw, 2560px\" \/>\t\t\t\t\t\t\t\t\t\t\t\t\t\t\t<\/div>\n\t\t\t\t<\/div>\n\t\t\t\t<\/div>\n\t\t\t\t\t<\/div>\n\t\t\t\t<\/div>\n\t\t<div class=\"elementor-element elementor-element-753c898 e-flex e-con-boxed e-con e-parent\" data-id=\"753c898\" data-element_type=\"container\" data-e-type=\"container\">\n\t\t\t\t\t<div class=\"e-con-inner\">\n\t\t<div class=\"elementor-element elementor-element-8fbbb78 e-con-full e-flex e-con e-child\" data-id=\"8fbbb78\" data-element_type=\"container\" data-e-type=\"container\">\n\t\t\t\t<div class=\"elementor-element elementor-element-01ae8f0 elementor-widget elementor-widget-image\" data-id=\"01ae8f0\" data-element_type=\"widget\" data-e-type=\"widget\" data-widget_type=\"image.default\">\n\t\t\t\t<div class=\"elementor-widget-container\">\n\t\t\t\t\t\t\t\t\t\t\t\t\t\t\t<img decoding=\"async\" width=\"1536\" height=\"1024\" src=\"https:\/\/inoof.edu.dz\/wp-content\/uploads\/2025\/04\/pexels-karolina-grabowska-5201896-1536x1024.jpg\" class=\"attachment-1536x1536 size-1536x1536 wp-image-3323\" alt=\"\" srcset=\"https:\/\/inoof.edu.dz\/wp-content\/uploads\/2025\/04\/pexels-karolina-grabowska-5201896-1536x1024.jpg 1536w, https:\/\/inoof.edu.dz\/wp-content\/uploads\/2025\/04\/pexels-karolina-grabowska-5201896-300x200.jpg 300w, https:\/\/inoof.edu.dz\/wp-content\/uploads\/2025\/04\/pexels-karolina-grabowska-5201896-1024x683.jpg 1024w, https:\/\/inoof.edu.dz\/wp-content\/uploads\/2025\/04\/pexels-karolina-grabowska-5201896-768x512.jpg 768w, https:\/\/inoof.edu.dz\/wp-content\/uploads\/2025\/04\/pexels-karolina-grabowska-5201896-370x247.jpg 370w, https:\/\/inoof.edu.dz\/wp-content\/uploads\/2025\/04\/pexels-karolina-grabowska-5201896-270x180.jpg 270w, https:\/\/inoof.edu.dz\/wp-content\/uploads\/2025\/04\/pexels-karolina-grabowska-5201896-2048x1365.jpg 2048w, https:\/\/inoof.edu.dz\/wp-content\/uploads\/2025\/04\/pexels-karolina-grabowska-5201896-360x240.jpg 360w\" sizes=\"(max-width: 1536px) 100vw, 1536px\" \/>\t\t\t\t\t\t\t\t\t\t\t\t\t\t\t<\/div>\n\t\t\t\t<\/div>\n\t\t\t\t<\/div>\n\t\t<div class=\"elementor-element elementor-element-dfd582a e-con-full e-flex e-con e-child\" data-id=\"dfd582a\" data-element_type=\"container\" data-e-type=\"container\">\n\t\t\t\t<div class=\"elementor-element elementor-element-b1d5406 elementor-widget elementor-widget-text-editor\" data-id=\"b1d5406\" data-element_type=\"widget\" data-e-type=\"widget\" data-widget_type=\"text-editor.default\">\n\t\t\t\t<div class=\"elementor-widget-container\">\n\t\t\t\t\t\t\t\t\t<p class=\"\" data-start=\"201\" data-end=\"627\">Dans le cadre de la formation professionnelle en optom\u00e9trie dispens\u00e9e \u00e0 l&#8217;INOOF \u2013 Institut d\u2019Optom\u00e9trie de Ouled Fayet \u2013 les stages pratiques en laboratoire ou officine d\u2019optique m\u00e9dicale occupent une place centrale dans le parcours de l\u2019\u00e9tudiant. Obligatoire et encadr\u00e9, ce stage vise \u00e0 confronter les connaissances th\u00e9oriques acquises en cours \u00e0 la r\u00e9alit\u00e9 du terrain, en favorisant l\u2019apprentissage par l\u2019exp\u00e9rience directe.<\/p><p class=\"\" data-start=\"201\" data-end=\"627\">Au cours de ce stage, chaque \u00e9tudiant int\u00e8gre une structure sp\u00e9cialis\u00e9e dans la vente et le montage d\u2019\u00e9quipements optiques, sous la supervision d\u2019un professionnel exp\u00e9riment\u00e9. Les objectifs sont multiples : d\u00e9couvrir les aspects pratiques du m\u00e9tier d\u2019opticien, affiner les comp\u00e9tences techniques comme la prise de mesures, l\u2019ajustement et la r\u00e9paration de lunettes, ma\u00eetriser l\u2019utilisation des instruments de mesure, et apprendre \u00e0 g\u00e9rer le contact client avec professionnalisme et empathie.<\/p>\t\t\t\t\t\t\t\t<\/div>\n\t\t\t\t<\/div>\n\t\t\t\t<\/div>\n\t\t\t\t\t<\/div>\n\t\t\t\t<\/div>\n\t\t<div class=\"elementor-element elementor-element-440dd09 e-flex e-con-boxed e-con e-parent\" data-id=\"440dd09\" data-element_type=\"container\" data-e-type=\"container\">\n\t\t\t\t\t<div class=\"e-con-inner\">\n\t\t\t\t<div class=\"elementor-element elementor-element-6c2e95c elementor-widget elementor-widget-text-editor\" data-id=\"6c2e95c\" data-element_type=\"widget\" data-e-type=\"widget\" data-widget_type=\"text-editor.default\">\n\t\t\t\t<div class=\"elementor-widget-container\">\n\t\t\t\t\t\t\t\t\t<p class=\"\" data-start=\"629\" data-end=\"1120\">Durant cette immersion, les \u00e9tudiants participent \u00e0 toutes les \u00e9tapes du travail en officine : accueil des clients, \u00e9coute et conseil personnalis\u00e9, s\u00e9lection de montures, prise de mesures morphologiques, r\u00e9alisation de montages, petites r\u00e9parations, et suivi des commandes. Ils d\u00e9couvrent aussi les aspects commerciaux et logistiques, tels que la gestion des stocks ou le suivi administratif des dossiers.<\/p>\t\t\t\t\t\t\t\t<\/div>\n\t\t\t\t<\/div>\n\t\t\t\t\t<\/div>\n\t\t\t\t<\/div>\n\t\t<div class=\"elementor-element elementor-element-42ed681 e-flex e-con-boxed e-con e-parent\" data-id=\"42ed681\" data-element_type=\"container\" data-e-type=\"container\">\n\t\t\t\t\t<div class=\"e-con-inner\">\n\t\t<div class=\"elementor-element elementor-element-bfbf3c9 e-con-full e-flex e-con e-child\" data-id=\"bfbf3c9\" data-element_type=\"container\" data-e-type=\"container\">\n\t\t\t\t<div class=\"elementor-element elementor-element-25ebba7 elementor-widget elementor-widget-text-editor\" data-id=\"25ebba7\" data-element_type=\"widget\" data-e-type=\"widget\" data-widget_type=\"text-editor.default\">\n\t\t\t\t<div class=\"elementor-widget-container\">\n\t\t\t\t\t\t\t\t\t<p class=\"\" data-start=\"1529\" data-end=\"1853\">Cette exp\u00e9rience est \u00e9galement une opportunit\u00e9 pour l\u2019\u00e9tudiant de mieux cerner ses affinit\u00e9s avec les diff\u00e9rentes dimensions du m\u00e9tier, de gagner en autonomie, et d\u2019enrichir ses savoir-faire relationnels et professionnels. Des projets sp\u00e9cifiques peuvent aussi \u00eatre confi\u00e9s aux stagiaires pour les responsabiliser davantage.<\/p><p class=\"\" data-start=\"1855\" data-end=\"2177\">Enfin, le stage fait l\u2019objet d\u2019un rapport de pr\u00e9sentation structur\u00e9 qui permet \u00e0 l\u2019\u00e9tudiant de synth\u00e9tiser ce qu\u2019il a appris, les comp\u00e9tences acquises, les difficult\u00e9s rencontr\u00e9es, et la mani\u00e8re dont il les a surmont\u00e9es. Ce bilan est un v\u00e9ritable outil de progression et de r\u00e9flexion sur le projet professionnel de chacun.<\/p><p class=\"\" data-start=\"1855\" data-end=\"2177\"><span style=\"text-align: var(--text-align); color: var(--primarycolor); font-family: var(--fontFamily); font-size: var(--fontSize); font-style: var(--fontStyle,inherit); font-weight: var(--fontWeight,normal); letter-spacing: var(--letterSpacing); text-transform: var(--textTransform);\">L\u2019INOOF veille \u00e0 la qualit\u00e9 de cette exp\u00e9rience en s\u00e9lectionnant des structures d\u2019accueil reconnues et en assurant un suivi rigoureux du d\u00e9roulement du stage. Ce partenariat entre formation acad\u00e9mique et pratique professionnelle est l\u2019un des fondements de la p\u00e9dagogie de l\u2019institut, afin de pr\u00e9parer au mieux les futurs opticiens \u00e0 la r\u00e9alit\u00e9 de leur m\u00e9tier.<\/span><\/p>\t\t\t\t\t\t\t\t<\/div>\n\t\t\t\t<\/div>\n\t\t\t\t<\/div>\n\t\t<div class=\"elementor-element elementor-element-b76b9de e-con-full e-flex e-con e-child\" data-id=\"b76b9de\" data-element_type=\"container\" data-e-type=\"container\">\n\t\t<div class=\"elementor-element elementor-element-e427d9c e-con-full e-flex e-con e-child\" data-id=\"e427d9c\" data-element_type=\"container\" data-e-type=\"container\">\n\t\t\t\t<div class=\"elementor-element elementor-element-13d3c1d elementor-widget elementor-widget-image\" data-id=\"13d3c1d\" data-element_type=\"widget\" data-e-type=\"widget\" data-widget_type=\"image.default\">\n\t\t\t\t<div class=\"elementor-widget-container\">\n\t\t\t\t\t\t\t\t\t\t\t\t\t\t\t<img decoding=\"async\" width=\"578\" height=\"610\" src=\"https:\/\/inoof.edu.dz\/wp-content\/uploads\/2025\/04\/Picture1.jpg\" class=\"attachment-large size-large wp-image-3421\" alt=\"\" srcset=\"https:\/\/inoof.edu.dz\/wp-content\/uploads\/2025\/04\/Picture1.jpg 578w, https:\/\/inoof.edu.dz\/wp-content\/uploads\/2025\/04\/Picture1-284x300.jpg 284w\" sizes=\"(max-width: 578px) 100vw, 578px\" \/>\t\t\t\t\t\t\t\t\t\t\t\t\t\t\t<\/div>\n\t\t\t\t<\/div>\n\t\t\t\t<\/div>\n\t\t\t\t<\/div>\n\t\t\t\t\t<\/div>\n\t\t\t\t<\/div>\n\t\t<div class=\"elementor-element elementor-element-8b133b1 e-flex e-con-boxed e-con e-parent\" data-id=\"8b133b1\" data-element_type=\"container\" data-e-type=\"container\">\n\t\t\t\t\t<div class=\"e-con-inner\">\n\t\t<div class=\"elementor-element elementor-element-713c063 e-con-full e-flex e-con e-child\" data-id=\"713c063\" data-element_type=\"container\" data-e-type=\"container\">\n\t\t\t\t<div class=\"elementor-element elementor-element-333205d elementor-align-center elementor-widget elementor-widget-button\" data-id=\"333205d\" data-element_type=\"widget\" data-e-type=\"widget\" data-widget_type=\"button.default\">\n\t\t\t\t<div class=\"elementor-widget-container\">\n\t\t\t\t\t\t\t\t\t<div class=\"elementor-button-wrapper\">\n\t\t\t\t\t<a class=\"elementor-button elementor-button-link elementor-size-sm\" href=\"https:\/\/inoof.edu.dz\/new-website\/wp-content\/uploads\/2025\/04\/Guide-de-la-presentation-du-stage-opticien.pdf\">\n\t\t\t\t\t\t<span class=\"elementor-button-content-wrapper\">\n\t\t\t\t\t\t\t\t\t<span class=\"elementor-button-text\">T\u00e9l\u00e9charger le guide de pr\u00e9sentation du stage<\/span>\n\t\t\t\t\t<\/span>\n\t\t\t\t\t<\/a>\n\t\t\t\t<\/div>\n\t\t\t\t\t\t\t\t<\/div>\n\t\t\t\t<\/div>\n\t\t\t\t<\/div>\n\t\t<div class=\"elementor-element elementor-element-c2b1c0d e-con-full e-flex e-con e-child\" data-id=\"c2b1c0d\" data-element_type=\"container\" data-e-type=\"container\">\n\t\t\t\t<div class=\"elementor-element elementor-element-d4be58b elementor-align-center elementor-widget elementor-widget-button\" data-id=\"d4be58b\" data-element_type=\"widget\" data-e-type=\"widget\" data-widget_type=\"button.default\">\n\t\t\t\t<div class=\"elementor-widget-container\">\n\t\t\t\t\t\t\t\t\t<div class=\"elementor-button-wrapper\">\n\t\t\t\t\t<a class=\"elementor-button elementor-button-link elementor-size-sm\" href=\"https:\/\/inoof.edu.dz\/new-website\/wp-content\/uploads\/2025\/04\/Demande-de-Stage-inoof.pdf\">\n\t\t\t\t\t\t<span class=\"elementor-button-content-wrapper\">\n\t\t\t\t\t\t\t\t\t<span class=\"elementor-button-text\">T\u00e9l\u00e9charger la fiche de demande de stage<\/span>\n\t\t\t\t\t<\/span>\n\t\t\t\t\t<\/a>\n\t\t\t\t<\/div>\n\t\t\t\t\t\t\t\t<\/div>\n\t\t\t\t<\/div>\n\t\t\t\t<\/div>\n\t\t\t\t\t<\/div>\n\t\t\t\t<\/div>\n\t\t\t\t<\/div>\n\t\t","protected":false},"excerpt":{"rendered":"<p>Stage chez un opticien une immersion pratique pour d\u00e9couvrir le m\u00e9tier et renforcer les comp\u00e9tences professionnelles des \u00e9tudiants. Dans le cadre de la formation professionnelle en optom\u00e9trie dispens\u00e9e \u00e0 l&#8217;INOOF [&hellip;]<\/p>\n","protected":false},"author":2,"featured_media":0,"parent":0,"menu_order":0,"comment_status":"closed","ping_status":"closed","template":"","meta":{"_eb_attr":"","breadcrumbs_single_post":"","page_title_panel":"","breadcrumbs_single_page":"","single_page_alignment":"","single_page_margin":"","page_structure_type":"","content_style_source":"","content_style":"","blog_post_streched_ed":"","blog_page_streched_ed":"","has_transparent_header":"","disable_transparent_header":"","vertical_spacing_source":"","content_area_spacing":"","single_post_content_background":"","single_page_content_background":"","single_post_boxed_content_spacing":"","single_page_boxed_content_spacing":"","single_post_content_boxed_radius":"","single_page_content_boxed_radius":"","disable_featured_image":"","disable_post_tags":"","disable_author_box":"","disable_posts_navigation":"","disable_comments":"","disable_related_posts":"","disable_header":"","disable_footer":"","footnotes":""},"class_list":["post-3292","page","type-page","status-publish","hentry","rishi-post","no-post-thumbnail"],"yoast_head":"<!-- This site is optimized with the Yoast SEO plugin v27.6 - https:\/\/yoast.com\/product\/yoast-seo-wordpress\/ -->\n<title>Stage chez l&#039;opticien - INOOF<\/title>\n<meta name=\"robots\" content=\"index, follow, max-snippet:-1, max-image-preview:large, max-video-preview:-1\" \/>\n<link rel=\"canonical\" href=\"https:\/\/inoof.edu.dz\/?page_id=3292\" \/>\n<meta property=\"og:locale\" content=\"en_US\" \/>\n<meta property=\"og:type\" content=\"article\" \/>\n<meta property=\"og:title\" content=\"Stage chez l&#039;opticien - INOOF\" \/>\n<meta property=\"og:description\" content=\"Stage chez un opticien une immersion pratique pour d\u00e9couvrir le m\u00e9tier et renforcer les comp\u00e9tences professionnelles des \u00e9tudiants. Dans le cadre de la formation professionnelle en optom\u00e9trie dispens\u00e9e \u00e0 l&#8217;INOOF [&hellip;]\" \/>\n<meta property=\"og:url\" content=\"https:\/\/inoof.edu.dz\/?page_id=3292\" \/>\n<meta property=\"og:site_name\" content=\"INOOF\" \/>\n<meta property=\"article:publisher\" content=\"https:\/\/www.facebook.com\/profile.php?id=100070764799497\" \/>\n<meta property=\"article:modified_time\" content=\"2025-04-17T10:21:47+00:00\" \/>\n<meta property=\"og:image\" content=\"https:\/\/inoof.edu.dz\/new-website\/wp-content\/uploads\/2025\/04\/1000042488-scaled.jpg\" \/>\n<meta name=\"twitter:card\" content=\"summary_large_image\" \/>\n<meta name=\"twitter:label1\" content=\"Est. reading time\" \/>\n\t<meta name=\"twitter:data1\" content=\"3 minutes\" \/>\n<script type=\"application\/ld+json\" class=\"yoast-schema-graph\">{\"@context\":\"https:\\\/\\\/schema.org\",\"@graph\":[{\"@type\":\"WebPage\",\"@id\":\"https:\\\/\\\/inoof.edu.dz\\\/?page_id=3292\",\"url\":\"https:\\\/\\\/inoof.edu.dz\\\/?page_id=3292\",\"name\":\"Stage chez l'opticien - INOOF\",\"isPartOf\":{\"@id\":\"https:\\\/\\\/inoof.edu.dz\\\/#website\"},\"primaryImageOfPage\":{\"@id\":\"https:\\\/\\\/inoof.edu.dz\\\/?page_id=3292#primaryimage\"},\"image\":{\"@id\":\"https:\\\/\\\/inoof.edu.dz\\\/?page_id=3292#primaryimage\"},\"thumbnailUrl\":\"https:\\\/\\\/inoof.edu.dz\\\/new-website\\\/wp-content\\\/uploads\\\/2025\\\/04\\\/1000042488-scaled.jpg\",\"datePublished\":\"2025-04-07T09:16:00+00:00\",\"dateModified\":\"2025-04-17T10:21:47+00:00\",\"breadcrumb\":{\"@id\":\"https:\\\/\\\/inoof.edu.dz\\\/?page_id=3292#breadcrumb\"},\"inLanguage\":\"en-US\",\"potentialAction\":[{\"@type\":\"ReadAction\",\"target\":[\"https:\\\/\\\/inoof.edu.dz\\\/?page_id=3292\"]}]},{\"@type\":\"ImageObject\",\"inLanguage\":\"en-US\",\"@id\":\"https:\\\/\\\/inoof.edu.dz\\\/?page_id=3292#primaryimage\",\"url\":\"https:\\\/\\\/inoof.edu.dz\\\/wp-content\\\/uploads\\\/2025\\\/04\\\/1000042488-scaled.jpg\",\"contentUrl\":\"https:\\\/\\\/inoof.edu.dz\\\/wp-content\\\/uploads\\\/2025\\\/04\\\/1000042488-scaled.jpg\",\"width\":2560,\"height\":695},{\"@type\":\"BreadcrumbList\",\"@id\":\"https:\\\/\\\/inoof.edu.dz\\\/?page_id=3292#breadcrumb\",\"itemListElement\":[{\"@type\":\"ListItem\",\"position\":1,\"name\":\"Home\",\"item\":\"https:\\\/\\\/inoof.edu.dz\\\/\"},{\"@type\":\"ListItem\",\"position\":2,\"name\":\"Stage chez l&#8217;opticien\"}]},{\"@type\":\"WebSite\",\"@id\":\"https:\\\/\\\/inoof.edu.dz\\\/#website\",\"url\":\"https:\\\/\\\/inoof.edu.dz\\\/\",\"name\":\"INOOF\",\"description\":\"\",\"publisher\":{\"@id\":\"https:\\\/\\\/inoof.edu.dz\\\/#organization\"},\"potentialAction\":[{\"@type\":\"SearchAction\",\"target\":{\"@type\":\"EntryPoint\",\"urlTemplate\":\"https:\\\/\\\/inoof.edu.dz\\\/?s={search_term_string}\"},\"query-input\":{\"@type\":\"PropertyValueSpecification\",\"valueRequired\":true,\"valueName\":\"search_term_string\"}}],\"inLanguage\":\"en-US\"},{\"@type\":\"Organization\",\"@id\":\"https:\\\/\\\/inoof.edu.dz\\\/#organization\",\"name\":\"INOOF\",\"url\":\"https:\\\/\\\/inoof.edu.dz\\\/\",\"logo\":{\"@type\":\"ImageObject\",\"inLanguage\":\"en-US\",\"@id\":\"https:\\\/\\\/inoof.edu.dz\\\/#\\\/schema\\\/logo\\\/image\\\/\",\"url\":\"https:\\\/\\\/inoof.edu.dz\\\/new-website\\\/wp-content\\\/uploads\\\/2025\\\/02\\\/inoof-trans-logo.png\",\"contentUrl\":\"https:\\\/\\\/inoof.edu.dz\\\/new-website\\\/wp-content\\\/uploads\\\/2025\\\/02\\\/inoof-trans-logo.png\",\"width\":500,\"height\":199,\"caption\":\"INOOF\"},\"image\":{\"@id\":\"https:\\\/\\\/inoof.edu.dz\\\/#\\\/schema\\\/logo\\\/image\\\/\"},\"sameAs\":[\"https:\\\/\\\/www.facebook.com\\\/profile.php?id=100070764799497\",\"https:\\\/\\\/www.instagram.com\\\/institutinoof\\\/\"]}]}<\/script>\n<!-- \/ Yoast SEO plugin. -->","yoast_head_json":{"title":"Stage chez l'opticien - INOOF","robots":{"index":"index","follow":"follow","max-snippet":"max-snippet:-1","max-image-preview":"max-image-preview:large","max-video-preview":"max-video-preview:-1"},"canonical":"https:\/\/inoof.edu.dz\/?page_id=3292","og_locale":"en_US","og_type":"article","og_title":"Stage chez l'opticien - INOOF","og_description":"Stage chez un opticien une immersion pratique pour d\u00e9couvrir le m\u00e9tier et renforcer les comp\u00e9tences professionnelles des \u00e9tudiants. Dans le cadre de la formation professionnelle en optom\u00e9trie dispens\u00e9e \u00e0 l&#8217;INOOF [&hellip;]","og_url":"https:\/\/inoof.edu.dz\/?page_id=3292","og_site_name":"INOOF","article_publisher":"https:\/\/www.facebook.com\/profile.php?id=100070764799497","article_modified_time":"2025-04-17T10:21:47+00:00","og_image":[{"url":"https:\/\/inoof.edu.dz\/new-website\/wp-content\/uploads\/2025\/04\/1000042488-scaled.jpg","type":"","width":"","height":""}],"twitter_card":"summary_large_image","twitter_misc":{"Est. reading time":"3 minutes"},"schema":{"@context":"https:\/\/schema.org","@graph":[{"@type":"WebPage","@id":"https:\/\/inoof.edu.dz\/?page_id=3292","url":"https:\/\/inoof.edu.dz\/?page_id=3292","name":"Stage chez l'opticien - INOOF","isPartOf":{"@id":"https:\/\/inoof.edu.dz\/#website"},"primaryImageOfPage":{"@id":"https:\/\/inoof.edu.dz\/?page_id=3292#primaryimage"},"image":{"@id":"https:\/\/inoof.edu.dz\/?page_id=3292#primaryimage"},"thumbnailUrl":"https:\/\/inoof.edu.dz\/new-website\/wp-content\/uploads\/2025\/04\/1000042488-scaled.jpg","datePublished":"2025-04-07T09:16:00+00:00","dateModified":"2025-04-17T10:21:47+00:00","breadcrumb":{"@id":"https:\/\/inoof.edu.dz\/?page_id=3292#breadcrumb"},"inLanguage":"en-US","potentialAction":[{"@type":"ReadAction","target":["https:\/\/inoof.edu.dz\/?page_id=3292"]}]},{"@type":"ImageObject","inLanguage":"en-US","@id":"https:\/\/inoof.edu.dz\/?page_id=3292#primaryimage","url":"https:\/\/inoof.edu.dz\/wp-content\/uploads\/2025\/04\/1000042488-scaled.jpg","contentUrl":"https:\/\/inoof.edu.dz\/wp-content\/uploads\/2025\/04\/1000042488-scaled.jpg","width":2560,"height":695},{"@type":"BreadcrumbList","@id":"https:\/\/inoof.edu.dz\/?page_id=3292#breadcrumb","itemListElement":[{"@type":"ListItem","position":1,"name":"Home","item":"https:\/\/inoof.edu.dz\/"},{"@type":"ListItem","position":2,"name":"Stage chez l&#8217;opticien"}]},{"@type":"WebSite","@id":"https:\/\/inoof.edu.dz\/#website","url":"https:\/\/inoof.edu.dz\/","name":"INOOF","description":"","publisher":{"@id":"https:\/\/inoof.edu.dz\/#organization"},"potentialAction":[{"@type":"SearchAction","target":{"@type":"EntryPoint","urlTemplate":"https:\/\/inoof.edu.dz\/?s={search_term_string}"},"query-input":{"@type":"PropertyValueSpecification","valueRequired":true,"valueName":"search_term_string"}}],"inLanguage":"en-US"},{"@type":"Organization","@id":"https:\/\/inoof.edu.dz\/#organization","name":"INOOF","url":"https:\/\/inoof.edu.dz\/","logo":{"@type":"ImageObject","inLanguage":"en-US","@id":"https:\/\/inoof.edu.dz\/#\/schema\/logo\/image\/","url":"https:\/\/inoof.edu.dz\/new-website\/wp-content\/uploads\/2025\/02\/inoof-trans-logo.png","contentUrl":"https:\/\/inoof.edu.dz\/new-website\/wp-content\/uploads\/2025\/02\/inoof-trans-logo.png","width":500,"height":199,"caption":"INOOF"},"image":{"@id":"https:\/\/inoof.edu.dz\/#\/schema\/logo\/image\/"},"sameAs":["https:\/\/www.facebook.com\/profile.php?id=100070764799497","https:\/\/www.instagram.com\/institutinoof\/"]}]}},"_links":{"self":[{"href":"https:\/\/inoof.edu.dz\/index.php?rest_route=\/wp\/v2\/pages\/3292","targetHints":{"allow":["GET"]}}],"collection":[{"href":"https:\/\/inoof.edu.dz\/index.php?rest_route=\/wp\/v2\/pages"}],"about":[{"href":"https:\/\/inoof.edu.dz\/index.php?rest_route=\/wp\/v2\/types\/page"}],"author":[{"embeddable":true,"href":"https:\/\/inoof.edu.dz\/index.php?rest_route=\/wp\/v2\/users\/2"}],"replies":[{"embeddable":true,"href":"https:\/\/inoof.edu.dz\/index.php?rest_route=%2Fwp%2Fv2%2Fcomments&post=3292"}],"version-history":[{"count":42,"href":"https:\/\/inoof.edu.dz\/index.php?rest_route=\/wp\/v2\/pages\/3292\/revisions"}],"predecessor-version":[{"id":3442,"href":"https:\/\/inoof.edu.dz\/index.php?rest_route=\/wp\/v2\/pages\/3292\/revisions\/3442"}],"wp:attachment":[{"href":"https:\/\/inoof.edu.dz\/index.php?rest_route=%2Fwp%2Fv2%2Fmedia&parent=3292"}],"curies":[{"name":"wp","href":"https:\/\/api.w.org\/{rel}","templated":true}]}}