{"id":4182,"date":"2025-05-26T09:52:00","date_gmt":"2025-05-26T09:52:00","guid":{"rendered":"https:\/\/inoof.edu.dz\/?page_id=4182"},"modified":"2025-05-26T12:49:52","modified_gmt":"2025-05-26T12:49:52","slug":"reglement-interieur-des-residents","status":"publish","type":"page","link":"https:\/\/inoof.edu.dz\/?page_id=4182","title":{"rendered":"R\u00e8glement int\u00e9rieur des r\u00e9sidents"},"content":{"rendered":"\t\t<div data-elementor-type=\"wp-page\" data-elementor-id=\"4182\" class=\"elementor elementor-4182\">\n\t\t\t\t<div class=\"elementor-element elementor-element-53a3288 e-flex e-con-boxed e-con e-parent\" data-id=\"53a3288\" data-element_type=\"container\" data-e-type=\"container\">\n\t\t\t\t\t<div class=\"e-con-inner\">\n\t\t\t\t<div class=\"elementor-element elementor-element-bafabb5 elementor-widget elementor-widget-html\" data-id=\"bafabb5\" data-element_type=\"widget\" data-e-type=\"widget\" data-widget_type=\"html.default\">\n\t\t\t\t<div class=\"elementor-widget-container\">\n\t\t\t\t\t<style>\r\n    \/* ------------------------------------ *\/\r\n    \/* STYLES G\u00c9N\u00c9RAUX            *\/\r\n    \/* ------------------------------------ *\/\r\n    body {\r\n        font-family: Arial, sans-serif; \/* Fallback si Franklin Gothic n'est pas import\u00e9e *\/\r\n        line-height: 1.6;\r\n        color: #333;\r\n        margin: 0;\r\n        padding: 0;\r\n        background-color: #f8f8f8;\r\n    }\r\n\r\n    \/* Conteneur principal du r\u00e8glement *\/\r\n    .reglement-container {\r\n        max-width: 900px;\r\n        margin: 40px auto;\r\n        padding: 30px;\r\n        background-color: #ffffff;\r\n        border-radius: 8px;\r\n        box-shadow: 0 4px 15px rgba(0, 0, 0, 0.1);\r\n    }\r\n\r\n    \/* Police Franklin Gothic (si import\u00e9e, sinon le fallback s'applique) *\/\r\n    .reglement-container, .reglement-container h1, .reglement-container h2, .reglement-container h3, .reglement-container h4 {\r\n        font-family: 'Franklin Gothic', Arial, sans-serif;\r\n    }\r\n\r\n    \/* Titre principal *\/\r\n    .reglement-title {\r\n        color: #007BC4;\r\n        text-align: center;\r\n        font-size: 2.5em;\r\n        margin-bottom: 20px;\r\n        padding-bottom: 10px;\r\n        border-bottom: 3px solid #007BC4;\r\n    }\r\n\r\n    \/* Introduction sous le titre *\/\r\n    .reglement-intro {\r\n        text-align: center;\r\n        font-size: 1.1em;\r\n        margin-bottom: 40px;\r\n        color: #555;\r\n    }\r\n\r\n    \/* ------------------------------------ *\/\r\n    \/* TABLE DES MATI\u00c8RES             *\/\r\n    \/* ------------------------------------ *\/\r\n    .table-of-contents {\r\n        background-color: #e6f3fa; \/* Fond clair pour la table des mati\u00e8res *\/\r\n        border-left: 5px solid #007BC4;\r\n        padding: 20px;\r\n        margin-bottom: 40px;\r\n        border-radius: 5px;\r\n    }\r\n\r\n    .table-of-contents h4 {\r\n        color: #007BC4;\r\n        margin-top: 0;\r\n        font-size: 1.3em;\r\n        margin-bottom: 15px;\r\n    }\r\n\r\n    .table-of-contents ul {\r\n        list-style: none; \/* Supprime les puces par d\u00e9faut *\/\r\n        padding: 0;\r\n        margin: 0;\r\n    }\r\n\r\n    .table-of-contents li {\r\n        margin-bottom: 8px;\r\n    }\r\n\r\n    .table-of-contents a {\r\n        color: #007BC4;\r\n        text-decoration: none;\r\n        font-weight: bold;\r\n        transition: color 0.3s ease;\r\n    }\r\n\r\n    .table-of-contents a:hover {\r\n        color: #0056b3; \/* Une nuance plus fonc\u00e9e au survol *\/\r\n        text-decoration: underline;\r\n    }\r\n\r\n    \/* ------------------------------------ *\/\r\n    \/* SECTIONS DE CONTENU        *\/\r\n    \/* ------------------------------------ *\/\r\n    .reglement-section {\r\n        margin-bottom: 30px;\r\n    }\r\n\r\n    .reglement-section h2 {\r\n        color: #007BC4;\r\n        font-size: 1.8em;\r\n        margin-top: 0;\r\n        margin-bottom: 15px;\r\n        padding-bottom: 5px;\r\n        border-bottom: 2px dashed #d0e7f7; \/* Ligne de s\u00e9paration l\u00e9g\u00e8re *\/\r\n    }\r\n\r\n    .reglement-section p {\r\n        margin-bottom: 15px;\r\n        text-align: justify;\r\n    }\r\n\r\n    .reglement-section ul {\r\n        list-style: disc; \/* Puces par d\u00e9faut *\/\r\n        margin-left: 25px;\r\n        margin-bottom: 15px;\r\n    }\r\n\r\n    .reglement-section li {\r\n        margin-bottom: 8px;\r\n    }\r\n\r\n    \/* ------------------------------------ *\/\r\n    \/* R\u00c9ACTIVIT\u00c9                *\/\r\n    \/* ------------------------------------ *\/\r\n    @media (max-width: 768px) {\r\n        .reglement-container {\r\n            margin: 20px auto;\r\n            padding: 20px;\r\n        }\r\n        .reglement-title {\r\n            font-size: 2em;\r\n        }\r\n        .reglement-section h2 {\r\n            font-size: 1.5em;\r\n        }\r\n    }\r\n<\/style>\r\n\r\n<div class=\"reglement-container\">\r\n    <h1 class=\"reglement-title\">R\u00e8glement Int\u00e9rieur pour les r\u00e9sidents de l'institut INOOF<\/h1>\r\n    <p class=\"reglement-intro\">\r\n        Le pr\u00e9sent r\u00e8glement est con\u00e7u pour garantir un environnement harmonieux et propice \u00e0 l'\u00e9panouissement\r\n        de chaque r\u00e9sident, en favorisant de bonnes conditions de vie et de travail au sein de l'institut.\r\n    <\/p>\r\n\r\n    <div class=\"table-of-contents\">\r\n        <h4>Sommaire<\/h4>\r\n        <ul>\r\n            <li><a href=\"#section1\">1\/ CARACT\u00c8RE PAISIBLE ET CONFORME \u00c0 SA DESTINATION DE L'OCCUPATION<\/a><\/li>\r\n            <li><a href=\"#section2\">2\/ RESPECT DES R\u00c8GLES DE S\u00c9CURIT\u00c9<\/a><\/li>\r\n            <li><a href=\"#section3\">3\/ ENTR\u00c9ES - SORTIES<\/a><\/li>\r\n            <li><a href=\"#section4\">4\/ RESPECT DES R\u00c8GLES D'HYGI\u00c8NE ET D'ENTRETIEN<\/a><\/li>\r\n            <li><a href=\"#section5\">5\/ RESPECT DE L'INT\u00c9GRIT\u00c9 DU LOGEMENT<\/a><\/li>\r\n            <li><a href=\"#section6\">6\/ RESPECT DES R\u00c8GLES SANITAIRES<\/a><\/li>\r\n            <li><a href=\"#section7\">7\/ RESPECT DES R\u00c8GLES DE LA VIE COLLECTIVE<\/a><\/li>\r\n            <li><a href=\"#section8\">8\/ CONS\u00c9QUENCES DU NON-RESPECT DU R\u00c8GLEMENT<\/a><\/li>\r\n        <\/ul>\r\n    <\/div>\r\n\r\n    <div class=\"reglement-section\" id=\"section1\">\r\n        <h2>1\/ CARACT\u00c8RE PAISIBLE ET CONFORME \u00c0 SA DESTINATION DE L'OCCUPATION<\/h2>\r\n        <p>L'occupation des logements doit se faire de mani\u00e8re paisible et non contraire \u00e0 l'ordre public[cite: 4].<\/p>\r\n        <p>Les r\u00e9sidents sont tenus d'\u00e9viter les activit\u00e9s bruyantes, y compris dans la journ\u00e9e, afin de respecter le travail des autres r\u00e9sidents et du personnel de l'institut affect\u00e9 ou log\u00e9 dans la r\u00e9sidence ainsi que de toute personne ou prestataire intervenant dans la r\u00e9sidence[cite: 5].<\/p>\r\n        <p>Aucune soir\u00e9e r\u00e9cr\u00e9ative ne peut \u00eatre organis\u00e9e dans les lieux d'h\u00e9bergement de l'\u00e9tablissement[cite: 6]. Toute introduction d'alcool ou de substances illicites entra\u00eenerait un renvoi imm\u00e9diat de la r\u00e9sidence[cite: 6].<\/p>\r\n    <\/div>\r\n\r\n    <div class=\"reglement-section\" id=\"section2\">\r\n        <h2>2\/ RESPECT DES R\u00c8GLES DE S\u00c9CURIT\u00c9<\/h2>\r\n        <p>Le r\u00e9sident ne peut, en aucune mani\u00e8re, mettre en cause la s\u00e9curit\u00e9 des autres r\u00e9sidents et du personnel, notamment en obstruant les acc\u00e8s ou par suite de d\u00e9gradations apport\u00e9es aux mat\u00e9riels et \u00e9quipements de s\u00e9curit\u00e9[cite: 7].<\/p>\r\n        <p>Pour des raisons de s\u00e9curit\u00e9 :<\/p>\r\n        <ul>\r\n            <li>L'utilisation de branchements multiples, d'un trop grand nombre d'appareils \u00e9lectriques ou de tout appareil est interdite[cite: 8].<\/li>\r\n            <li>La v\u00e9rification de tout appareil, \u00e9lectrom\u00e9nager\/\u00e9lectrique, prises, interrupteurs et syst\u00e8me de chauffage est obligatoire avant de quitter le lieu de r\u00e9sidence pour vacances ou autre[cite: 9].<\/li>\r\n            <li>Le stockage de produits dangereux ou inflammables est strictement prohib\u00e9[cite: 10].<\/li>\r\n            <li>Aucune serrure autre que celle existante ne peut \u00eatre intentionnellement install\u00e9e par le r\u00e9sident[cite: 11].<\/li>\r\n            <li>Le r\u00e9sident est responsable de la perte de son moyen d'acc\u00e8s qu'il ne doit en aucun cas confier \u00e0 une autre personne[cite: 12].<\/li>\r\n            <li>Il devra, en cas de perte, en informer la direction de l'institut, acquitter les frais de remplacement et il sera proc\u00e9d\u00e9 au changement de serrure par le personnel de la r\u00e9sidence[cite: 13].<\/li>\r\n            <li>Il est fortement recommand\u00e9 de ne garder \u00e0 la r\u00e9sidence, ni argent, ni bijoux ou objets de valeur[cite: 15].<\/li>\r\n        <\/ul>\r\n        <p>L'INOOF d\u00e9cline toute responsabilit\u00e9 pour les vols dont le(la) r\u00e9sident(e) pourrait \u00eatre victime dans son logement ou dans l'enceinte de la r\u00e9sidence[cite: 16].<\/p>\r\n        <p>Le (la) r\u00e9sident(e) est responsable sur ses propres deniers de toute d\u00e9gradation dont il (elle) serait l'auteur[cite: 17].<\/p>\r\n        <p>Le r\u00e9sident doit laisser libre acc\u00e8s \u00e0 son logement, au personnel d\u00fbment autoris\u00e9 par la direction de l'institut, chaque fois que la s\u00e9curit\u00e9 des personnes et l'entretien des locaux le rendent n\u00e9cessaire[cite: 18].<\/p>\r\n        <p>Des visites de contr\u00f4le d'hygi\u00e8ne et de s\u00e9curit\u00e9 sont organis\u00e9es en cours d'ann\u00e9e par le personnel de l'institut[cite: 19].<\/p>\r\n    <\/div>\r\n\r\n    <div class=\"reglement-section\" id=\"section3\">\r\n        <h2>3\/ ENTR\u00c9ES - SORTIES<\/h2>\r\n        <p>En aucun cas et sous aucun pr\u00e9texte, un r\u00e9sident ne peut mettre son logement \u00e0 la disposition d'un tiers[cite: 19].<\/p>\r\n        <p>L'h\u00e9bergement ou la visite d'un tiers est strictement interdite par la direction de l'institut[cite: 20].<\/p>\r\n        <p>Tout r\u00e9sident qui logerait ou recevrait pour visite une tierce personne au sein des lieux d'h\u00e9bergement de l'institut, serait tenu responsable et serait passible d'une sanction disciplinaire pouvant aller jusqu'\u00e0 l'exclusion[cite: 20].<\/p>\r\n    <\/div>\r\n\r\n    <div class=\"reglement-section\" id=\"section4\">\r\n        <h2>4\/ RESPECT DES R\u00c8GLES D'HYGI\u00c8NE ET D'ENTRETIEN<\/h2>\r\n        <p>Le nettoyage des parties communes est assur\u00e9 par le personnel de la r\u00e9sidence[cite: 21]. N\u00e9anmoins, le r\u00e9sident devra contribuer au maintien des lieux propres par un comportement appropri\u00e9, notamment dans les espaces collectifs[cite: 22].<\/p>\r\n        <p>Le r\u00e9sident est responsable de l'hygi\u00e8ne et de la propret\u00e9 de son logement et veille \u00e0 l'entretien r\u00e9gulier de celui-ci[cite: 23].<\/p>\r\n        <p>Tout dysfonctionnement, avarie ou incident doit \u00eatre signal\u00e9 au plus vite \u00e0 la direction de l'institut[cite: 24].<\/p>\r\n        <p>Il est interdit au r\u00e9sident d'intervenir sur les r\u00e9seaux d'eau, d'\u00e9lectricit\u00e9, de gaz ou de chauffage[cite: 25].<\/p>\r\n        <p>Les animaux ne sont pas admis dans la r\u00e9sidence[cite: 26].<\/p>\r\n    <\/div>\r\n\r\n    <div class=\"reglement-section\" id=\"section5\">\r\n        <h2>5\/ RESPECT DE L'INT\u00c9GRIT\u00c9 DU LOGEMENT<\/h2>\r\n        <p>Le mobilier contenu dans le logement ne pourra \u00eatre ni chang\u00e9, ni enlev\u00e9[cite: 27]. Le mobilier reste propri\u00e9t\u00e9 de la r\u00e9sidence[cite: 27].<\/p>\r\n        <p>En cas de non-respect de ces r\u00e8gles, la direction de l'institut pourra exiger au r\u00e9sident soit la remise en \u00e9tat des lieux, soit faire proc\u00e9der \u00e0 celle-ci aux frais du r\u00e9sident[cite: 27].<\/p>\r\n    <\/div>\r\n\r\n    <div class=\"reglement-section\" id=\"section6\">\r\n        <h2>6\/ RESPECT DES R\u00c8GLES SANITAIRES<\/h2>\r\n        <p>En cas de suspicion de maladie contagieuse, d'accident, ou d'indisposition grave, une d\u00e9claration doit \u00eatre faite le plus t\u00f4t possible \u00e0 la direction de la r\u00e9sidence ou \u00e0 l'agent d'astreinte[cite: 28].<\/p>\r\n        <p>Les r\u00e9sidents devront se soumettre aux contr\u00f4les m\u00e9dicaux en vigueur[cite: 29].<\/p>\r\n        <p>S'il s'agit d'une maladie grave ou contagieuse ou n\u00e9cessitant des soins sp\u00e9ciaux ou le recours \u00e0 une structure sp\u00e9cialis\u00e9e, le retour \u00e0 la r\u00e9sidence est subordonn\u00e9 \u00e0 la production d'un certificat m\u00e9dical pr\u00e9cisant qu'il n'y a pas de contre-indication \u00e0 la vie en collectivit\u00e9[cite: 30].<\/p>\r\n    <\/div>\r\n\r\n    <div class=\"reglement-section\" id=\"section7\">\r\n        <h2>7\/ RESPECT DES R\u00c8GLES DE LA VIE COLLECTIVE<\/h2>\r\n        <p>L'exercice des libert\u00e9s individuelles par les r\u00e9sidents doit se concilier avec les principes suivants :<\/p>\r\n        <ul>\r\n            <li>Respect du personnel de la r\u00e9sidence universitaire[cite: 32];<\/li>\r\n            <li>Respect des locaux et mat\u00e9riel[cite: 33];<\/li>\r\n            <li>Respect du travail et de la tranquillit\u00e9 des autres r\u00e9sidents[cite: 33].<\/li>\r\n        <\/ul>\r\n        <p>Toute atteinte au respect d'autrui, \u00e0 sa tranquillit\u00e9, \u00e0 ses biens ainsi que le non-respect de l'hygi\u00e8ne de vie en collectivit\u00e9 sera sanctionn\u00e9e conform\u00e9ment aux dispositions de l'article 8[cite: 34].<\/p>\r\n        <p>La direction se r\u00e9serve, apr\u00e8s avertissement, le droit de mettre fin au s\u00e9jour de tout \u00e9tudiant qui, par sa tenue, son mauvais esprit ou son m\u00e9pris du r\u00e8glement, porterait pr\u00e9judice \u00e0 la r\u00e9putation de l'\u00e9tablissement[cite: 34].<\/p>\r\n    <\/div>\r\n\r\n    <div class=\"reglement-section\" id=\"section8\">\r\n        <h2>8\/ CONS\u00c9QUENCES DU NON-RESPECT DU R\u00c8GLEMENT<\/h2>\r\n        <p>Tout manquement au pr\u00e9sent r\u00e8glement int\u00e9rieur est susceptible d'entra\u00eener, en tenant compte de la gravit\u00e9 du manquement et\/ou de sa r\u00e9it\u00e9ration, les sanctions gradu\u00e9es suivantes[cite: 35]:<\/p>\r\n        <ul>\r\n            <li>Avertissement \u00e9crit de la direction g\u00e9n\u00e9rale de l'\u00e9tablissement[cite: 35],<\/li>\r\n            <li>Non r\u00e9admission par la direction de l'\u00e9tablissement[cite: 35],<\/li>\r\n            <li>Exclusion apr\u00e8s un avertissement sp\u00e9cifique de la direction g\u00e9n\u00e9rale rest\u00e9 sans effet[cite: 35],<\/li>\r\n            <li>Exclusion sans avertissement pr\u00e9alable[cite: 35].<\/li>\r\n        <\/ul>\r\n    <\/div>\r\n<\/div>\t\t\t\t<\/div>\n\t\t\t\t<\/div>\n\t\t\t\t\t<\/div>\n\t\t\t\t<\/div>\n\t\t<div class=\"elementor-element elementor-element-b812168 e-flex e-con-boxed e-con e-parent\" data-id=\"b812168\" data-element_type=\"container\" data-e-type=\"container\">\n\t\t\t\t\t<div class=\"e-con-inner\">\n\t\t\t\t<div class=\"elementor-element elementor-element-9679afb elementor-align-center elementor-widget elementor-widget-button\" data-id=\"9679afb\" data-element_type=\"widget\" data-e-type=\"widget\" data-widget_type=\"button.default\">\n\t\t\t\t<div class=\"elementor-widget-container\">\n\t\t\t\t\t\t\t\t\t<div class=\"elementor-button-wrapper\">\n\t\t\t\t\t<a class=\"elementor-button elementor-button-link elementor-size-sm\" href=\"https:\/\/inoof.edu.dz\/wp-content\/uploads\/2025\/05\/Reglement-Interieur-Residents.pdf\">\n\t\t\t\t\t\t<span class=\"elementor-button-content-wrapper\">\n\t\t\t\t\t\t\t\t\t<span class=\"elementor-button-text\">T\u00e9l\u00e9charger le r\u00e9glement int\u00e9rieur de la r\u00e9sidence<\/span>\n\t\t\t\t\t<\/span>\n\t\t\t\t\t<\/a>\n\t\t\t\t<\/div>\n\t\t\t\t\t\t\t\t<\/div>\n\t\t\t\t<\/div>\n\t\t\t\t\t<\/div>\n\t\t\t\t<\/div>\n\t\t\t\t<\/div>\n\t\t","protected":false},"excerpt":{"rendered":"<p>R\u00e8glement Int\u00e9rieur pour les r\u00e9sidents de l&#8217;institut INOOF Le pr\u00e9sent r\u00e8glement est con\u00e7u pour garantir un environnement harmonieux et propice \u00e0 l&#8217;\u00e9panouissement de chaque r\u00e9sident, en favorisant de bonnes conditions [&hellip;]<\/p>\n","protected":false},"author":2,"featured_media":0,"parent":0,"menu_order":0,"comment_status":"closed","ping_status":"closed","template":"","meta":{"_eb_attr":"","breadcrumbs_single_post":"","page_title_panel":"","breadcrumbs_single_page":"","single_page_alignment":"","single_page_margin":"","page_structure_type":"","content_style_source":"","content_style":"","blog_post_streched_ed":"","blog_page_streched_ed":"","has_transparent_header":"","disable_transparent_header":"","vertical_spacing_source":"","content_area_spacing":"","single_post_content_background":"","single_page_content_background":"","single_post_boxed_content_spacing":"","single_page_boxed_content_spacing":"","single_post_content_boxed_radius":"","single_page_content_boxed_radius":"","disable_featured_image":"","disable_post_tags":"","disable_author_box":"","disable_posts_navigation":"","disable_comments":"","disable_related_posts":"","disable_header":"","disable_footer":"","footnotes":""},"class_list":["post-4182","page","type-page","status-publish","hentry","rishi-post","no-post-thumbnail"],"yoast_head":"<!-- This site is optimized with the Yoast SEO plugin v27.6 - https:\/\/yoast.com\/product\/yoast-seo-wordpress\/ -->\n<title>R\u00e8glement int\u00e9rieur des r\u00e9sidents - INOOF<\/title>\n<meta name=\"robots\" content=\"index, follow, max-snippet:-1, max-image-preview:large, max-video-preview:-1\" \/>\n<link rel=\"canonical\" href=\"https:\/\/inoof.edu.dz\/?page_id=4182\" \/>\n<meta property=\"og:locale\" content=\"en_US\" \/>\n<meta property=\"og:type\" content=\"article\" \/>\n<meta property=\"og:title\" content=\"R\u00e8glement int\u00e9rieur des r\u00e9sidents - INOOF\" \/>\n<meta property=\"og:description\" content=\"R\u00e8glement Int\u00e9rieur pour les r\u00e9sidents de l&#8217;institut INOOF Le pr\u00e9sent r\u00e8glement est con\u00e7u pour garantir un environnement harmonieux et propice \u00e0 l&#8217;\u00e9panouissement de chaque r\u00e9sident, en favorisant de bonnes conditions [&hellip;]\" \/>\n<meta property=\"og:url\" content=\"https:\/\/inoof.edu.dz\/?page_id=4182\" \/>\n<meta property=\"og:site_name\" content=\"INOOF\" \/>\n<meta property=\"article:publisher\" content=\"https:\/\/www.facebook.com\/profile.php?id=100070764799497\" \/>\n<meta property=\"article:modified_time\" content=\"2025-05-26T12:49:52+00:00\" \/>\n<meta property=\"og:image\" content=\"https:\/\/inoof.edu.dz\/wp-content\/uploads\/2025\/03\/Design-sans-titre-1-1.png\" \/>\n\t<meta property=\"og:image:width\" content=\"512\" \/>\n\t<meta property=\"og:image:height\" content=\"512\" \/>\n\t<meta property=\"og:image:type\" content=\"image\/png\" \/>\n<meta name=\"twitter:card\" content=\"summary_large_image\" \/>\n<meta name=\"twitter:label1\" content=\"Est. reading time\" \/>\n\t<meta name=\"twitter:data1\" content=\"5 minutes\" \/>\n<script type=\"application\/ld+json\" class=\"yoast-schema-graph\">{\"@context\":\"https:\\\/\\\/schema.org\",\"@graph\":[{\"@type\":\"WebPage\",\"@id\":\"https:\\\/\\\/inoof.edu.dz\\\/?page_id=4182\",\"url\":\"https:\\\/\\\/inoof.edu.dz\\\/?page_id=4182\",\"name\":\"R\u00e8glement int\u00e9rieur des r\u00e9sidents - INOOF\",\"isPartOf\":{\"@id\":\"https:\\\/\\\/inoof.edu.dz\\\/#website\"},\"datePublished\":\"2025-05-26T09:52:00+00:00\",\"dateModified\":\"2025-05-26T12:49:52+00:00\",\"breadcrumb\":{\"@id\":\"https:\\\/\\\/inoof.edu.dz\\\/?page_id=4182#breadcrumb\"},\"inLanguage\":\"en-US\",\"potentialAction\":[{\"@type\":\"ReadAction\",\"target\":[\"https:\\\/\\\/inoof.edu.dz\\\/?page_id=4182\"]}]},{\"@type\":\"BreadcrumbList\",\"@id\":\"https:\\\/\\\/inoof.edu.dz\\\/?page_id=4182#breadcrumb\",\"itemListElement\":[{\"@type\":\"ListItem\",\"position\":1,\"name\":\"Home\",\"item\":\"https:\\\/\\\/inoof.edu.dz\\\/\"},{\"@type\":\"ListItem\",\"position\":2,\"name\":\"R\u00e8glement int\u00e9rieur des r\u00e9sidents\"}]},{\"@type\":\"WebSite\",\"@id\":\"https:\\\/\\\/inoof.edu.dz\\\/#website\",\"url\":\"https:\\\/\\\/inoof.edu.dz\\\/\",\"name\":\"INOOF\",\"description\":\"\",\"publisher\":{\"@id\":\"https:\\\/\\\/inoof.edu.dz\\\/#organization\"},\"potentialAction\":[{\"@type\":\"SearchAction\",\"target\":{\"@type\":\"EntryPoint\",\"urlTemplate\":\"https:\\\/\\\/inoof.edu.dz\\\/?s={search_term_string}\"},\"query-input\":{\"@type\":\"PropertyValueSpecification\",\"valueRequired\":true,\"valueName\":\"search_term_string\"}}],\"inLanguage\":\"en-US\"},{\"@type\":\"Organization\",\"@id\":\"https:\\\/\\\/inoof.edu.dz\\\/#organization\",\"name\":\"INOOF\",\"url\":\"https:\\\/\\\/inoof.edu.dz\\\/\",\"logo\":{\"@type\":\"ImageObject\",\"inLanguage\":\"en-US\",\"@id\":\"https:\\\/\\\/inoof.edu.dz\\\/#\\\/schema\\\/logo\\\/image\\\/\",\"url\":\"https:\\\/\\\/inoof.edu.dz\\\/new-website\\\/wp-content\\\/uploads\\\/2025\\\/02\\\/inoof-trans-logo.png\",\"contentUrl\":\"https:\\\/\\\/inoof.edu.dz\\\/new-website\\\/wp-content\\\/uploads\\\/2025\\\/02\\\/inoof-trans-logo.png\",\"width\":500,\"height\":199,\"caption\":\"INOOF\"},\"image\":{\"@id\":\"https:\\\/\\\/inoof.edu.dz\\\/#\\\/schema\\\/logo\\\/image\\\/\"},\"sameAs\":[\"https:\\\/\\\/www.facebook.com\\\/profile.php?id=100070764799497\",\"https:\\\/\\\/www.instagram.com\\\/institutinoof\\\/\"]}]}<\/script>\n<!-- \/ Yoast SEO plugin. -->","yoast_head_json":{"title":"R\u00e8glement int\u00e9rieur des r\u00e9sidents - INOOF","robots":{"index":"index","follow":"follow","max-snippet":"max-snippet:-1","max-image-preview":"max-image-preview:large","max-video-preview":"max-video-preview:-1"},"canonical":"https:\/\/inoof.edu.dz\/?page_id=4182","og_locale":"en_US","og_type":"article","og_title":"R\u00e8glement int\u00e9rieur des r\u00e9sidents - INOOF","og_description":"R\u00e8glement Int\u00e9rieur pour les r\u00e9sidents de l&#8217;institut INOOF Le pr\u00e9sent r\u00e8glement est con\u00e7u pour garantir un environnement harmonieux et propice \u00e0 l&#8217;\u00e9panouissement de chaque r\u00e9sident, en favorisant de bonnes conditions [&hellip;]","og_url":"https:\/\/inoof.edu.dz\/?page_id=4182","og_site_name":"INOOF","article_publisher":"https:\/\/www.facebook.com\/profile.php?id=100070764799497","article_modified_time":"2025-05-26T12:49:52+00:00","og_image":[{"width":512,"height":512,"url":"https:\/\/inoof.edu.dz\/wp-content\/uploads\/2025\/03\/Design-sans-titre-1-1.png","type":"image\/png"}],"twitter_card":"summary_large_image","twitter_misc":{"Est. reading time":"5 minutes"},"schema":{"@context":"https:\/\/schema.org","@graph":[{"@type":"WebPage","@id":"https:\/\/inoof.edu.dz\/?page_id=4182","url":"https:\/\/inoof.edu.dz\/?page_id=4182","name":"R\u00e8glement int\u00e9rieur des r\u00e9sidents - INOOF","isPartOf":{"@id":"https:\/\/inoof.edu.dz\/#website"},"datePublished":"2025-05-26T09:52:00+00:00","dateModified":"2025-05-26T12:49:52+00:00","breadcrumb":{"@id":"https:\/\/inoof.edu.dz\/?page_id=4182#breadcrumb"},"inLanguage":"en-US","potentialAction":[{"@type":"ReadAction","target":["https:\/\/inoof.edu.dz\/?page_id=4182"]}]},{"@type":"BreadcrumbList","@id":"https:\/\/inoof.edu.dz\/?page_id=4182#breadcrumb","itemListElement":[{"@type":"ListItem","position":1,"name":"Home","item":"https:\/\/inoof.edu.dz\/"},{"@type":"ListItem","position":2,"name":"R\u00e8glement int\u00e9rieur des r\u00e9sidents"}]},{"@type":"WebSite","@id":"https:\/\/inoof.edu.dz\/#website","url":"https:\/\/inoof.edu.dz\/","name":"INOOF","description":"","publisher":{"@id":"https:\/\/inoof.edu.dz\/#organization"},"potentialAction":[{"@type":"SearchAction","target":{"@type":"EntryPoint","urlTemplate":"https:\/\/inoof.edu.dz\/?s={search_term_string}"},"query-input":{"@type":"PropertyValueSpecification","valueRequired":true,"valueName":"search_term_string"}}],"inLanguage":"en-US"},{"@type":"Organization","@id":"https:\/\/inoof.edu.dz\/#organization","name":"INOOF","url":"https:\/\/inoof.edu.dz\/","logo":{"@type":"ImageObject","inLanguage":"en-US","@id":"https:\/\/inoof.edu.dz\/#\/schema\/logo\/image\/","url":"https:\/\/inoof.edu.dz\/new-website\/wp-content\/uploads\/2025\/02\/inoof-trans-logo.png","contentUrl":"https:\/\/inoof.edu.dz\/new-website\/wp-content\/uploads\/2025\/02\/inoof-trans-logo.png","width":500,"height":199,"caption":"INOOF"},"image":{"@id":"https:\/\/inoof.edu.dz\/#\/schema\/logo\/image\/"},"sameAs":["https:\/\/www.facebook.com\/profile.php?id=100070764799497","https:\/\/www.instagram.com\/institutinoof\/"]}]}},"_links":{"self":[{"href":"https:\/\/inoof.edu.dz\/index.php?rest_route=\/wp\/v2\/pages\/4182","targetHints":{"allow":["GET"]}}],"collection":[{"href":"https:\/\/inoof.edu.dz\/index.php?rest_route=\/wp\/v2\/pages"}],"about":[{"href":"https:\/\/inoof.edu.dz\/index.php?rest_route=\/wp\/v2\/types\/page"}],"author":[{"embeddable":true,"href":"https:\/\/inoof.edu.dz\/index.php?rest_route=\/wp\/v2\/users\/2"}],"replies":[{"embeddable":true,"href":"https:\/\/inoof.edu.dz\/index.php?rest_route=%2Fwp%2Fv2%2Fcomments&post=4182"}],"version-history":[{"count":10,"href":"https:\/\/inoof.edu.dz\/index.php?rest_route=\/wp\/v2\/pages\/4182\/revisions"}],"predecessor-version":[{"id":4197,"href":"https:\/\/inoof.edu.dz\/index.php?rest_route=\/wp\/v2\/pages\/4182\/revisions\/4197"}],"wp:attachment":[{"href":"https:\/\/inoof.edu.dz\/index.php?rest_route=%2Fwp%2Fv2%2Fmedia&parent=4182"}],"curies":[{"name":"wp","href":"https:\/\/api.w.org\/{rel}","templated":true}]}}