{"id":4784,"date":"2025-11-12T07:20:26","date_gmt":"2025-11-12T07:20:26","guid":{"rendered":"https:\/\/inoof.edu.dz\/?page_id=4784"},"modified":"2026-01-04T21:56:41","modified_gmt":"2026-01-04T21:56:41","slug":"programme-pedagogique","status":"publish","type":"page","link":"https:\/\/inoof.edu.dz\/?page_id=4784","title":{"rendered":"Programme p\u00e9dagogique"},"content":{"rendered":"\t\t<div data-elementor-type=\"wp-page\" data-elementor-id=\"4784\" class=\"elementor elementor-4784\">\n\t\t\t\t<div class=\"elementor-element elementor-element-2367050 e-flex e-con-boxed e-con e-parent\" data-id=\"2367050\" data-element_type=\"container\" data-e-type=\"container\">\n\t\t\t\t\t<div class=\"e-con-inner\">\n\t\t\t\t<div class=\"elementor-element elementor-element-2bea164 eael-dual-header-content-align-center elementor-widget elementor-widget-eael-dual-color-header\" data-id=\"2bea164\" data-element_type=\"widget\" data-e-type=\"widget\" data-widget_type=\"eael-dual-color-header.default\">\n\t\t\t\t<div class=\"elementor-widget-container\">\n\t\t\t\t\t\t\t\t<div class=\"eael-dual-header\">\n\t\t\t\t<h2 class=\"title eael-dch-title\"><span class=\"eael-dch-title-text eael-dch-title-lead lead solid-color\">programme<\/span> <span class=\"eael-dch-title-text\">p\u00e9dagogique - master<\/span><\/h2><div class=\"eael-dch-separator-wrap\"><span class=\"separator-one\"><\/span>\n\t\t\t<span class=\"separator-two\"><\/span><\/div>\t\t\t\t\t<span class=\"subtext\"><p>Le programme p\u00e9dagogique du Master en Optom\u00e9trie \u00e0 l\u2019INOOF offre un \u00e9quilibre entre approfondissement scientifique, pratique clinique et d\u00e9veloppement professionnel.<\/p><\/span>\n\t\t\t\t\t\t\t\t\t<span class=\"eael-dch-svg-icon\"><svg aria-hidden=\"true\" class=\"e-font-icon-svg e-fas-caret-down\" viewBox=\"0 0 320 512\" xmlns=\"http:\/\/www.w3.org\/2000\/svg\"><path d=\"M31.3 192h257.3c17.8 0 26.7 21.5 14.1 34.1L174.1 354.8c-7.8 7.8-20.5 7.8-28.3 0L17.2 226.1C4.6 213.5 13.5 192 31.3 192z\"><\/path><\/svg><\/span>\t\t\t\t\t\t\t<\/div>\n\n\t\t\t\t\t\t<\/div>\n\t\t\t\t<\/div>\n\t\t\t\t\t<\/div>\n\t\t\t\t<\/div>\n\t\t<div class=\"elementor-element elementor-element-12a1d6f e-flex e-con-boxed e-con e-parent\" data-id=\"12a1d6f\" data-element_type=\"container\" data-e-type=\"container\">\n\t\t\t\t\t<div class=\"e-con-inner\">\n\t\t\t\t<div class=\"elementor-element elementor-element-0eec523 elementor-widget elementor-widget-html\" data-id=\"0eec523\" data-element_type=\"widget\" data-e-type=\"widget\" data-widget_type=\"html.default\">\n\t\t\t\t<div class=\"elementor-widget-container\">\n\t\t\t\t\t<style>\r\n    .planning-pedagogique {\r\n        font-family: Arial, sans-serif;\r\n        max-width: 900px;\r\n        margin: 0 auto;\r\n        padding: 20px;\r\n        color: #333;\r\n    }\r\n\r\n    .planning-table {\r\n        width: 100%;\r\n        border-collapse: collapse;\r\n        margin-top: 20px;\r\n        box-shadow: 0 4px 8px rgba(0, 0, 0, 0.1);\r\n    }\r\n\r\n    .planning-table th {\r\n        background-color: #0056b3;\r\n        color: white;\r\n        padding: 12px 15px;\r\n        text-align: left;\r\n        font-weight: bold;\r\n        border: 1px solid #004494;\r\n    }\r\n\r\n    .planning-table td {\r\n        background-color: #ffffff;\r\n        padding: 10px 15px;\r\n        border: 1px solid #ddd;\r\n        color: #333;\r\n        vertical-align: top;\r\n    }\r\n\r\n    .planning-table tr:nth-child(even) td {\r\n        background-color: #f0f8ff;\r\n    }\r\n\r\n    .highlight-row td {\r\n        background-color: #e6f7ff !important;\r\n        font-weight: bold;\r\n        color: #0056b3;\r\n    }\r\n\r\n    .note-footer td {\r\n        background-color: #007bff !important;\r\n        color: white !important;\r\n        font-weight: bold;\r\n        text-align: center;\r\n    }\r\n<\/style>\r\n\r\n<div class=\"planning-pedagogique\">\r\n    <table class=\"planning-table\">\r\n        <thead>\r\n            <tr>\r\n                <th>Mois<\/th>\r\n                <th>Date<\/th>\r\n                <th>Activit\u00e9 programm\u00e9e<\/th>\r\n            <\/tr>\r\n        <\/thead>\r\n        <tbody>\r\n            <tr>\r\n                <td>Novembre<\/td>\r\n                <td>09 novembre 2025<\/td>\r\n                <td><strong>D\u00e9but des cours<\/strong><\/td>\r\n            <\/tr>\r\n            <tr>\r\n                <td>Novembre<\/td>\r\n                <td>16 novembre 2025<\/td>\r\n                <td><strong>D\u00e9but des TD<\/strong><\/td>\r\n            <\/tr>\r\n            <tr>\r\n                <td>Novembre<\/td>\r\n                <td>23 novembre 2025<\/td>\r\n                <td><strong>D\u00e9but des TP<\/strong><\/td>\r\n            <\/tr>\r\n            <tr>\r\n                <td>Novembre<\/td>\r\n                <td>30 novembre 2025<\/td>\r\n                <td><\/td>\r\n            <\/tr>\r\n\r\n            <tr>\r\n                <td>D\u00e9cembre<\/td>\r\n                <td>07 d\u00e9cembre 2025<\/td>\r\n                <td><\/td>\r\n            <\/tr>\r\n            <tr>\r\n                <td>D\u00e9cembre<\/td>\r\n                <td>14 d\u00e9cembre 2025<\/td>\r\n                <td><strong>CP de mati\u00e8re<\/strong><\/td>\r\n            <\/tr>\r\n            <tr class=\"highlight-row\">\r\n                <td>D\u00e9cembre<\/td>\r\n                <td>21 d\u00e9cembre 2025<\/td>\r\n                <td><strong>Contr\u00f4les continus : CC1<\/strong><\/td>\r\n            <\/tr>\r\n\r\n            <tr>\r\n                <td colspan=\"3\" class=\"note-footer\">\r\n                    Vacances d\u2019hiver : <strong>Du 26 d\u00e9cembre 2025 au samedi 03 janvier 2026<\/strong>\r\n                <\/td>\r\n            <\/tr>\r\n\r\n            <tr>\r\n                <td>Janvier<\/td>\r\n                <td>04 janvier 2026<\/td>\r\n                <td><\/td>\r\n            <\/tr>\r\n            <tr>\r\n                <td>Janvier<\/td>\r\n                <td>11 janvier 2026<\/td>\r\n                <td><\/td>\r\n            <\/tr>\r\n            <tr class=\"highlight-row\">\r\n                <td>Janvier<\/td>\r\n                <td>18 janvier 2026<\/td>\r\n                <td><strong>Contr\u00f4les continus : CC2<\/strong><\/td>\r\n            <\/tr>\r\n            <tr class=\"highlight-row\">\r\n                <td>Janvier<\/td>\r\n                <td>25 janvier 2026<\/td>\r\n                <td><strong>Comit\u00e9 p\u00e9dagogique<\/strong><\/td>\r\n            <\/tr>\r\n\r\n            <tr class=\"highlight-row\">\r\n                <td>F\u00e9vrier<\/td>\r\n                <td>Du dimanche 01 au jeudi 12 f\u00e9vrier 2026<\/td>\r\n                <td><strong>Examens<\/strong><\/td>\r\n            <\/tr>\r\n        <\/tbody>\r\n        <tfoot>\r\n            <tr>\r\n                <td colspan=\"3\" class=\"note-footer\">\r\n                    D\u00e9but des cours du <strong>S2<\/strong> : le <strong>dimanche 15 f\u00e9vrier 2026<\/strong>\r\n                <\/td>\r\n            <\/tr>\r\n        <\/tfoot>\r\n    <\/table>\r\n<\/div>\r\n\t\t\t\t<\/div>\n\t\t\t\t<\/div>\n\t\t\t\t\t<\/div>\n\t\t\t\t<\/div>\n\t\t\t\t<\/div>\n\t\t","protected":false},"excerpt":{"rendered":"<p>programme p\u00e9dagogique &#8211; master Le programme p\u00e9dagogique du Master en Optom\u00e9trie \u00e0 l\u2019INOOF offre un \u00e9quilibre entre approfondissement scientifique, pratique clinique et d\u00e9veloppement professionnel. Mois Date Activit\u00e9 programm\u00e9e Novembre 09 [&hellip;]<\/p>\n","protected":false},"author":2,"featured_media":0,"parent":0,"menu_order":0,"comment_status":"closed","ping_status":"closed","template":"","meta":{"_eb_attr":"","breadcrumbs_single_post":"","page_title_panel":"","breadcrumbs_single_page":"","single_page_alignment":"","single_page_margin":"","page_structure_type":"","content_style_source":"","content_style":"","blog_post_streched_ed":"","blog_page_streched_ed":"","has_transparent_header":"","disable_transparent_header":"","vertical_spacing_source":"","content_area_spacing":"","single_post_content_background":"","single_page_content_background":"","single_post_boxed_content_spacing":"","single_page_boxed_content_spacing":"","single_post_content_boxed_radius":"","single_page_content_boxed_radius":"","disable_featured_image":"","disable_post_tags":"","disable_author_box":"","disable_posts_navigation":"","disable_comments":"","disable_related_posts":"","disable_header":"","disable_footer":"","footnotes":""},"class_list":["post-4784","page","type-page","status-publish","hentry","rishi-post","no-post-thumbnail"],"yoast_head":"<!-- This site is optimized with the Yoast SEO plugin v27.6 - https:\/\/yoast.com\/product\/yoast-seo-wordpress\/ -->\n<title>Programme p\u00e9dagogique - INOOF<\/title>\n<meta name=\"robots\" content=\"index, follow, max-snippet:-1, max-image-preview:large, max-video-preview:-1\" \/>\n<link rel=\"canonical\" href=\"https:\/\/inoof.edu.dz\/?page_id=4784\" \/>\n<meta property=\"og:locale\" content=\"en_US\" \/>\n<meta property=\"og:type\" content=\"article\" \/>\n<meta property=\"og:title\" content=\"Programme p\u00e9dagogique - INOOF\" \/>\n<meta property=\"og:description\" content=\"programme p\u00e9dagogique &#8211; master Le programme p\u00e9dagogique du Master en Optom\u00e9trie \u00e0 l\u2019INOOF offre un \u00e9quilibre entre approfondissement scientifique, pratique clinique et d\u00e9veloppement professionnel. Mois Date Activit\u00e9 programm\u00e9e Novembre 09 [&hellip;]\" \/>\n<meta property=\"og:url\" content=\"https:\/\/inoof.edu.dz\/?page_id=4784\" \/>\n<meta property=\"og:site_name\" content=\"INOOF\" \/>\n<meta property=\"article:publisher\" content=\"https:\/\/www.facebook.com\/profile.php?id=100070764799497\" \/>\n<meta property=\"article:modified_time\" content=\"2026-01-04T21:56:41+00:00\" \/>\n<meta property=\"og:image\" content=\"https:\/\/inoof.edu.dz\/wp-content\/uploads\/2025\/03\/Design-sans-titre-1-1.png\" \/>\n\t<meta property=\"og:image:width\" content=\"512\" \/>\n\t<meta property=\"og:image:height\" content=\"512\" \/>\n\t<meta property=\"og:image:type\" content=\"image\/png\" \/>\n<meta name=\"twitter:card\" content=\"summary_large_image\" \/>\n<meta name=\"twitter:label1\" content=\"Est. reading time\" \/>\n\t<meta name=\"twitter:data1\" content=\"1 minute\" \/>\n<script type=\"application\/ld+json\" class=\"yoast-schema-graph\">{\"@context\":\"https:\\\/\\\/schema.org\",\"@graph\":[{\"@type\":\"WebPage\",\"@id\":\"https:\\\/\\\/inoof.edu.dz\\\/?page_id=4784\",\"url\":\"https:\\\/\\\/inoof.edu.dz\\\/?page_id=4784\",\"name\":\"Programme p\u00e9dagogique - INOOF\",\"isPartOf\":{\"@id\":\"https:\\\/\\\/inoof.edu.dz\\\/#website\"},\"datePublished\":\"2025-11-12T07:20:26+00:00\",\"dateModified\":\"2026-01-04T21:56:41+00:00\",\"breadcrumb\":{\"@id\":\"https:\\\/\\\/inoof.edu.dz\\\/?page_id=4784#breadcrumb\"},\"inLanguage\":\"en-US\",\"potentialAction\":[{\"@type\":\"ReadAction\",\"target\":[\"https:\\\/\\\/inoof.edu.dz\\\/?page_id=4784\"]}]},{\"@type\":\"BreadcrumbList\",\"@id\":\"https:\\\/\\\/inoof.edu.dz\\\/?page_id=4784#breadcrumb\",\"itemListElement\":[{\"@type\":\"ListItem\",\"position\":1,\"name\":\"Home\",\"item\":\"https:\\\/\\\/inoof.edu.dz\\\/\"},{\"@type\":\"ListItem\",\"position\":2,\"name\":\"Programme p\u00e9dagogique\"}]},{\"@type\":\"WebSite\",\"@id\":\"https:\\\/\\\/inoof.edu.dz\\\/#website\",\"url\":\"https:\\\/\\\/inoof.edu.dz\\\/\",\"name\":\"INOOF\",\"description\":\"\",\"publisher\":{\"@id\":\"https:\\\/\\\/inoof.edu.dz\\\/#organization\"},\"potentialAction\":[{\"@type\":\"SearchAction\",\"target\":{\"@type\":\"EntryPoint\",\"urlTemplate\":\"https:\\\/\\\/inoof.edu.dz\\\/?s={search_term_string}\"},\"query-input\":{\"@type\":\"PropertyValueSpecification\",\"valueRequired\":true,\"valueName\":\"search_term_string\"}}],\"inLanguage\":\"en-US\"},{\"@type\":\"Organization\",\"@id\":\"https:\\\/\\\/inoof.edu.dz\\\/#organization\",\"name\":\"INOOF\",\"url\":\"https:\\\/\\\/inoof.edu.dz\\\/\",\"logo\":{\"@type\":\"ImageObject\",\"inLanguage\":\"en-US\",\"@id\":\"https:\\\/\\\/inoof.edu.dz\\\/#\\\/schema\\\/logo\\\/image\\\/\",\"url\":\"https:\\\/\\\/inoof.edu.dz\\\/new-website\\\/wp-content\\\/uploads\\\/2025\\\/02\\\/inoof-trans-logo.png\",\"contentUrl\":\"https:\\\/\\\/inoof.edu.dz\\\/new-website\\\/wp-content\\\/uploads\\\/2025\\\/02\\\/inoof-trans-logo.png\",\"width\":500,\"height\":199,\"caption\":\"INOOF\"},\"image\":{\"@id\":\"https:\\\/\\\/inoof.edu.dz\\\/#\\\/schema\\\/logo\\\/image\\\/\"},\"sameAs\":[\"https:\\\/\\\/www.facebook.com\\\/profile.php?id=100070764799497\",\"https:\\\/\\\/www.instagram.com\\\/institutinoof\\\/\"]}]}<\/script>\n<!-- \/ Yoast SEO plugin. -->","yoast_head_json":{"title":"Programme p\u00e9dagogique - INOOF","robots":{"index":"index","follow":"follow","max-snippet":"max-snippet:-1","max-image-preview":"max-image-preview:large","max-video-preview":"max-video-preview:-1"},"canonical":"https:\/\/inoof.edu.dz\/?page_id=4784","og_locale":"en_US","og_type":"article","og_title":"Programme p\u00e9dagogique - INOOF","og_description":"programme p\u00e9dagogique &#8211; master Le programme p\u00e9dagogique du Master en Optom\u00e9trie \u00e0 l\u2019INOOF offre un \u00e9quilibre entre approfondissement scientifique, pratique clinique et d\u00e9veloppement professionnel. Mois Date Activit\u00e9 programm\u00e9e Novembre 09 [&hellip;]","og_url":"https:\/\/inoof.edu.dz\/?page_id=4784","og_site_name":"INOOF","article_publisher":"https:\/\/www.facebook.com\/profile.php?id=100070764799497","article_modified_time":"2026-01-04T21:56:41+00:00","og_image":[{"width":512,"height":512,"url":"https:\/\/inoof.edu.dz\/wp-content\/uploads\/2025\/03\/Design-sans-titre-1-1.png","type":"image\/png"}],"twitter_card":"summary_large_image","twitter_misc":{"Est. reading time":"1 minute"},"schema":{"@context":"https:\/\/schema.org","@graph":[{"@type":"WebPage","@id":"https:\/\/inoof.edu.dz\/?page_id=4784","url":"https:\/\/inoof.edu.dz\/?page_id=4784","name":"Programme p\u00e9dagogique - INOOF","isPartOf":{"@id":"https:\/\/inoof.edu.dz\/#website"},"datePublished":"2025-11-12T07:20:26+00:00","dateModified":"2026-01-04T21:56:41+00:00","breadcrumb":{"@id":"https:\/\/inoof.edu.dz\/?page_id=4784#breadcrumb"},"inLanguage":"en-US","potentialAction":[{"@type":"ReadAction","target":["https:\/\/inoof.edu.dz\/?page_id=4784"]}]},{"@type":"BreadcrumbList","@id":"https:\/\/inoof.edu.dz\/?page_id=4784#breadcrumb","itemListElement":[{"@type":"ListItem","position":1,"name":"Home","item":"https:\/\/inoof.edu.dz\/"},{"@type":"ListItem","position":2,"name":"Programme p\u00e9dagogique"}]},{"@type":"WebSite","@id":"https:\/\/inoof.edu.dz\/#website","url":"https:\/\/inoof.edu.dz\/","name":"INOOF","description":"","publisher":{"@id":"https:\/\/inoof.edu.dz\/#organization"},"potentialAction":[{"@type":"SearchAction","target":{"@type":"EntryPoint","urlTemplate":"https:\/\/inoof.edu.dz\/?s={search_term_string}"},"query-input":{"@type":"PropertyValueSpecification","valueRequired":true,"valueName":"search_term_string"}}],"inLanguage":"en-US"},{"@type":"Organization","@id":"https:\/\/inoof.edu.dz\/#organization","name":"INOOF","url":"https:\/\/inoof.edu.dz\/","logo":{"@type":"ImageObject","inLanguage":"en-US","@id":"https:\/\/inoof.edu.dz\/#\/schema\/logo\/image\/","url":"https:\/\/inoof.edu.dz\/new-website\/wp-content\/uploads\/2025\/02\/inoof-trans-logo.png","contentUrl":"https:\/\/inoof.edu.dz\/new-website\/wp-content\/uploads\/2025\/02\/inoof-trans-logo.png","width":500,"height":199,"caption":"INOOF"},"image":{"@id":"https:\/\/inoof.edu.dz\/#\/schema\/logo\/image\/"},"sameAs":["https:\/\/www.facebook.com\/profile.php?id=100070764799497","https:\/\/www.instagram.com\/institutinoof\/"]}]}},"_links":{"self":[{"href":"https:\/\/inoof.edu.dz\/index.php?rest_route=\/wp\/v2\/pages\/4784","targetHints":{"allow":["GET"]}}],"collection":[{"href":"https:\/\/inoof.edu.dz\/index.php?rest_route=\/wp\/v2\/pages"}],"about":[{"href":"https:\/\/inoof.edu.dz\/index.php?rest_route=\/wp\/v2\/types\/page"}],"author":[{"embeddable":true,"href":"https:\/\/inoof.edu.dz\/index.php?rest_route=\/wp\/v2\/users\/2"}],"replies":[{"embeddable":true,"href":"https:\/\/inoof.edu.dz\/index.php?rest_route=%2Fwp%2Fv2%2Fcomments&post=4784"}],"version-history":[{"count":8,"href":"https:\/\/inoof.edu.dz\/index.php?rest_route=\/wp\/v2\/pages\/4784\/revisions"}],"predecessor-version":[{"id":4910,"href":"https:\/\/inoof.edu.dz\/index.php?rest_route=\/wp\/v2\/pages\/4784\/revisions\/4910"}],"wp:attachment":[{"href":"https:\/\/inoof.edu.dz\/index.php?rest_route=%2Fwp%2Fv2%2Fmedia&parent=4784"}],"curies":[{"name":"wp","href":"https:\/\/api.w.org\/{rel}","templated":true}]}}